{"id":78470,"date":"2022-11-21T12:06:24","date_gmt":"2022-11-21T11:06:24","guid":{"rendered":"https:\/\/secureus.se\/produkt\/stromfors-agg-24v-25a\/"},"modified":"2026-04-16T13:08:50","modified_gmt":"2026-04-16T11:08:50","slug":"stromfors-agg-24v-25a","status":"publish","type":"product","link":"https:\/\/secureus.se\/de\/stromfors-agg-24v-25a\/","title":{"rendered":"Stromversorgung Batterie-Backup 24V 3A"},"content":{"rendered":"<p>SM40 ist eine prim\u00e4rgeschaltete Batterie-Backup-Einheit mit 24 V und 3 A und hohem Wirkungsgrad, die sich perfekt f\u00fcr den Betrieb aller Arten von Niederstrominstallationen, Alarmen, Feuer- und Zugangssystemen eignet. Glatte, gut bel\u00fcftete Einheit mit geringen Abmessungen und einfacher und schneller Installation, die \u00fcber ein Batteriefach im Boden und eine Aufh\u00e4ngung mit Schl\u00fcsselloch verf\u00fcgt.<\/p>\n<p>Hinterl\u00e4sst eine gut gefilterte und stabile Ausgangsspannung, die gegen \u00dcberlastung und Kurzschluss gesch\u00fctzt ist.<\/p>\n<p>Ausgestattet mit effizienter 2-Stufen-Ladung, die die Batterien schnell und sicher aufl\u00e4dt.<\/p>\n<p>K\u00f6nnen parallel geschaltet werden, um eine h\u00f6here Ausgangsleistung zu erzielen oder Spannungsabf\u00e4lle in Kabeln auszugleichen.<\/p>\n<p>Netzspannung wird durch eine gr\u00fcne LED auf der Frontseite angezeigt, Fehler durch eine rote LED.<\/p>\n<p>Sind mit einem Alarmrelais f\u00fcr Stromausfallalarme ausgestattet. Netz, Verbraucher und Batterie sind durch Sicherungen gesch\u00fctzt.<\/p>\n<p>Einfach erweiterbar mit Alarmkarten SM102 oder Karten der SPM900-Serie. Eingebauter Schutz gegen Tiefentladung der Batterien.<\/p>\n<p>Batterien sind nicht im Lieferumfang enthalten.<\/p>","protected":false},"excerpt":{"rendered":"<p>Der SM40 ist ein prim\u00e4r geschalteter Batterie-Backup 24V 3A mit hohem Wirkungsgrad, der sich perfekt f\u00fcr den Betrieb aller Arten von Schwachstrominstallationen, Alarmanlagen, Feuer- und Durchgangssystemen eignet und sich durch kleine Abmessungen auszeichnet<\/p>","protected":false},"featured_media":142459,"template":"","meta":{"_acf_changed":false},"product_brand":[],"product_cat":[2721],"product_tag":[2183,3197],"class_list":{"0":"post-78470","1":"product","2":"type-product","3":"status-publish","4":"has-post-thumbnail","6":"product_cat-batteribackuper","7":"product_tag-backup-0-6-a","8":"product_tag-backup-24v","9":"product_shipping_class-tunga-paket","10":"pa_brands-swansons","11":"tm-no-options","13":"first","14":"instock","15":"sale","16":"featured","17":"taxable","18":"shipping-taxable","19":"purchasable","20":"product-type-simple"},"acf":[],"_links":{"self":[{"href":"https:\/\/secureus.se\/de\/wp-json\/wp\/v2\/product\/78470","targetHints":{"allow":["GET"]}}],"collection":[{"href":"https:\/\/secureus.se\/de\/wp-json\/wp\/v2\/product"}],"about":[{"href":"https:\/\/secureus.se\/de\/wp-json\/wp\/v2\/types\/product"}],"wp:featuredmedia":[{"embeddable":true,"href":"https:\/\/secureus.se\/de\/wp-json\/wp\/v2\/media\/142459"}],"wp:attachment":[{"href":"https:\/\/secureus.se\/de\/wp-json\/wp\/v2\/media?parent=78470"}],"wp:term":[{"taxonomy":"product_brand","embeddable":true,"href":"https:\/\/secureus.se\/de\/wp-json\/wp\/v2\/product_brand?post=78470"},{"taxonomy":"product_cat","embeddable":true,"href":"https:\/\/secureus.se\/de\/wp-json\/wp\/v2\/product_cat?post=78470"},{"taxonomy":"product_tag","embeddable":true,"href":"https:\/\/secureus.se\/de\/wp-json\/wp\/v2\/product_tag?post=78470"}],"curies":[{"name":"wp","href":"https:\/\/api.w.org\/{rel}","templated":true}]}}