{"id":79571,"date":"2022-03-10T15:40:00","date_gmt":"2022-03-10T14:40:00","guid":{"rendered":"https:\/\/secureus.se\/produkt\/abloy-karmoverforing-ea281-512-mm\/"},"modified":"2026-04-01T13:00:54","modified_gmt":"2026-04-01T11:00:54","slug":"abloy-karmoverforing-ea281-512-mm","status":"publish","type":"product","link":"https:\/\/secureus.se\/de\/abloy-karmoverforing-ea281-512-mm\/","title":{"rendered":"Rahmen\u00fcbertragung EA281 512 mm - Assa Abloy"},"content":{"rendered":"<p>Abloy EA281 ist ein versenkter Kabel\u00fcbergang, der die \u00dcbertragung von Kabeln zwischen T\u00fcr und Rahmen sch\u00fctzt.<\/p>\n<p>Der gr\u00f6\u00dfte Kabeldurchmesser betr\u00e4gt \u00d8 7,5 mm.<\/p>\n<p>Zur Erh\u00f6hung der Funktionssicherheit m\u00fcssen mehradrige Softkabel verwendet werden.<\/p>\n<p>Runde Ecken f\u00fcr vereinfachtes maschinelles Fr\u00e4sen.<\/p>\n<p>EA 281 \u2013 Die Standardvariante, einsetzbar in allen T\u00fcren bis 180\u00b0 \u00d6ffnungswinkel.<\/p>","protected":false},"excerpt":{"rendered":"<p>Abloy EA281 ist ein versenkter Kabel\u00fcbergang, der die \u00dcbertragung von Kabeln zwischen T\u00fcr und Rahmen sch\u00fctzt. Der gr\u00f6\u00dfte Kabeldurchmesser betr\u00e4gt \u00d8 7,5 mm. Zur Erh\u00f6hung der Funktionssicherheit m\u00fcssen mehradrige Softkabel verwendet werden. Auch runde Ecken<\/p>","protected":false},"featured_media":159172,"template":"","meta":{"_acf_changed":false},"product_brand":[],"product_cat":[2429,2834],"product_tag":[2299,2417,2421],"class_list":{"0":"post-79571","1":"product","2":"type-product","3":"status-publish","4":"has-post-thumbnail","6":"product_cat-ellas","7":"product_cat-ellas-motorlastillbehor","8":"product_tag-ellas-tillbehor-anslutningskabel","9":"product_tag-rel-abloy-ellas","10":"product_tag-rel-installationstillbehor","11":"pa_brands-abloy","12":"tm-no-options","14":"first","15":"instock","16":"sale","17":"featured","18":"taxable","19":"shipping-taxable","20":"purchasable","21":"product-type-simple"},"acf":[],"_links":{"self":[{"href":"https:\/\/secureus.se\/de\/wp-json\/wp\/v2\/product\/79571","targetHints":{"allow":["GET"]}}],"collection":[{"href":"https:\/\/secureus.se\/de\/wp-json\/wp\/v2\/product"}],"about":[{"href":"https:\/\/secureus.se\/de\/wp-json\/wp\/v2\/types\/product"}],"wp:featuredmedia":[{"embeddable":true,"href":"https:\/\/secureus.se\/de\/wp-json\/wp\/v2\/media\/159172"}],"wp:attachment":[{"href":"https:\/\/secureus.se\/de\/wp-json\/wp\/v2\/media?parent=79571"}],"wp:term":[{"taxonomy":"product_brand","embeddable":true,"href":"https:\/\/secureus.se\/de\/wp-json\/wp\/v2\/product_brand?post=79571"},{"taxonomy":"product_cat","embeddable":true,"href":"https:\/\/secureus.se\/de\/wp-json\/wp\/v2\/product_cat?post=79571"},{"taxonomy":"product_tag","embeddable":true,"href":"https:\/\/secureus.se\/de\/wp-json\/wp\/v2\/product_tag?post=79571"}],"curies":[{"name":"wp","href":"https:\/\/api.w.org\/{rel}","templated":true}]}}