{"id":79601,"date":"2022-03-10T15:40:00","date_gmt":"2022-03-10T14:40:00","guid":{"rendered":"https:\/\/secureus.se\/produkt\/abloy-el480-split-funktion-29-mm\/"},"modified":"2025-12-31T19:43:15","modified_gmt":"2025-12-31T18:43:15","slug":"abloy-el480-split-funktion-29-mm","status":"publish","type":"product","link":"https:\/\/secureus.se\/de\/abloy-el480-split-funktion-29-mm\/","title":{"rendered":"Abloy EL480 Split-Funktion 29 mm"},"content":{"rendered":"<h3>Einsatzgebiet<\/h3>\n<p>Das elektrische Druckschloss EL480 ist ein f\u00fcr Hochfrequenzt\u00fcren angepasstes Multifunktionsschloss in schmaler Profilbauweise.<\/p>\n<p>Geeignet als Tages- und Innenverriegelung in Gewerbe, B\u00fcro und Industrie oder in Eing\u00e4ngen und \u00f6ffentlichen Bereichen in Mehrfamilienh\u00e4usern. ABLOY EL480 kann in der Brandzellenbegrenzung eingesetzt werden.<\/p>\n<h3>Eigenschaften<\/h3>\n<p>\u2022 Verriegelter Druckabfall. Das Schloss kann immer mit einem Zylinder\/Knauf bedient werden<\/p>\n<p>\u2022 Multifunktional<\/p>\n<p>\u2013 12\u201324 VDC, stabil<\/p>\n<p>\u2013 Einfach umschaltbare Vorw\u00e4rts-\/R\u00fcckw\u00e4rtsfunktion<\/p>\n<p>\u2013 leicht umschaltbare elektrisch\/mechanisch bet\u00e4tigte Seite<\/p>\n<p>2 Mikroschalter<\/p>\n<p>\u2013 Verriegelung (T\u00fcrposition)<\/p>\n<p>\u2013 Gepresste Bewegung 29 oder 35 mm Dorntiefe<\/p>\n<p>Alle Kabel sind mit Steckverbindern f\u00fcr eine einfache Installation mit Verbindungskabel EA220 ausgestattet. Vollst\u00e4ndig angepasst an ASSA ABLOY-Steckdosenst\u00e4nder<\/p>\n<h3>Funktion<\/h3>\n<p>EL480 mit Split-Funktion<\/p>\n<p>\u2013 Au\u00dfendruck elektrisch betrieben<\/p>\n<p>- Der Druck im Inneren \u00f6ffnet das Schloss immer mechanisch<\/p>\n<h3>Technische Daten<\/h3>\n<p>\u2022 Stromverbrauch max. 350mA<\/p>\n<p>\u2022 Ruhe 120 mA<\/p>\n<p>\u2022 Mikroschalter einpolig schaltend max. 30 VDC, 400 mA<\/p>","protected":false},"excerpt":{"rendered":"<p>Einsatzgebiet Das elektrische Druckschloss EL480 ist ein f\u00fcr Hochfrequenzt\u00fcren angepasstes Multifunktionsschloss in schmaler Profilbauweise. Geeignet als Tages- und Innenverriegelung in Gewerbe, B\u00fcro und Industrie oder in Eingangsbereichen und \u00f6ffentlichen Bereichen<\/p>","protected":false},"featured_media":145602,"template":"","meta":{"_acf_changed":false},"product_brand":[],"product_cat":[2429],"product_tag":[2931,2289,2417],"class_list":{"0":"post-79601","1":"product","2":"type-product","3":"status-publish","4":"has-post-thumbnail","6":"product_cat-ellas","7":"product_tag-abloy-el480","8":"product_tag-ellas-split-spindle","9":"product_tag-rel-abloy-ellas","10":"product_shipping_class-tunga-paket","11":"pa_brands-abloy","12":"tm-no-options","14":"first","15":"instock","16":"sale","17":"featured","18":"taxable","19":"shipping-taxable","20":"purchasable","21":"product-type-simple"},"acf":[],"_links":{"self":[{"href":"https:\/\/secureus.se\/de\/wp-json\/wp\/v2\/product\/79601","targetHints":{"allow":["GET"]}}],"collection":[{"href":"https:\/\/secureus.se\/de\/wp-json\/wp\/v2\/product"}],"about":[{"href":"https:\/\/secureus.se\/de\/wp-json\/wp\/v2\/types\/product"}],"wp:featuredmedia":[{"embeddable":true,"href":"https:\/\/secureus.se\/de\/wp-json\/wp\/v2\/media\/145602"}],"wp:attachment":[{"href":"https:\/\/secureus.se\/de\/wp-json\/wp\/v2\/media?parent=79601"}],"wp:term":[{"taxonomy":"product_brand","embeddable":true,"href":"https:\/\/secureus.se\/de\/wp-json\/wp\/v2\/product_brand?post=79601"},{"taxonomy":"product_cat","embeddable":true,"href":"https:\/\/secureus.se\/de\/wp-json\/wp\/v2\/product_cat?post=79601"},{"taxonomy":"product_tag","embeddable":true,"href":"https:\/\/secureus.se\/de\/wp-json\/wp\/v2\/product_tag?post=79601"}],"curies":[{"name":"wp","href":"https:\/\/api.w.org\/{rel}","templated":true}]}}