{"id":79602,"date":"2022-03-10T15:40:00","date_gmt":"2022-03-10T14:40:00","guid":{"rendered":"https:\/\/secureus.se\/produkt\/abloy-solenoidlas-el502-rattvand\/"},"modified":"2026-04-01T13:02:02","modified_gmt":"2026-04-01T11:02:02","slug":"abloy-solenoidlas-el502-rattvand","status":"publish","type":"product","link":"https:\/\/secureus.se\/de\/abloy-solenoidlas-el502-rattvand\/","title":{"rendered":"Abloy Magnetschloss EL502 Nach rechts gerichtet"},"content":{"rendered":"<p>Das Magnetschloss EL502 ist f\u00fcr Hochfrequenzt\u00fcren mit modularen Aussparungen geeignet. Das Schloss eignet sich gut als Tages- und Innenverriegelung in Gewerbe, B\u00fcro und Industrie oder in Eing\u00e4ngen und \u00f6ffentlichen Bereichen in Mehrfamilienh\u00e4usern. Geeignet f\u00fcr die Montage zusammen mit der T\u00fcrautomatik. EL502 darf NICHT als Brandschutzfunktion an der Brandzellengrenze verwendet werden und darf NICHT dem Streifendruck ausgesetzt werden. Rechtsgerichtete Funktion. Die Verriegelung wird mit elektrischer Steuerung oder mit einem Zylinder\/Knopf aufgehoben. Wenn die Verriegelung gel\u00f6st ist, kann die T\u00fcr durch Ziehen\/Schieben ge\u00f6ffnet werden. Die Doppelfunktionskoffer sind nicht versenkbar, sondern zusammenklappbar.<br \/>\nSpannung: 12 \u2013 24 VDC (-10% +15%)<br \/>\nStromaufnahme bei 24 VDC: Ruhe 0 mA, Betrieb 110 mA, Start 270 mA (Start &lt;0,1 s)<br \/>\nTemperaturbereich: -20 bis +60\u00b0C<br \/>\n\u00dcberstand des Drop-Lineals: 14 mm<br \/>\nDorntiefe: 50 mm<br \/>\nPfosten: 22 mm<br \/>\nEndplatte: LP711<br \/>\nAnschlusskabel: EA220<br \/>\nT\u00fcrspalt: 3 \u2013 5 mm<\/p>\n<p>Artikelnummer des Lieferanten: 1005020000<\/p>","protected":false},"excerpt":{"rendered":"<p>Das Magnetschloss EL502 ist f\u00fcr Hochfrequenzt\u00fcren mit modularen Aussparungen geeignet. Das Schloss eignet sich gut als Tages- und Innenverriegelung in Gewerbe, B\u00fcro und Industrie oder in Eing\u00e4ngen und \u00f6ffentlichen Bereichen in Mehrfamilienh\u00e4usern.<\/p>","protected":false},"featured_media":140894,"template":"","meta":{"_acf_changed":false},"product_brand":[],"product_cat":[2429],"product_tag":[2930,2287,2417],"class_list":{"0":"post-79602","1":"product","2":"type-product","3":"status-publish","4":"has-post-thumbnail","6":"product_cat-ellas","7":"product_tag-abloy-el502","8":"product_tag-ellas-solenoidlas","9":"product_tag-rel-abloy-ellas","10":"product_shipping_class-tunga-paket","11":"pa_brands-abloy","12":"tm-no-options","14":"first","15":"instock","16":"sale","17":"featured","18":"taxable","19":"shipping-taxable","20":"purchasable","21":"product-type-simple"},"acf":[],"_links":{"self":[{"href":"https:\/\/secureus.se\/de\/wp-json\/wp\/v2\/product\/79602","targetHints":{"allow":["GET"]}}],"collection":[{"href":"https:\/\/secureus.se\/de\/wp-json\/wp\/v2\/product"}],"about":[{"href":"https:\/\/secureus.se\/de\/wp-json\/wp\/v2\/types\/product"}],"wp:featuredmedia":[{"embeddable":true,"href":"https:\/\/secureus.se\/de\/wp-json\/wp\/v2\/media\/140894"}],"wp:attachment":[{"href":"https:\/\/secureus.se\/de\/wp-json\/wp\/v2\/media?parent=79602"}],"wp:term":[{"taxonomy":"product_brand","embeddable":true,"href":"https:\/\/secureus.se\/de\/wp-json\/wp\/v2\/product_brand?post=79602"},{"taxonomy":"product_cat","embeddable":true,"href":"https:\/\/secureus.se\/de\/wp-json\/wp\/v2\/product_cat?post=79602"},{"taxonomy":"product_tag","embeddable":true,"href":"https:\/\/secureus.se\/de\/wp-json\/wp\/v2\/product_tag?post=79602"}],"curies":[{"name":"wp","href":"https:\/\/api.w.org\/{rel}","templated":true}]}}