{"id":80828,"date":"2023-06-19T10:00:25","date_gmt":"2023-06-19T08:00:25","guid":{"rendered":"https:\/\/secureus.se\/produkt\/neo-communicator-ethernet-tl280-2\/"},"modified":"2025-12-31T20:48:18","modified_gmt":"2025-12-31T19:48:18","slug":"dsc-communicator-tl280","status":"publish","type":"product","link":"https:\/\/secureus.se\/de\/dsc-communicator-tl280\/","title":{"rendered":"DSC-Kommunikator Ethernet TL280"},"content":{"rendered":"<p><strong>Sichere und flexible \u00dcberwachung mit dem DSC Communicator TL280:<\/strong> Der DSC Communicator TL280 wurde entwickelt, um eine robuste und zuverl\u00e4ssige IP-Kommunikation mit dem Neo-Alarmsystem bereitzustellen.<\/p>\n<p>Es erm\u00f6glicht die Fernprogrammierung und ist f\u00fcr eine erh\u00f6hte Benutzerfreundlichkeit mit mobilen Anwendungen kompatibel.<\/p>\n<p><strong>Funktionen und Vorteile:<\/strong><\/p>\n<ul>\n<li><strong>Volle Unterst\u00fctzung f\u00fcr DLS-Fernprogrammierung:<\/strong> Erm\u00f6glicht Installateuren die einfache Neuprogrammierung des Systems aus der Ferne.<\/li>\n<li><strong>Alarmformate verwalten:<\/strong> Unterst\u00fctzt sowohl SIA- als auch Contact-ID-Alarmformate f\u00fcr Flexibilit\u00e4t.<\/li>\n<li><strong>Bild\u00fcbertragung:<\/strong> Unterst\u00fctzt Neo-Kameradetektoren f\u00fcr eine sichere Bild\u00fcbertragung an die Alarmzentrale.<\/li>\n<li><strong>Alarmklasse 2:<\/strong> Zertifiziert mit SBSC-Zertifikat.<\/li>\n<\/ul>\n<p><strong>Innovative Technologie f\u00fcr h\u00f6chste Sicherheit:<\/strong> PowerSeries Neo kombiniert das Beste aus kabelgebundener und kabelloser Technologie und bietet so eine umfassende Sicherheitsl\u00f6sung. Mit der Unterst\u00fctzung von bis zu 128 Zonen und 8 Partitionen erm\u00f6glicht es ma\u00dfgeschneiderte Sicherheitsl\u00f6sungen f\u00fcr verschiedene Bereiche des Hauses oder Unternehmens.<\/p>\n<p><strong>Spezifikationen:<\/strong><\/p>\n<ul>\n<li><strong>Stromverbrauch:<\/strong> 100mA.<\/li>\n<li><strong>Montage:<\/strong> Einfache Montage im Hauptgeh\u00e4use der Steuereinheit mit Schnellkupplung.<\/li>\n<li><strong>Umfeld:<\/strong> Entwickelt f\u00fcr den Betrieb in einem Temperaturbereich von 5\u00b0 bis 40\u00b0 C.<\/li>\n<\/ul>","protected":false},"excerpt":{"rendered":"<p>Der DSC Communicator TL280 ist ein integrierter Alarmsender f\u00fcr die IP-Kommunikation \u00fcber eine feste Netzwerkverbindung zum Neo-Alarmsystem.<\/p>\n<p>Es unterst\u00fctzt die DLS-Fernprogrammierung und verarbeitet die Alarmformate SIA und Contact ID.<\/p>\n<p>Mit mobiler App-Unterst\u00fctzung (Connect Alarm) und Kamera-Detektorfunktionen zur Bild\u00fcbertragung an die Alarmzentrale bietet der TL280 eine zuverl\u00e4ssige Sicherheitsl\u00f6sung.<\/p>","protected":false},"featured_media":141188,"template":"","meta":{"_acf_changed":false},"product_brand":[],"product_cat":[3320,1322],"product_tag":[3311,3024],"class_list":{"0":"post-80828","1":"product","2":"type-product","3":"status-publish","4":"has-post-thumbnail","6":"product_cat-larmsandare-dsc-larm-neo-power-hybridlarm","7":"product_cat-dsc-larm-neo-power-hybridlarm","8":"product_tag-dsc-neo-svensk-manual","9":"product_tag-neo-gsm-ip-4g-larmsandare","10":"product_shipping_class-postnord-varubrev","11":"pa_brands-4dsc","12":"tm-has-options","14":"first","15":"instock","16":"sale","17":"featured","18":"taxable","19":"shipping-taxable","20":"purchasable","21":"product-type-simple"},"acf":[],"_links":{"self":[{"href":"https:\/\/secureus.se\/de\/wp-json\/wp\/v2\/product\/80828","targetHints":{"allow":["GET"]}}],"collection":[{"href":"https:\/\/secureus.se\/de\/wp-json\/wp\/v2\/product"}],"about":[{"href":"https:\/\/secureus.se\/de\/wp-json\/wp\/v2\/types\/product"}],"wp:featuredmedia":[{"embeddable":true,"href":"https:\/\/secureus.se\/de\/wp-json\/wp\/v2\/media\/141188"}],"wp:attachment":[{"href":"https:\/\/secureus.se\/de\/wp-json\/wp\/v2\/media?parent=80828"}],"wp:term":[{"taxonomy":"product_brand","embeddable":true,"href":"https:\/\/secureus.se\/de\/wp-json\/wp\/v2\/product_brand?post=80828"},{"taxonomy":"product_cat","embeddable":true,"href":"https:\/\/secureus.se\/de\/wp-json\/wp\/v2\/product_cat?post=80828"},{"taxonomy":"product_tag","embeddable":true,"href":"https:\/\/secureus.se\/de\/wp-json\/wp\/v2\/product_tag?post=80828"}],"curies":[{"name":"wp","href":"https:\/\/api.w.org\/{rel}","templated":true}]}}