{"id":81604,"date":"2023-03-17T10:37:01","date_gmt":"2023-03-17T09:37:01","guid":{"rendered":"https:\/\/secureus.se\/produkt\/monteringsfaste-ridadetektor-utomhus-vit\/"},"modified":"2026-03-09T17:41:32","modified_gmt":"2026-03-09T16:41:32","slug":"ajax-smart-bracket-dualcurtain-vit","status":"publish","type":"product","link":"https:\/\/secureus.se\/de\/ajax-smart-bracket-dualcurtain-vit\/","title":{"rendered":"Ajax Smart Bracket Ersatzteil Montagehalterung Vorhangdetektor Au\u00dfen Wei\u00df"},"content":{"rendered":"<div class=\"flex-1 overflow-hidden\">\n<div class=\"h-full\">\n<div class=\"react-scroll-to-bottom--css-lsyet-79elbk h-full\">\n<div class=\"react-scroll-to-bottom--css-lsyet-1n7m0yu\">\n<div class=\"flex flex-col text-sm md:pb-9\">\n<article class=\"w-full scroll-mb-[var(--thread-trailing-height)] text-token-text-primary focus-visible:outline-2 focus-visible:outline-offset-[-4px]\" dir=\"auto\" data-testid=\"conversation-turn-425\" data-scroll-anchor=\"true\">\n<div class=\"m-auto text-base py-[18px] px-3 md:px-4 w-full md:px-5 lg:px-4 xl:px-5\">\n<div class=\"mx-auto flex flex-1 gap-4 text-base md:gap-5 lg:gap-6 md:max-w-3xl lg:max-w-[40rem] xl:max-w-[48rem]\">\n<div class=\"group\/conversation-turn relative flex w-full min-w-0 flex-col agent-turn\">\n<div class=\"flex-col gap-1 md:gap-3\">\n<div class=\"flex max-w-full flex-col flex-grow\">\n<div class=\"min-h-8 text-message flex w-full flex-col items-end gap-2 whitespace-normal break-words [.text-message+&amp;]:mt-5\" dir=\"auto\" data-message-author-role=\"assistant\" data-message-id=\"0b3a25a6-5246-4a68-b6a4-7c472415df4b\" data-message-model-slug=\"gpt-4o-mini\">\n<div class=\"flex w-full flex-col gap-1 empty:hidden first:pt-[3px]\">\n<div class=\"markdown prose w-full break-words dark:prose-invert light\">\n<h3><strong>Ajax Smart Bracket Monteringsf\u00e4ste Rid\u00e5detektor Utomhus Vit<\/strong> \u00e4r en smart l\u00f6sning f\u00f6r att enkelt och effektivt installera Ajax rid\u00e5detektorer utomhus.<\/h3>\n<p>Designat f\u00f6r att s\u00e4kerst\u00e4lla stabil prestanda \u00e4ven i tuffa milj\u00f6er, ger detta f\u00e4ste dig friheten att placera detektorerna p\u00e5 de mest optimala st\u00e4llena, antingen p\u00e5 vertikala ytor eller i ett h\u00f6rn.<\/p>\n<p><strong>Installationsprocessen<\/strong><br \/>\nF\u00f6r att installera <strong>Ajax Smart Bracket Monteringsf\u00e4ste Rid\u00e5detektor Utomhus Vit<\/strong> f\u00f6ljer du en enkel process.<\/p>\n<p>B\u00f6rja med att ta bort monteringspanelen fr\u00e5n detektorn. D\u00e4refter f\u00e4ster du Smart Bracket-panelen p\u00e5 den valda ytan, vilket kan vara en vertikal yta eller ett h\u00f6rn av rummet, antingen med dubbelh\u00e4ftande tejp eller andra tillf\u00e4lliga f\u00e4sten.<\/p>\n<p>Den rekommenderade installationsh\u00f6jden \u00e4r 2,4 meter f\u00f6r b\u00e4sta detektionsresultat.<\/p>\n<p>Efter installationen k\u00f6r du ett <strong>signalstyrketest<\/strong> f\u00f6r att kontrollera om kommunikationen mellan detektorn och Ajax-systemet \u00e4r stabil.<\/p>\n<p>Om signalstyrkan \u00e4r f\u00f6r l\u00e5g, flytta enheten n\u00e5got f\u00f6r att f\u00f6rb\u00e4ttra signalmottagningen.<\/p>\n<p>Vid behov kan <strong>ReX 2 radiosignalavst\u00e5ndsf\u00f6rl\u00e4ngare<\/strong> anv\u00e4ndas f\u00f6r att st\u00e4rka signalen.<\/p>\n<p><strong>Kontrollera Detektionszoner och Testa Prestanda<\/strong><br \/>\nF\u00f6r att s\u00e4kerst\u00e4lla att din Ajax detektor fungerar optimalt, k\u00f6r ett <strong>detektionszontest<\/strong>.<\/p>\n<p>F\u00f6r detta g\u00f6r du en r\u00f6relsetest genom att g\u00e5 runt i rummet och observera detektorns lysdiod.<\/p>\n<p><strong>Ajax Smart Bracket Monteringsf\u00e4ste Rid\u00e5detektor Utomhus Vit<\/strong> erbjuder en detektionszon p\u00e5 upp till 12 meter, och det \u00e4r viktigt att kontrollera att detektorn reagerar p\u00e5 r\u00f6relse i alla testfall.<\/p>\n<p>Om den inte reagerar korrekt, flytta enheten f\u00f6r att f\u00e5 b\u00e4sta prestanda.<\/p>\n<p><strong>Robust och L\u00e5ngvarig Installation<\/strong><br \/>\nN\u00e4r det \u00e4r dags att f\u00e4sta panelen, anv\u00e4nd de medf\u00f6ljande skruvarna f\u00f6r att s\u00e4kerst\u00e4lla att f\u00e4stpunkterna \u00e4r ordentligt installerade.<\/p>\n<p><strong>Ajax Smart Bracket Monteringsf\u00e4ste Rid\u00e5detektor Utomhus Vit<\/strong> \u00e4r designat med perforerade h\u00e5l f\u00f6r enkel och s\u00e4ker installation.<\/p>\n<p>Detta f\u00e4ste garanterar att detektorn \u00e4r stabilt monterad och ger p\u00e5litlig prestanda \u00e4ven under l\u00e4ngre perioder.<\/p>\n<p><strong>Kompatibilitet och Flexibilitet<\/strong><br \/>\nSmart Bracket monteringsf\u00e4ste \u00e4r kompatibelt med Ajax <strong>Jeweller<\/strong> och <strong>Wings<\/strong> protokollen och s\u00e4kerst\u00e4ller att din detektor \u00e4r korrekt ansluten till ditt Ajax-larmsystem.<\/p>\n<p>Detta f\u00e4ste har \u00e4ven f\u00f6rm\u00e5gan att justera detektorens position f\u00f6r att uppn\u00e5 b\u00e4sta m\u00f6jliga signalstyrka och detektionsomr\u00e5de.<\/p>\n<p><strong>F\u00f6rdelar med Ajax Larm<\/strong><br \/>\nAjax larmsystem erbjuder en tillf\u00f6rlitlig och h\u00f6gkvalitativ s\u00e4kerhetsl\u00f6sning f\u00f6r b\u00e5de hem och f\u00f6retag.<\/p>\n<p>Systemet \u00e4r enkelt att installera, mycket anpassningsbart och kan l\u00e4tt integreras med andra s\u00e4kerhetskomponenter som r\u00f6relsedetektorer, kameror och f\u00f6nster-\/d\u00f6rrsensorer.<\/p>\n<p>Dessutom kan du enkelt \u00f6vervaka och kontrollera systemet via Ajax-appen fr\u00e5n vilken plats som helst i v\u00e4rlden.<\/p>\n<p><strong>Specifikationer<\/strong>:<\/p>\n<ul>\n<li><strong>Kompatibilitet<\/strong>: Ajax Jeweller och Wings protokoll<\/li>\n<li><strong>Montering<\/strong>: Vertikal yta eller h\u00f6rn<\/li>\n<li><strong>Installationsh\u00f6jd<\/strong>: 2,4 meter<\/li>\n<li><strong>Signalstyrka<\/strong>: Justerbar f\u00f6r b\u00e4sta kommunikation<\/li>\n<li><strong>Maximal Detektionsr\u00e4ckvidd<\/strong>: 12 meter<\/li>\n<li><strong>Material<\/strong>: Plast (vit)<\/li>\n<\/ul>\n<p><strong>F\u00f6rpackningen Inneh\u00e5ller<\/strong>:<\/p>\n<ul>\n<li>1 x Ajax Smart Bracket Monteringsf\u00e4ste Rid\u00e5detektor Utomhus Vit<\/li>\n<li>Skruvar f\u00f6r installation<\/li>\n<li>Snabbstartsguide<\/li>\n<\/ul>\n<p><strong>Slutsats<\/strong>:<br \/>\nMed <strong>Ajax Smart Bracket Monteringsf\u00e4ste Rid\u00e5detektor Utomhus Vit<\/strong> f\u00e5r du en enkel och s\u00e4ker l\u00f6sning f\u00f6r att installera Ajax rid\u00e5detektorer utomhus.<\/p>\n<p>Detta monteringsf\u00e4ste g\u00f6r installationen snabb och effektiv, samtidigt som det garanterar maximal stabilitet och l\u00e5ngvarig p\u00e5litlighet.<\/p>\n<p>Med sin anv\u00e4ndarv\u00e4nliga design och flexibilitet f\u00f6r anpassning till olika ytor, \u00e4r detta f\u00e4ste en viktig komponent f\u00f6r att optimera s\u00e4kerheten i ditt system.<\/p>\n<\/div>\n<\/div>\n<\/div>\n<\/div>\n<\/div>\n<\/div>\n<\/div>\n<\/div>\n<\/article>\n<\/div>\n<\/div>\n<\/div>\n<\/div>\n<\/div>\n","protected":false},"excerpt":{"rendered":"<p>Ajax Smart Bracket Montagehalterung Curtain Detector Outdoor White ist die optimale L\u00f6sung f\u00fcr die Installation von Ajax Vorhangdetektoren im Freien.<\/p>\n<p>Diese Montagehalterung garantiert eine stabile Signalst\u00e4rke und eine sichere Installation, sowohl vertikal als auch in Ecken.<\/p>","protected":false},"featured_media":0,"template":"","meta":{"_acf_changed":false},"product_brand":[],"product_cat":[3128],"product_tag":[4863],"class_list":{"0":"post-81604","1":"product","2":"type-product","3":"status-publish","5":"product_cat-ajax-reservdelar-fasten","6":"product_tag-pf","7":"product_shipping_class-postnord-varubrev","8":"pa_brands-ajax-systems","9":"pa_color-vit","10":"pa_farg-vit","11":"tm-no-options","13":"first","14":"instock","15":"sale","16":"featured","17":"taxable","18":"shipping-taxable","19":"purchasable","20":"product-type-simple"},"acf":[],"_links":{"self":[{"href":"https:\/\/secureus.se\/de\/wp-json\/wp\/v2\/product\/81604","targetHints":{"allow":["GET"]}}],"collection":[{"href":"https:\/\/secureus.se\/de\/wp-json\/wp\/v2\/product"}],"about":[{"href":"https:\/\/secureus.se\/de\/wp-json\/wp\/v2\/types\/product"}],"wp:attachment":[{"href":"https:\/\/secureus.se\/de\/wp-json\/wp\/v2\/media?parent=81604"}],"wp:term":[{"taxonomy":"product_brand","embeddable":true,"href":"https:\/\/secureus.se\/de\/wp-json\/wp\/v2\/product_brand?post=81604"},{"taxonomy":"product_cat","embeddable":true,"href":"https:\/\/secureus.se\/de\/wp-json\/wp\/v2\/product_cat?post=81604"},{"taxonomy":"product_tag","embeddable":true,"href":"https:\/\/secureus.se\/de\/wp-json\/wp\/v2\/product_tag?post=81604"}],"curies":[{"name":"wp","href":"https:\/\/api.w.org\/{rel}","templated":true}]}}