{"id":81627,"date":"2022-11-28T12:53:46","date_gmt":"2022-11-28T11:53:46","guid":{"rendered":"https:\/\/secureus.se\/produkt\/monteringsfaste-manoverpanel-desfire-svart\/"},"modified":"2026-03-10T11:01:04","modified_gmt":"2026-03-10T10:01:04","slug":"ajax-smart-bracket-faste-manoverpanel-desfire-svart","status":"publish","type":"product","link":"https:\/\/secureus.se\/de\/ajax-smart-bracket-faste-manoverpanel-desfire-svart\/","title":{"rendered":"Ajax Smart Bracket Ersatzteil Montagehalterung \/ Zubeh\u00f6r Bedienfeld DESFire schwarz"},"content":{"rendered":"<h3><strong>Ajax Smart Bracket Montagehalterung f\u00fcr Bedienfeld DESFire \u2013 einfache und stabile Installation Ihres Bedienfelds<\/strong><\/h3>\n<p>Ajax Smart Bracket-Montagehalterung f\u00fcr Bedienfeld DESFire ist eine effiziente und zuverl\u00e4ssige L\u00f6sung, um Ihr Ajax-Bedienfeld schnell und sicher zu installieren.<\/p>\n<p>Das Bedienfeld ist eine Schl\u00fcsselkomponente des Ajax-Sicherheitssystems und dient zur Steuerung und \u00dcberwachung Ihres Alarms.<\/p>\n<p>Um eine optimale Leistung dieses Ger\u00e4ts zu gew\u00e4hrleisten, ist es entscheidend, dass es am richtigen Ort montiert wird, und die Smart Bracket macht die Installation sowohl einfach als auch langlebig.<\/p>\n<p><strong>Reibungslose Installation und flexible Platzierung<\/strong><\/p>\n<p>Die Smart Bracket-Montagehalterung wurde entwickelt, um die Installation Ihrer DESFire-Zentrale schnell und einfach zu gestalten.<\/p>\n<p>Die Halterung kann auf einer vertikalen Fl\u00e4che oder in einer Ecke installiert werden, sodass Sie die Platzierung je nach Ihrer spezifischen Sicherheitsl\u00f6sung anpassen k\u00f6nnen.<\/p>\n<p>Die empfohlene Installationsh\u00f6he betr\u00e4gt 2,4 Meter f\u00fcr beste Zug\u00e4nglichkeit und Sicht.<\/p>\n<p>Um die Halterung zu installieren, entfernen Sie die vorinstallierte Halterungsplatte vom Bedienfeld und befestigen Sie die Smart Bracket-Platte mit doppelseitigem Klebeband oder Schrauben an der ausgew\u00e4hlten Oberfl\u00e4che, um eine dauerhaftere Installation zu gew\u00e4hrleisten.<\/p>\n<p>Sobald die Halterung angebracht ist, k\u00f6nnen Sie die Position des Bedienfelds schnell und einfach anpassen, um sicherzustellen, dass das Signal zwischen dem Bedienfeld und dem Ajax-System-Hub stark und stabil ist.<\/p>\n<p>Wenn die Signalst\u00e4rke nach der Installation niedrig oder instabil ist, k\u00f6nnen Sie das Panel anpassen oder einen ReX 2-Funksignal-Range-Extender verwenden, um die Reichweite zu verbessern.<\/p>\n<p><strong>Optimieren Sie Leistung und Sicherheit<\/strong><\/p>\n<p>Um sicherzustellen, dass Ihr Ajax-Sicherheitssystem optimal funktioniert, ist es wichtig, dass das Bedienfeld richtig montiert und positioniert ist.<\/p>\n<p>Die Smart Bracket-Montagehalterung bietet eine sichere L\u00f6sung, die es Ihrem Bedienfeld DESFire erm\u00f6glicht, auf h\u00f6chstem Niveau zu funktionieren.<\/p>\n<p>Die stabile Installation verhindert, dass das Panel w\u00e4hrend des Betriebs besch\u00e4digt wird oder Signale verloren gehen, und sorgt so f\u00fcr ein zuverl\u00e4ssiges und sicheres Benutzererlebnis.<\/p>\n<p>Die Halterung erm\u00f6glicht au\u00dferdem die Schaffung einer individuellen Sicherheitsl\u00f6sung, indem das Bedienfeld ganz einfach an der am besten geeigneten Stelle in Ihrem Zuhause oder Unternehmen platziert wird.<\/p>\n<p>Durch die Optimierung von Installation und Signalst\u00e4rke holen Sie das Beste aus Ihrem Sicherheitssystem heraus und bieten einen hochwertigen Schutz f\u00fcr Ihr Eigentum.<\/p>\n<p><strong>Kompatibilit\u00e4t und Anpassung f\u00fcr alle Installationen<\/strong><\/p>\n<p>Die Smart Bracket-Bedienfeldmontagehalterung DESFire ist mit allen Ajax-Bedienfeldern kompatibel und bietet eine flexible L\u00f6sung f\u00fcr die Installation neuer Systeme und Upgrades.<\/p>\n<p>Unabh\u00e4ngig davon, ob Sie ein brandneues Sicherheitssystem installieren oder ein altes Panel ersetzen, sorgt diese Halterung f\u00fcr eine stabile und sichere Installation.<\/p>\n<p>Die Halterung eignet sich sowohl f\u00fcr Wohn- als auch f\u00fcr Gewerbeumgebungen und erm\u00f6glicht Benutzern die Erstellung einer individuellen Installation, die ihren Sicherheitsanforderungen am besten entspricht.<\/p>\n<p>Die Installation kann ohne Fachkenntnisse schnell und einfach durchgef\u00fchrt werden und ist somit eine ideale L\u00f6sung f\u00fcr Profis und Heimwerker gleicherma\u00dfen.<\/p>\n<p><strong>Robustes Design und einfache Bedienung<\/strong><\/p>\n<p>Die Smart Bracket-Montagehalterung besteht aus langlebigen Materialien, die sowohl Belastungen als auch einer langfristigen Nutzung standhalten.<\/p>\n<p>Dar\u00fcber hinaus ist es resistent gegen Besch\u00e4digungen und \u00e4u\u00dfere Belastungen, was es zu einer zuverl\u00e4ssigen L\u00f6sung sowohl f\u00fcr den Innen- als auch f\u00fcr den Au\u00dfenbereich macht.<\/p>\n<p>Mit der Ajax-Anwendung k\u00f6nnen Sie die Signalst\u00e4rke einfach \u00fcberpr\u00fcfen und testen und bei Bedarf die Position des Bedienfelds anpassen, um die Leistung des Systems zu optimieren.<\/p>\n<p><strong>Spezifikationen:<\/strong><\/p>\n<ul>\n<li><strong>Art des Zubeh\u00f6rs:<\/strong> Montagehalterung f\u00fcr Ajax-Bedienfeld DESFire<\/li>\n<li><strong>Einbauh\u00f6he:<\/strong> Empfohlen 2,4 Meter<\/li>\n<li><strong>Installationsmethode:<\/strong> Zur Befestigung an vertikalen Fl\u00e4chen oder Ecken<\/li>\n<li><strong>Material:<\/strong> Langlebig und wetterfest<\/li>\n<li><strong>Kompatibilit\u00e4t:<\/strong> Passend f\u00fcr Ajax-Bedienfelder DESFire<\/li>\n<li><strong>Signalst\u00e4rketest:<\/strong> Ja, \u00fcber die Ajax-Anwendung<\/li>\n<li><strong>Befestigungselemente:<\/strong> Inklusive Schrauben und der M\u00f6glichkeit, andere Befestigungselemente zu verwenden<\/li>\n<\/ul>\n<p><strong>Abschluss:<\/strong><\/p>\n<p>Die Ajax Smart Bracket-Montagehalterung f\u00fcr das Bedienfeld DESFire ist eine zuverl\u00e4ssige und einfache L\u00f6sung, um Ihr Bedienfeld zu installieren und sicherzustellen, dass Ihr Sicherheitssystem optimal funktioniert.<\/p>\n<p>Mit ihrer langlebigen Konstruktion, Flexibilit\u00e4t und Benutzerfreundlichkeit bietet diese Halterung eine stabile Basis f\u00fcr die effektive \u00dcberwachung und Steuerung Ihres Ajax-Alarms.<\/p>\n<p>&nbsp;<\/p>","protected":false},"excerpt":{"rendered":"<p>Ajax Smart Bracket-Montagehalterung f\u00fcr Bedienfeld DESFire erm\u00f6glicht eine einfache und sichere Installation Ihres Ajax-Bedienfelds.<\/p>\n<p>Die Halterung gew\u00e4hrleistet eine stabile Platzierung f\u00fcr beste Funktionalit\u00e4t und einfachen Zugang zum Sicherheitssystem.<\/p>","protected":false},"featured_media":0,"template":"","meta":{"_acf_changed":false},"product_brand":[],"product_cat":[3128],"product_tag":[],"class_list":{"0":"post-81627","1":"product","2":"type-product","3":"status-publish","5":"product_cat-ajax-reservdelar-fasten","6":"product_shipping_class-postnord-varubrev","7":"pa_brands-ajax-systems","8":"pa_color-svart","9":"pa_farg-svart","10":"tm-no-options","12":"first","13":"instock","14":"sale","15":"featured","16":"taxable","17":"shipping-taxable","18":"purchasable","19":"product-type-simple"},"acf":[],"_links":{"self":[{"href":"https:\/\/secureus.se\/de\/wp-json\/wp\/v2\/product\/81627","targetHints":{"allow":["GET"]}}],"collection":[{"href":"https:\/\/secureus.se\/de\/wp-json\/wp\/v2\/product"}],"about":[{"href":"https:\/\/secureus.se\/de\/wp-json\/wp\/v2\/types\/product"}],"wp:attachment":[{"href":"https:\/\/secureus.se\/de\/wp-json\/wp\/v2\/media?parent=81627"}],"wp:term":[{"taxonomy":"product_brand","embeddable":true,"href":"https:\/\/secureus.se\/de\/wp-json\/wp\/v2\/product_brand?post=81627"},{"taxonomy":"product_cat","embeddable":true,"href":"https:\/\/secureus.se\/de\/wp-json\/wp\/v2\/product_cat?post=81627"},{"taxonomy":"product_tag","embeddable":true,"href":"https:\/\/secureus.se\/de\/wp-json\/wp\/v2\/product_tag?post=81627"}],"curies":[{"name":"wp","href":"https:\/\/api.w.org\/{rel}","templated":true}]}}