{"id":81642,"date":"2022-12-27T14:34:56","date_gmt":"2022-12-27T13:34:56","guid":{"rendered":"https:\/\/secureus.se\/produkt\/ajax-hub2-centralapparat-lan-4g-vit\/"},"modified":"2026-04-22T05:05:45","modified_gmt":"2026-04-22T03:05:45","slug":"ajax-hub-2-4g-vit","status":"publish","type":"product","link":"https:\/\/secureus.se\/de\/ajax-hub-2-4g-vit\/","title":{"rendered":"Ajax Hub 2 Wei\u00dfe Zentraleinheit (4G + Ethernet)"},"content":{"rendered":"<h3><strong>Ajax Hub 2 4G \u2013 Der neue Standard f\u00fcr Sicherheit<\/strong><\/h3>\n<p>Ajax Hub 2 4G ist die neueste Innovation von Ajax Systems und stellt einen neuen Standard f\u00fcr Sicherheit und Zuverl\u00e4ssigkeit dar. Es ist eine zentrale Einheit des Sicherheitssystems und verbindet drahtlose Ajax-Ger\u00e4te \u00fcber LAN und 4G.<\/p>\n<p>Der Hub eignet sich sowohl f\u00fcr Privathaushalte als auch f\u00fcr kleine Unternehmen und bietet eine leistungsstarke L\u00f6sung zum Schutz von Eigentum und Wertsachen.<\/p>\n<p><strong>Kommunikation \u00fcber LAN und 4G<\/strong><\/p>\n<p>Ajax Hub 2 4G bietet sowohl LAN-Verbindung als auch 4G LTE (FDD B1\/B3\/B5\/B7\/B8\/B20), um eine zuverl\u00e4ssige und flexible Kommunikation zu gew\u00e4hrleisten.<\/p>\n<p>Durch die Verbindung mit Ihrem Router oder dem Internet \u00fcber ein Netzwerkkabel und die Aktivierung von 4G erhalten Sie eine sichere und schnelle Alarm\u00fcbertragung, sodass das System auch dann funktioniert, wenn Ihre Internetverbindung ausf\u00e4llt.<\/p>\n<p>Durch die M\u00f6glichkeit der doppelt angeschlossenen Kommunikation erhalten Sie ein hohes Ma\u00df an Sicherheit und Redundanz.<\/p>\n<p><strong>Funkreichweite und Kompatibilit\u00e4t<\/strong><\/p>\n<p>Mit einer Funkreichweite von bis zu 2000 Metern im freien Gel\u00e4nde ist der Ajax Hub 2 4G f\u00fcr die Abdeckung gro\u00dfer Gebiete ger\u00fcstet, ohne dass zus\u00e4tzliche Hardware erforderlich ist.<\/p>\n<p>Dar\u00fcber hinaus k\u00f6nnen Sie bis zu f\u00fcnf Repeater wie ReX und ReX2 anschlie\u00dfen und so die Reichweite auf bis zu 35 km\u00b2 erweitern.<\/p>\n<p>Dadurch eignet sich das System sowohl f\u00fcr kleine als auch gro\u00dfe Installationen, egal ob es sich um ein Eigenheim, ein Unternehmen oder eine gr\u00f6\u00dfere Immobilie handelt.<\/p>\n<p><strong>Kameraverwaltung und Streaming<\/strong><\/p>\n<p>Ajax Hub 2 4G verf\u00fcgt \u00fcber eine integrierte Funktion zur Verwaltung von Ajax-IR-Kameras und kann bei einem Alarm eine Reihe von Bildern senden.<\/p>\n<p>Diese Bilder werden nur im Alarmfall geliefert und dienen dem Benutzer zur visuellen Verifizierung des Ereignisses. Dar\u00fcber hinaus kann das System bis zu 25 Kameras oder NVRs beliebter Marken wie Ezviz und Hikvision streamen.<\/p>\n<p>Dies gew\u00e4hrleistet vollst\u00e4ndige \u00dcberwachung und Sicherheit und bietet dem Benutzer gleichzeitig eine schnelle und zuverl\u00e4ssige Methode zur Kontrolle der Situation.<\/p>\n<p><strong>Szenarien und Automatisierung<\/strong><\/p>\n<p>Eine der n\u00fctzlichsten Funktionen des Ajax Hub 2 4G ist die M\u00f6glichkeit, automatisierte Szenarien zu erstellen.<\/p>\n<p>Sie k\u00f6nnen das System beispielsweise so programmieren, dass es im Alarmfall oder nach einem Zeitplan das Licht einschaltet oder die Wasserversorgung abschaltet, um \u00dcberschwemmungen zu verhindern.<\/p>\n<p>Es ist auch m\u00f6glich, einen Angriffs- oder Smart-Button zu verwenden, um Aktionen per Knopfdruck auszul\u00f6sen, wie zum Beispiel das Einschalten des Lichts oder das \u00d6ffnen des Garagentors.<\/p>\n<p><strong>Benutzer, Ger\u00e4te und Gruppen<\/strong><\/p>\n<p>Ajax Hub 2 4G kann bis zu 50 Benutzer verwalten und bis zu 100 Ger\u00e4te verbinden.<\/p>\n<p>Dadurch eignet es sich sowohl f\u00fcr private als auch f\u00fcr gewerbliche Nutzer.<\/p>\n<p>Sie k\u00f6nnen bis zu 9 Bereiche oder Gruppen erstellen, um eine bessere Orientierung und Verwaltung der Sicherheit zu erm\u00f6glichen, indem Sie beispielsweise verschiedene R\u00e4ume und Gruppen einrichten, um zu sehen, wo Alarme auftreten, beispielsweise in \u201eBadezimmer 2\u201c oder \u201eZweiter Stock\u201c.<\/p>\n<p><strong>Stromversorgung und Batterie-Backup<\/strong><\/p>\n<p>Ajax Hub 2 4G wird mit einem Li-Ion 2Ah-Akku geliefert, der eine Batteriesicherung von bis zu 16 Stunden bietet.<\/p>\n<p>Dadurch kann das System auch bei einem Stromausfall weiterarbeiten und gew\u00e4hrleistet so eine kontinuierliche Sicherheit.<\/p>\n<p>Das Netzteil ist mit 110-240 V, 50\/60 Hz kompatibel und somit weltweit einsetzbar.<\/p>\n<p><strong>Spezifikationen:<\/strong><\/p>\n<ul>\n<li><strong>Funkreichweite:<\/strong> Bis zu 2000 Meter im freien Gel\u00e4nde (je nach angeschlossenem Produkt)<\/li>\n<li><strong>Kamera-Streaming:<\/strong> Bis zu 25 Kameras oder NVRs<\/li>\n<li><strong>SIM-Karte:<\/strong> 2 \u00d7 Micro-SIM (2G, 3G, 4G LTE)<\/li>\n<li><strong>Batterie-Backup:<\/strong> Bis zu 16 Stunden<\/li>\n<li><strong>Temperaturbereich:<\/strong> -10\u00b0C bis +40\u00b0C<\/li>\n<li><strong>IP-Klasse:<\/strong> IP50<\/li>\n<li><strong>Einheiten:<\/strong> Bis zu 100 Einheiten<\/li>\n<li><strong>Benutzer:<\/strong> Bis zu 50 Benutzer<\/li>\n<li><strong>Bereiche\/Gruppen:<\/strong> 9 Bereiche<\/li>\n<li><strong>Stromversorgung:<\/strong> 110-240 V, 50\/60 Hz<\/li>\n<li><strong>Gr\u00f6\u00dfe:<\/strong> 163 \u00d7 163 \u00d7 36 mm<\/li>\n<li><strong>Gewicht:<\/strong> 350 g<\/li>\n<\/ul>\n<p><strong>Inhalt des Pakets:<\/strong><\/p>\n<ul>\n<li>Ajax Hub 2 4G<\/li>\n<li>Stromkabel<\/li>\n<li>Netzwerkkabel<\/li>\n<li>Backup-Batterie<\/li>\n<li>Benutzerhandbuch<\/li>\n<\/ul>\n<p><strong>Abschluss:<\/strong><\/p>\n<p>Ajax Hub 2 4G bietet eine zuverl\u00e4ssige und flexible Sicherheitsl\u00f6sung sowohl f\u00fcr Privathaushalte als auch f\u00fcr kleine Unternehmen.<\/p>\n<p>Mit seiner Funkreichweite, Kamera-Streaming und der M\u00f6glichkeit, benutzerdefinierte Szenarien zu erstellen, bietet diese Zentraleinheit sowohl hohe Leistung als auch Benutzerfreundlichkeit.<\/p>\n<p>Es ist eine ideale L\u00f6sung f\u00fcr diejenigen, die ein fortschrittliches Sicherheitssystem mit Redundanz sowohl \u00fcber LAN als auch 4G suchen.<\/p>","protected":false},"excerpt":{"rendered":"<p>Der Ajax Hub 2 4G ist eine Sicherheitssystem-Zentraleinheit, die sowohl LAN als auch 4G nutzt, um eine Verbindung zu drahtlosen Ajax-Ger\u00e4ten herzustellen.<\/p>\n<p>Es verf\u00fcgt \u00fcber eine Funkreichweite von bis zu 2000 Metern und kann im Alarmfall bis zu 25 Kameras f\u00fcr Streaming und Bild\u00fcbertragung verwalten.<\/p>","protected":false},"featured_media":152095,"template":"","meta":{"_acf_changed":false},"product_brand":[],"product_cat":[3154,1319],"product_tag":[3127,2137,4863],"class_list":{"0":"post-81642","1":"product","2":"type-product","3":"status-publish","4":"has-post-thumbnail","6":"product_cat-centralenheter","7":"product_cat-ajax-larm","8":"product_tag-kontrollprodukt","9":"product_tag-lager-ajax","10":"product_tag-pf","11":"product_shipping_class-tunga-paket","12":"pa_brands-ajax-systems","13":"pa_color-vit","14":"pa_farg-vit","15":"tm-no-options","17":"first","18":"instock","19":"sale","20":"featured","21":"taxable","22":"shipping-taxable","23":"purchasable","24":"product-type-simple"},"acf":[],"_links":{"self":[{"href":"https:\/\/secureus.se\/de\/wp-json\/wp\/v2\/product\/81642","targetHints":{"allow":["GET"]}}],"collection":[{"href":"https:\/\/secureus.se\/de\/wp-json\/wp\/v2\/product"}],"about":[{"href":"https:\/\/secureus.se\/de\/wp-json\/wp\/v2\/types\/product"}],"wp:featuredmedia":[{"embeddable":true,"href":"https:\/\/secureus.se\/de\/wp-json\/wp\/v2\/media\/152095"}],"wp:attachment":[{"href":"https:\/\/secureus.se\/de\/wp-json\/wp\/v2\/media?parent=81642"}],"wp:term":[{"taxonomy":"product_brand","embeddable":true,"href":"https:\/\/secureus.se\/de\/wp-json\/wp\/v2\/product_brand?post=81642"},{"taxonomy":"product_cat","embeddable":true,"href":"https:\/\/secureus.se\/de\/wp-json\/wp\/v2\/product_cat?post=81642"},{"taxonomy":"product_tag","embeddable":true,"href":"https:\/\/secureus.se\/de\/wp-json\/wp\/v2\/product_tag?post=81642"}],"curies":[{"name":"wp","href":"https:\/\/api.w.org\/{rel}","templated":true}]}}