{"id":81644,"date":"2022-11-28T11:05:31","date_gmt":"2022-11-28T10:05:31","guid":{"rendered":"https:\/\/secureus.se\/produkt\/ajax-hub2plus-centralapparat-med-ethernet-lan-samt-wifi-och-4g-svart\/"},"modified":"2026-03-28T12:17:30","modified_gmt":"2026-03-28T11:17:30","slug":"ajax-hub-2-plus-eth-wifi-svart","status":"publish","type":"product","link":"https:\/\/secureus.se\/de\/ajax-hub-2-plus-eth-wifi-svart\/","title":{"rendered":"Ajax Hub 2 Plus Schwarz \u2013 Zentraleinheit (4G, WLAN, Ethernet)"},"content":{"rendered":"<h3><strong>Ajax Hub 2 Plus WiFi 4G<\/strong> ist die neueste Innovation von Ajax Systems und die perfekte Wahl f\u00fcr alle, die ein leistungsstarkes und zuverl\u00e4ssiges Sicherheitszentrum f\u00fcr ihr Zuhause oder ihr Unternehmen suchen.<\/h3>\n<p>Diese Zentraleinheit ist mit leistungsstarken Funktionen ausgestattet, die sie zu einem unverzichtbaren Bestandteil Ihres Sicherheitssystems machen.<\/p>\n<p><strong>Drahtlose Reichweite und Konnektivit\u00e4t<\/strong><br \/>\nMit einer beeindruckenden Funkreichweite von bis zu 2000 Metern kann der Ajax Hub 2 Plus effektiv mit allen angeschlossenen Ger\u00e4ten kommunizieren, selbst wenn diese sich auf mehreren Etagen oder in separaten Geb\u00e4uden befinden.<\/p>\n<p>Das Ger\u00e4t kann mit bis zu f\u00fcnf ReX-Einheiten (Repeater) verbunden werden, um sicherzustellen, dass das Signal weit und breit reicht. Damit ist Hub 2 Plus die optimale Wahl sowohl f\u00fcr Wohn- als auch f\u00fcr gr\u00f6\u00dfere Gewerbeimmobilien.<\/p>\n<p><strong>Kameraintegration und \u00dcberwachung<\/strong><br \/>\nNeben der Verwaltung von Sicherheitsger\u00e4ten wie Bewegungsmeldern und T\u00fcrsensoren kann der Hub 2 Plus auch Kameras und NVRs (Network Video Recorder) verschiedener Hersteller wie Ezviz und Hikvision integrieren.<\/p>\n<p>Sie k\u00f6nnen bis zu 100 Kameras gleichzeitig verwalten und im Alarmfall sofort Schnappsch\u00fcsse machen. Diese Funktion bietet hohe Flexibilit\u00e4t und erm\u00f6glicht Ihnen die einfache \u00dcberwachung Ihres Bereichs.<\/p>\n<p><strong>Stabile Kommunikation und Sicherheit<\/strong><br \/>\nAjax Hub 2 Plus nutzt Ajax Unique <strong>Juwelier<\/strong> Und <strong>Fl\u00fcgel<\/strong> Funkkommunikationsprotokoll, das eine schnelle und sichere Kommunikation zwischen allen Ger\u00e4ten im System gew\u00e4hrleistet.<\/p>\n<p>Dar\u00fcber hinaus sorgt <strong>OS Malewitsch<\/strong>, dem Echtzeitbetriebssystem, dass das Ger\u00e4t stabil, immun gegen Viren und gesch\u00fctzt vor Cyberangriffen ist.<\/p>\n<p>Das Betriebssystem erm\u00f6glicht au\u00dferdem Over-the-Air-Updates, sodass Ihr System aktuell und sicher bleibt.<\/p>\n<p><strong>Fern\u00fcberwachung und Automatisierung<\/strong><br \/>\nMit <strong>Ajax-Sicherheit<\/strong> Und <strong>Ajax PRO<\/strong> Mit den Apps k\u00f6nnen Sie das gesamte System ganz einfach \u00fcber Ihr Smartphone oder Ihren Computer \u00fcberwachen und konfigurieren.<\/p>\n<p>Das System erm\u00f6glicht die Automatisierung von Sicherheitsma\u00dfnahmen <strong>Szenarien<\/strong>, zum Beispiel das Einschalten des Lichts oder das Abschalten der Wasserversorgung im Alarmfall, wodurch Sie die Sicherheit an Ihre Bed\u00fcrfnisse anpassen k\u00f6nnen.<\/p>\n<p><strong>Ununterbrochener Schutz mit Backup<\/strong><br \/>\nDer Hub 2 Plus verf\u00fcgt \u00fcber eine integrierte <strong>Backup-Batterie<\/strong> von 3 Ah, was bedeutet, dass es auch bei einem Stromausfall weiterarbeitet.<\/p>\n<p>Dadurch wird sichergestellt, dass Ihr System rund um die Uhr gesch\u00fctzt ist. Bei Sabotageversuchen werden Sie \u00fcber die App sofort gewarnt und erhalten eine Benachrichtigung \u00fcber den Vorfall.<\/p>\n<p><strong>Technische Spezifikationen<\/strong>:<\/p>\n<ul>\n<li><strong>Kommunikation<\/strong>: LAN, WLAN, 4G<\/li>\n<li><strong>Drahtlose Reichweite<\/strong>: Bis zu 2000 Meter<\/li>\n<li><strong>Benutzer<\/strong>: Bis zu 200<\/li>\n<li><strong>Einheiten<\/strong>: Bis zu 200<\/li>\n<li><strong>Kamera-Streaming<\/strong>: Bis zu 100 Kameras oder NVRs\n<div><\/div>\n<\/li>\n<li><strong>Szenarien<\/strong>: Bis zu 64<\/li>\n<li><strong>Alarmprotokoll<\/strong>: Sur-Gard (Kontakt-ID), SIA (DC-09)<\/li>\n<li><strong>SIM-Karte<\/strong>: 2 St\u00fcck (2G, 3G, 4G)<\/li>\n<li><strong>Stromversorgung<\/strong>: 110-240 V, 50\/60 Hz<\/li>\n<li><strong>Backup-Batterie<\/strong>: Li-Ion 3Ah, bis zu 16 Stunden<\/li>\n<li><strong>Temperaturbereich und Luftfeuchtigkeit<\/strong>: -10\u00b0C bis +40\u00b0C, 75%<\/li>\n<li><strong>IP-Schutzart<\/strong>: IP50<\/li>\n<\/ul>\n<p><strong>Das Paket enth\u00e4lt<\/strong>:<\/p>\n<ul>\n<li>Hub 2 Plus<\/li>\n<li>Stromkabel<\/li>\n<li>Netzwerkkabel<\/li>\n<li>Backup-Batterie<\/li>\n<\/ul>\n<p><strong>Vielseitige Verbindung<br \/>\n<\/strong>Hub 2 Plus unterst\u00fctzt die Verbindung \u00fcber LAN, WLAN und 4G, was f\u00fcr Flexibilit\u00e4t und Zuverl\u00e4ssigkeit bei der Kommunikation mit der Au\u00dfenwelt sorgt. Sie k\u00f6nnen es mit verschiedenen Internetanbietern verbinden und eine st\u00e4ndige Kommunikation gew\u00e4hrleisten.<\/p>\n<p><strong>Schnelle Alarm\u00fcberpr\u00fcfung mit Foto<br \/>\n<\/strong>Im Alarmfall kann der Hub 2 Plus in nur 9 Sekunden eine Reihe von Bildern von MotionCam-Meldern senden. Dies gibt Ihnen die M\u00f6glichkeit, die Situation schnell einzusch\u00e4tzen und korrekte Informationen an die \u00dcberwachungszentrale weiterzuleiten.<\/p>\n<p><strong>Super einfache Installation<br \/>\n<\/strong>Um diesen fortschrittlichen Alarm zu installieren und beispiellose Sicherheit zu genie\u00dfen, laden Sie die Ajax Systems-App herunter und scannen Sie die QR-Codes auf den Ger\u00e4ten. Mit dem Hub 2 Plus \u00fcbernehmen Sie die Kontrolle \u00fcber Ihre Sicherheit, egal wo Sie sich befinden, und erhalten eine sofortige Alarm\u00fcberpr\u00fcfung mit beeindruckender Geschwindigkeit und Pr\u00e4zision.<\/p>","protected":false},"excerpt":{"rendered":"<p>Der Ajax Hub 2 Plus WiFi Ethernet und 4G ist die fortschrittliche Zentraleinheit f\u00fcr Ihr Sicherheitssystem und bietet eine hervorragende drahtlose Reichweite, Kameraintegration und unterbrechungsfreie Kommunikation \u2013 ideal f\u00fcr Zuhause und f\u00fcr Unternehmen.<\/p>","protected":false},"featured_media":152109,"template":"","meta":{"_acf_changed":false},"product_brand":[],"product_cat":[3154,1319],"product_tag":[3127,2137,4863],"class_list":{"0":"post-81644","1":"product","2":"type-product","3":"status-publish","4":"has-post-thumbnail","6":"product_cat-centralenheter","7":"product_cat-ajax-larm","8":"product_tag-kontrollprodukt","9":"product_tag-lager-ajax","10":"product_tag-pf","11":"product_shipping_class-postnord-varubrev","12":"pa_brands-ajax-systems","13":"pa_color-svart","14":"pa_farg-svart","15":"tm-no-options","17":"first","18":"instock","19":"sale","20":"featured","21":"taxable","22":"shipping-taxable","23":"purchasable","24":"product-type-simple"},"acf":[],"_links":{"self":[{"href":"https:\/\/secureus.se\/de\/wp-json\/wp\/v2\/product\/81644","targetHints":{"allow":["GET"]}}],"collection":[{"href":"https:\/\/secureus.se\/de\/wp-json\/wp\/v2\/product"}],"about":[{"href":"https:\/\/secureus.se\/de\/wp-json\/wp\/v2\/types\/product"}],"wp:featuredmedia":[{"embeddable":true,"href":"https:\/\/secureus.se\/de\/wp-json\/wp\/v2\/media\/152109"}],"wp:attachment":[{"href":"https:\/\/secureus.se\/de\/wp-json\/wp\/v2\/media?parent=81644"}],"wp:term":[{"taxonomy":"product_brand","embeddable":true,"href":"https:\/\/secureus.se\/de\/wp-json\/wp\/v2\/product_brand?post=81644"},{"taxonomy":"product_cat","embeddable":true,"href":"https:\/\/secureus.se\/de\/wp-json\/wp\/v2\/product_cat?post=81644"},{"taxonomy":"product_tag","embeddable":true,"href":"https:\/\/secureus.se\/de\/wp-json\/wp\/v2\/product_tag?post=81644"}],"curies":[{"name":"wp","href":"https:\/\/api.w.org\/{rel}","templated":true}]}}