{"id":81655,"date":"2022-12-27T14:19:51","date_gmt":"2022-12-27T13:19:51","guid":{"rendered":"https:\/\/secureus.se\/?post_type=product&#038;p=81655"},"modified":"2026-04-30T15:48:13","modified_gmt":"2026-04-30T13:48:13","slug":"ajax-motionprotect-outdoor","status":"publish","type":"product","link":"https:\/\/secureus.se\/de\/ajax-motionprotect-outdoor\/","title":{"rendered":"Ajax MotionProtect Outdoor IR-Detektor \u2013 Au\u00dfenbereich \u2013 IP55"},"content":{"rendered":"<h3><strong>Sch\u00fctzen Sie Ihren Au\u00dfenbereich mit Ajax MotionProtect Outdoor<\/strong><\/h3>\n<p>Um eine wirksame Sicherheit f\u00fcr Ihr Zuhause oder Ihr Unternehmen zu gew\u00e4hrleisten, ist es wichtig, die Au\u00dfenbereiche vor Einbruch zu sch\u00fctzen.<\/p>\n<p>Ajax MotionProtect Outdoor ist die perfekte L\u00f6sung f\u00fcr die Aufrechterhaltung eines hohen Sicherheitsniveaus im Freien, mit fortschrittlicher Technologie und Design, das eine zuverl\u00e4ssige Bewegungserkennung ohne Fehlalarme gew\u00e4hrleistet.<\/p>\n<p><strong>Zweistufiger Algorithmus f\u00fcr die Fehlalarm-Technologie<\/strong><\/p>\n<p>Eine der gr\u00f6\u00dften Herausforderungen beim Einsatz von Bewegungsmeldern im Au\u00dfenbereich besteht darin, zwischen echten Bedrohungen und Fehlalarmen unterscheiden zu k\u00f6nnen.<\/p>\n<p>Um dieses Problem zu l\u00f6sen, hat Ajax MotionProtect Outdoor einen einzigartigen zweistufigen Algorithmus entwickelt, der zwei PIR-Sensoren und LISA (Signalanalysealgorithmus) verwendet, um Fehlalarme genau zu analysieren und herauszufiltern.<\/p>\n<p>Dadurch wird sichergestellt, dass Sie nur dann Benachrichtigungen erhalten, wenn tats\u00e4chlich eine Bedrohung vorliegt, beispielsweise wenn ein Eindringling anwesend ist.<\/p>\n<p><strong>Intelligente Anti-Masking- und Manipulationserkennung<\/strong><\/p>\n<p>Um zu verhindern, dass das Ger\u00e4t manipuliert oder blockiert wird, ist Ajax MotionProtect Outdoor mit einem intelligenten Anti-Masking-System ausgestattet.<\/p>\n<p>Dieses System erkennt, wenn jemand versucht, den Sensor abzudecken oder auf andere Weise in seinen Betrieb einzugreifen. Kommt es zu einer solchen Manipulation, sendet das Ger\u00e4t sofort einen Alarm, sodass Sie schnell Ma\u00dfnahmen zum Schutz Ihres Eigentums ergreifen k\u00f6nnen.<\/p>\n<p><strong>Immunit\u00e4t und adaptive Empfindlichkeit von Haustieren<\/strong><\/p>\n<p>MotionProtect Outdoor ist au\u00dferdem mit einer Haustierimmunit\u00e4t ausgestattet, was bedeutet, dass das Ger\u00e4t nicht durch kleine Tiere ausgel\u00f6st wird, die sich auf Ihrem Grundst\u00fcck bewegen.<\/p>\n<p>Das Ger\u00e4t verf\u00fcgt \u00fcber eine einstellbare Empfindlichkeit mit drei Stufen, die angepasst werden k\u00f6nnen, um die Erkennung entsprechend Ihren spezifischen Bed\u00fcrfnissen und Ihrer Umgebung zu optimieren. Der Bewegungserkennungsabstand kann zwischen 3 und 15 Metern eingestellt werden, sodass Sie gro\u00dfe Bereiche effektiv abdecken k\u00f6nnen.<\/p>\n<p><strong>Lange Akkulaufzeit und einfache Installation<\/strong><\/p>\n<p>Ein weiterer gro\u00dfer Vorteil von Ajax MotionProtect Outdoor ist die lange Akkulaufzeit. Das Ger\u00e4t verwendet zwei vorinstallierte CR123A-Batterien, die bis zu 5 Jahre halten k\u00f6nnen, sodass Sie es jederzeit einstellen k\u00f6nnen, ohne die Batterien h\u00e4ufig wechseln zu m\u00fcssen.<\/p>\n<p>Mit der SmartBracket-Montageplatte ist die Installation schnell und einfach. Durch Scannen des QR-Codes mit der Ajax-App k\u00f6nnen Sie Ihren Detektor schnell in Betrieb nehmen.<\/p>\n<p><strong>Hochwertige Kommunikation mit Ajax Hub<\/strong><\/p>\n<p>Mithilfe des Jeweler-Funkprotokolls sorgt MotionProtect Outdoor f\u00fcr eine stabile Kommunikation mit dem Ajax Hub.<\/p>\n<p>Die Funkreichweite betr\u00e4gt im freien Gel\u00e4nde bis zu 1700 Meter, wodurch es m\u00f6glich ist, den Melder auch in entlegenen Teilen Ihres Grundst\u00fccks zu installieren, ohne die Verbindung zu verlieren.<\/p>\n<p>Alarme werden in weniger als 0,15 Sekunden \u00fcbermittelt und gew\u00e4hrleisten so eine schnelle Reaktion auf Einbr\u00fcche.<\/p>\n<p><strong>Wetterfestes und langlebiges Design<\/strong><\/p>\n<p>Ajax MotionProtect Outdoor ist so konzipiert, dass es allen Wetterbedingungen standh\u00e4lt, von extremer K\u00e4lte bis Hitze.<\/p>\n<p>Es funktioniert bei Temperaturen zwischen -25 \u00b0C und +60 \u00b0C und verf\u00fcgt \u00fcber die Schutzart IP55, die vor Staub und Spritzwasser sch\u00fctzt.<\/p>\n<p>Dadurch eignet es sich perfekt f\u00fcr den Einsatz im Freien, egal ob es ein regnerischer Tag oder eine sonnige Hitzewelle ist.<\/p>\n<p><strong>Technische Spezifikationen:<\/strong><\/p>\n<ul>\n<li><strong>Art des Detektors:<\/strong> Funk-Bewegungsmelder f\u00fcr den Au\u00dfenbereich<\/li>\n<li><strong>Sensoren:<\/strong> Zwei PIR-Sensoren<\/li>\n<li><strong>Bewegungserkennungsentfernung:<\/strong> Einstellbar, bis zu 3-15 m<\/li>\n<li><strong>Erfassungswinkel:<\/strong> 90\u00b0 horizontal<\/li>\n<li><strong>Empfindlichkeit:<\/strong> Einstellbar in 3 Stufen<\/li>\n<li><strong>Haustierimmunit\u00e4t:<\/strong> Ja, bis zu einer H\u00f6he von 80 cm<\/li>\n<li><strong>Antimaskierung:<\/strong> Ja, intelligentes System<\/li>\n<li><strong>Stromversorgung:<\/strong> 2 x CR123A-Batterien (vorinstalliert)<\/li>\n<li><strong>Akkulaufzeit:<\/strong> Bis zu 5 Jahre<\/li>\n<li><strong>Kommunikationsbereich:<\/strong> Bis zu 2700 km freies Gel\u00e4nde<\/li>\n<li><strong>Schutzklasse:<\/strong> IP55 (Au\u00dfeneinsatz)<\/li>\n<li><strong>Betriebstemperatur:<\/strong> -25\u00b0C bis +60\u00b0C<\/li>\n<li><strong>Luftfeuchtigkeit:<\/strong> Bis zu 95%<\/li>\n<li><strong>Kommunikationsprotokoll:<\/strong> Juwelier<\/li>\n<li><strong>Montageh\u00f6he:<\/strong> Empfohlen 0,8\u20131,3 m<\/li>\n<li><strong>Abmessungen:<\/strong> 183 \u00d7 70 \u00d7 65 mm<\/li>\n<li><strong>Gewicht:<\/strong> 322 g<\/li>\n<\/ul>\n<p><strong>Inhalt des Pakets:<\/strong><\/p>\n<ul>\n<li>Ajax MotionProtect Bewegungsmelder f\u00fcr den Au\u00dfenbereich<\/li>\n<li>SmartBracket-Montageplatte<\/li>\n<li>2 \u00d7 CR123A-Batterien (vorinstalliert)<\/li>\n<li>Installationssatz<\/li>\n<li>Benutzerhandbuch<\/li>\n<\/ul>\n<p><strong>Abschluss:<\/strong><\/p>\n<p>Ajax MotionProtect Outdoor ist die ultimative Wahl, um Ihr Zuhause oder Ihr Unternehmen vor Eindringlingen von au\u00dfen zu sch\u00fctzen.<\/p>\n<p>Mit erweiterten Funktionen wie einem zweistufigen Fehlalarmalgorithmus, Antimaskierung und Haustierimmunit\u00e4t bietet dieser kabellose Bewegungsmelder zuverl\u00e4ssige und genaue Sicherheit.<\/p>\n<p>Seine lange Akkulaufzeit, die einfache Installation und das robuste Design machen es zur perfekten Wahl f\u00fcr private und gewerbliche Sicherheitsl\u00f6sungen.<\/p>","protected":false},"excerpt":{"rendered":"<p>Ajax MotionProtect Outdoor ist ein kabelloser Bewegungsmelder f\u00fcr den Au\u00dfenbereich, der Ihr Zuhause oder Ihr Unternehmen effektiv sch\u00fctzt.<\/p>\n<p>Mit fortschrittlicher Fehlalarmtechnologie, Antimasking und einer langen Batterielebensdauer von bis zu 5 Jahren sorgt es f\u00fcr zuverl\u00e4ssige Sicherheit im Au\u00dfenbereich.<\/p>","protected":false},"featured_media":159005,"template":"","meta":{"_acf_changed":false},"product_brand":[],"product_cat":[3157,1319,3156],"product_tag":[3152,3127,2137,4863],"class_list":{"0":"post-81655","1":"product","2":"type-product","3":"status-publish","4":"has-post-thumbnail","6":"product_cat-utomhussakerhet","7":"product_cat-ajax-larm","8":"product_cat-rorelse-och-kamera","9":"product_tag-cr123-tillbehor","10":"product_tag-kontrollprodukt","11":"product_tag-lager-ajax","12":"product_tag-pf","13":"product_shipping_class-postnord-varubrev","14":"pa_brands-ajax-systems","15":"pa_color-vit","16":"pa_farg-vit","17":"tm-no-options","19":"first","20":"instock","21":"sale","22":"featured","23":"taxable","24":"shipping-taxable","25":"purchasable","26":"product-type-simple"},"acf":[],"_links":{"self":[{"href":"https:\/\/secureus.se\/de\/wp-json\/wp\/v2\/product\/81655","targetHints":{"allow":["GET"]}}],"collection":[{"href":"https:\/\/secureus.se\/de\/wp-json\/wp\/v2\/product"}],"about":[{"href":"https:\/\/secureus.se\/de\/wp-json\/wp\/v2\/types\/product"}],"wp:featuredmedia":[{"embeddable":true,"href":"https:\/\/secureus.se\/de\/wp-json\/wp\/v2\/media\/159005"}],"wp:attachment":[{"href":"https:\/\/secureus.se\/de\/wp-json\/wp\/v2\/media?parent=81655"}],"wp:term":[{"taxonomy":"product_brand","embeddable":true,"href":"https:\/\/secureus.se\/de\/wp-json\/wp\/v2\/product_brand?post=81655"},{"taxonomy":"product_cat","embeddable":true,"href":"https:\/\/secureus.se\/de\/wp-json\/wp\/v2\/product_cat?post=81655"},{"taxonomy":"product_tag","embeddable":true,"href":"https:\/\/secureus.se\/de\/wp-json\/wp\/v2\/product_tag?post=81655"}],"curies":[{"name":"wp","href":"https:\/\/api.w.org\/{rel}","templated":true}]}}