{"id":81729,"date":"2022-11-28T13:13:26","date_gmt":"2022-11-28T12:13:26","guid":{"rendered":"https:\/\/secureus.se\/produkt\/ajax-rex-repeater-svart\/"},"modified":"2026-03-10T11:02:54","modified_gmt":"2026-03-10T10:02:54","slug":"ajax-rex-repeater-range-extender","status":"publish","type":"product","link":"https:\/\/secureus.se\/de\/ajax-rex-repeater-range-extender\/","title":{"rendered":"Ajax ReX Repeater Range Extender Schwarz"},"content":{"rendered":"<h3><strong>Ajax ReX \u2013 Signal Extender f\u00fcr gr\u00f6\u00dfere Reichweite und h\u00f6here Sicherheit<\/strong><\/h3>\n<p>Ajax ReX ist die intelligente L\u00f6sung zur Erweiterung der Reichweite und Verbesserung der Kommunikation innerhalb des Ajax-Sicherheitssystems.<\/p>\n<p>ReX fungiert als Signalverl\u00e4ngerer oder -Repeater und verdoppelt die Reichweite jedes an einen Ajax-Hub angeschlossenen Ger\u00e4ts.<\/p>\n<p>Mit ReX k\u00f6nnen Sie problemlos gro\u00dfe Fl\u00e4chen wie mehrst\u00f6ckige B\u00fcros, alleinstehende Geb\u00e4ude oder sogar gro\u00dfe Produktionsanlagen abdecken.<\/p>\n<p>Durch den Anschluss von bis zu f\u00fcnf ReX-Einheiten an das System k\u00f6nnen Sie die Abdeckung auf bis zu 35 km\u00b2 erweitern, was es zu einem leistungsstarken Werkzeug f\u00fcr kleine und gro\u00dfe Sicherheitsl\u00f6sungen macht.<\/p>\n<p><strong>Schnelle Reaktionszeit und zuverl\u00e4ssige Kommunikation<\/strong><\/p>\n<p>ReX liefert Alarme in Rekordzeit, innerhalb von 0,3 Sekunden, und erm\u00f6glicht eine schnelle Kommunikation zwischen den Ajax-Einheiten, auch \u00fcber gro\u00dfe Entfernungen.<\/p>\n<p>Es kann Signale in offenem Gel\u00e4nde bis zu einer Entfernung von 1.800 Metern \u00fcbertragen, wodurch es m\u00f6glich ist, Sicherheitsausr\u00fcstung weiter vom Hauptknotenpunkt entfernt zu platzieren, ohne dass die Signalst\u00e4rke oder Zuverl\u00e4ssigkeit beeintr\u00e4chtigt wird.<\/p>\n<p>Damit eignet sich ReX ideal f\u00fcr gro\u00dfe Bereiche, in denen mehrere Detektoren oder Kameras ohne Funktionseinbu\u00dfen mit dem Hub kommunizieren m\u00fcssen.<\/p>\n<p><strong>Integrierter Batterie-Backup und Manipulationsschutz<\/strong><\/p>\n<p>Eines der beeindruckendsten Features des ReX ist der eingebaute Batterie-Backup, der das Ger\u00e4t bis zu 35 Stunden lang ohne externe Stromversorgung mit Strom versorgen kann.<\/p>\n<p>Dadurch kann ReX auch bei Stromausf\u00e4llen die Sicherheit aufrechterhalten, was f\u00fcr eine kontinuierliche \u00dcberwachung unerl\u00e4sslich ist.<\/p>\n<p>ReX ist au\u00dferdem mit einem robusten Manipulationsschutz ausgestattet, der es resistent gegen Manipulationen oder Manipulationsversuche macht.<\/p>\n<p>Das Sicherheitssystem umfasst sowohl die Einbruchserkennung als auch den Manipulationsschutz. Die gesamte Kommunikation wird zum Schutz vor Abh\u00f6ren und Hacking mit dem AES-Algorithmus verschl\u00fcsselt.<\/p>\n<p><strong>Einfache Installation und Flexibilit\u00e4t<\/strong><\/p>\n<p>ReX ist einfach zu installieren und kann schnell in Ihr bestehendes Ajax-System integriert werden. Die Installation erfolgt durch Scannen des QR-Codes in der Ajax-App und Befolgen der einfachen Schritte zum Hinzuf\u00fcgen des Ger\u00e4ts zum System.<\/p>\n<p>Anschlie\u00dfend k\u00f6nnen Sie ReX so konfigurieren, dass es mit den Ger\u00e4ten funktioniert, die Sie von der erweiterten Reichweite profitieren m\u00f6chten.<\/p>\n<p>ReX kann mit dem mitgelieferten SmartBracket an einem sicheren Ort installiert werden, sodass die Installation schnell und einfach ist, ohne dass das Ger\u00e4t zerlegt werden muss.<\/p>\n<p><strong>Autonomer Betrieb und flexible Anbindung<\/strong><\/p>\n<p>ReX arbeitet autonom, wenn die Kommunikation mit dem Hub unterbrochen wird.<\/p>\n<p>Wenn eines der angeschlossenen Ger\u00e4te einen Alarm sendet, aktiviert ReX die Sirene, um vor dem Ereignis zu warnen, sodass die Sicherheit auch dann gew\u00e4hrleistet bleibt, wenn das System nicht vollst\u00e4ndig betriebsbereit ist.<\/p>\n<p>Dies sorgt f\u00fcr zus\u00e4tzliche Sicherheit und Schutz, da alle angeschlossenen Ger\u00e4te unabh\u00e4ngig von der Situation gesch\u00fctzt bleiben.<\/p>\n<p><strong>Kompatibilit\u00e4t und Updates<\/strong><\/p>\n<p>ReX ist mit allen Ajax-Hubs kompatibel, einschlie\u00dflich Hub, Hub 2, Hub 2 Plus und Hub Hybrid. Sie k\u00f6nnen bis zu f\u00fcnf ReX-Einheiten in einem einzigen System verwenden, um sehr gro\u00dfe Fl\u00e4chen abzudecken.<\/p>\n<p>ReX arbeitet au\u00dferdem nahtlos mit dem Betriebssystem Malevich des Systems zusammen und erh\u00e4lt regelm\u00e4\u00dfig kostenlose Updates, die sicherstellen, dass das Ger\u00e4t immer auf dem neuesten Stand der Funktionen und Sicherheitsverbesserungen ist.<\/p>\n<p><strong>Technische Spezifikationen:<\/strong><\/p>\n<ul>\n<li><strong>Typ:<\/strong> Drahtloser Signal-Extender\/Repeater<\/li>\n<li><strong>Maximale Anzahl angeschlossener Ger\u00e4te (pro Hub):<\/strong> Hub\/Hub Hybrid \u2013 bis zu 99, Hub Plus \u2013 bis zu 149, Hub 2 Plus \u2013 bis zu 199<\/li>\n<li><strong>Kommunikationsbereich:<\/strong> Bis zu 1.900 Meilen offenes Gel\u00e4nde<\/li>\n<li><strong>Alarm\u00fcbertragungszeit:<\/strong> 0,3 Sekunden<\/li>\n<li><strong>Stromversorgung:<\/strong> 110\u2013240 V vom Stromnetz oder 12 V mit 12-V-Netzteil f\u00fcr Hub\/Hub Plus\/ReX<\/li>\n<li><strong>Batterie-Backup:<\/strong> Li-Ion 2 Ah, bis zu 35 Stunden Betrieb ohne Strom<\/li>\n<li><strong>Betriebssystem:<\/strong> OS Malewitsch<\/li>\n<li><strong>Frequenzband:<\/strong> Abh\u00e4ngig von der Vertriebsregion<\/li>\n<li><strong>Verschl\u00fcsselung:<\/strong> AES-Algorithmus zur Blockverschl\u00fcsselung<\/li>\n<li><strong>Betriebstemperatur:<\/strong> -10\u00b0C bis +40\u00b0C<\/li>\n<li><strong>Maximale Luftfeuchtigkeit:<\/strong> Bis zu 75%<\/li>\n<li><strong>Gr\u00f6\u00dfe:<\/strong> 163 \u00d7 163 \u00d7 36 mm<\/li>\n<li><strong>Gewicht:<\/strong> 330 g<\/li>\n<li><strong>Anti-Sabotage:<\/strong> Ja, unterst\u00fctzt Manipulationserkennung und Manipulationsschutz<\/li>\n<li><strong>Installationsmethode:<\/strong> Drinnen<\/li>\n<\/ul>\n<p><strong>Inhalt des Pakets:<\/strong><\/p>\n<ul>\n<li>Ajax ReX-Repeater<\/li>\n<li>SmartBracket-Montageplatte<\/li>\n<li>Stromkabel<\/li>\n<li>Installationssatz<\/li>\n<li>Kurzanleitung<\/li>\n<\/ul>\n<p><strong>Abschluss:<\/strong><\/p>\n<p>Ajax ReX ist eine effiziente und zuverl\u00e4ssige L\u00f6sung zur Verbesserung der Reichweite von Ajax-Sicherheitssystemen.<\/p>\n<p>Mit einfacher Installation, zuverl\u00e4ssiger Kommunikation und robusten Sicherheitsfunktionen erm\u00f6glicht ReX den umfassenden Schutz gro\u00dfer Fl\u00e4chen oder komplexer Geb\u00e4ude.<\/p>\n<p>Ganz gleich, ob Sie mehrere Stockwerke, alleinstehende Geb\u00e4ude oder gro\u00dfe Produktionsanlagen abdecken m\u00fcssen, ReX bietet eine flexible und sichere L\u00f6sung f\u00fcr alle Ihre Anforderungen.<\/p>","protected":false},"excerpt":{"rendered":"<p>Ajax ReX ist ein drahtloser Signalverst\u00e4rker, der die Reichweite des Ajax-Sicherheitssystems erweitert.<\/p>\n<p>Es kann Ger\u00e4te in einer Entfernung von bis zu 1.800 Metern verbinden und sorgt mit einem 35-Stunden-Batterie-Backup f\u00fcr st\u00e4ndige Sicherheit auch bei einem Stromausfall.<\/p>","protected":false},"featured_media":152109,"template":"","meta":{"_acf_changed":false},"product_brand":[],"product_cat":[3168,1319],"product_tag":[3127,4863],"class_list":{"0":"post-81729","1":"product","2":"type-product","3":"status-publish","4":"has-post-thumbnail","6":"product_cat-range-extender-repeater","7":"product_cat-ajax-larm","8":"product_tag-kontrollprodukt","9":"product_tag-pf","10":"product_shipping_class-tunga-paket","11":"pa_brands-ajax-systems","12":"pa_color-svart","13":"pa_farg-svart","14":"tm-no-options","16":"first","17":"onbackorder","18":"sale","19":"featured","20":"taxable","21":"shipping-taxable","22":"purchasable","23":"product-type-simple"},"acf":[],"_links":{"self":[{"href":"https:\/\/secureus.se\/de\/wp-json\/wp\/v2\/product\/81729","targetHints":{"allow":["GET"]}}],"collection":[{"href":"https:\/\/secureus.se\/de\/wp-json\/wp\/v2\/product"}],"about":[{"href":"https:\/\/secureus.se\/de\/wp-json\/wp\/v2\/types\/product"}],"wp:featuredmedia":[{"embeddable":true,"href":"https:\/\/secureus.se\/de\/wp-json\/wp\/v2\/media\/152109"}],"wp:attachment":[{"href":"https:\/\/secureus.se\/de\/wp-json\/wp\/v2\/media?parent=81729"}],"wp:term":[{"taxonomy":"product_brand","embeddable":true,"href":"https:\/\/secureus.se\/de\/wp-json\/wp\/v2\/product_brand?post=81729"},{"taxonomy":"product_cat","embeddable":true,"href":"https:\/\/secureus.se\/de\/wp-json\/wp\/v2\/product_cat?post=81729"},{"taxonomy":"product_tag","embeddable":true,"href":"https:\/\/secureus.se\/de\/wp-json\/wp\/v2\/product_tag?post=81729"}],"curies":[{"name":"wp","href":"https:\/\/api.w.org\/{rel}","templated":true}]}}