{"id":81767,"date":"2022-11-28T13:13:15","date_gmt":"2022-11-28T12:13:15","guid":{"rendered":"https:\/\/secureus.se\/produkt\/monteringsfaste-magnetkontakt-svart\/"},"modified":"2026-03-10T11:02:37","modified_gmt":"2026-03-10T10:02:37","slug":"ajax-smart-bracket-monteringsfaste-dorrsensor-magnetkontakt-2","status":"publish","type":"product","link":"https:\/\/secureus.se\/de\/ajax-smart-bracket-monteringsfaste-dorrsensor-magnetkontakt-2\/","title":{"rendered":"Ajax Smart Bracket Ersatzteil Montagehalterung \/ Zubeh\u00f6r T\u00fcrsensor\/Magnetkontakt schwarz"},"content":{"rendered":"<h3><strong>Ajax Smart Bracket Montagehalterung f\u00fcr T\u00fcrsensor und Magnetkontakt<\/strong><\/h3>\n<p>Die Ajax Smart Bracket ist eine effiziente und benutzerfreundliche Montagehalterung, die die Installation von Ajax-T\u00fcrsensoren und Magnetkontakten erleichtert.<\/p>\n<p>Mit dieser Montagehalterung k\u00f6nnen Sensoren schnell und einfach an vertikalen Fl\u00e4chen oder in Ecken angebracht werden, wodurch die Abdeckung optimiert und ein zuverl\u00e4ssiger Betrieb Ihres Ajax-Sicherheitssystems gew\u00e4hrleistet wird.<\/p>\n<p><strong>Einfache Installation und Einstellung<\/strong><\/p>\n<p>Die Smart Bracket-Montagehalterung erm\u00f6glicht eine schnelle und flexible Installation von Ajax-T\u00fcrsensoren und Magnetkontakten.<\/p>\n<p>Um den Melder zu installieren, entfernen Sie zun\u00e4chst die Smart Bracket-Platte vom Melder und befestigen Sie sie mit doppelseitigem Klebeband oder anderen tempor\u00e4ren Befestigungsmitteln an der gew\u00fcnschten Oberfl\u00e4che.<\/p>\n<p>Die empfohlene Installationsh\u00f6he betr\u00e4gt 2,4 Meter. Dies ist die optimale H\u00f6he, um die bestm\u00f6gliche Funktion der Sensoren zu gew\u00e4hrleisten.<\/p>\n<p>Eine wichtige Funktion ist die M\u00f6glichkeit, die Signalst\u00e4rke zwischen Detektor und Hub zu testen.<\/p>\n<p>\u00dcber die Ajax-App k\u00f6nnen Sie Signalst\u00e4rketests durchf\u00fchren, um sicherzustellen, dass das Signal stark genug f\u00fcr eine stabile Kommunikation ist.<\/p>\n<p>Die empfohlene Signalst\u00e4rke sollte zwei oder drei Balken betragen. Wenn das Signal schw\u00e4cher ist, kann eine einfache Neupositionierung des Ger\u00e4ts, selbst um nur 20 cm, die Signalst\u00e4rke deutlich verbessern.<\/p>\n<p>Wenn die Signalst\u00e4rke nach der Neupositionierung immer noch niedrig oder instabil ist, wird die Verwendung von ReX 2, einem Funksignal-Range-Extender, empfohlen.<\/p>\n<p><strong>Anpassung der Erkennungszonen<\/strong><\/p>\n<p>Um den Erfassungsbereich zu optimieren, k\u00f6nnen Sie einen Erfassungsbereichstest durchf\u00fchren.<\/p>\n<p>Indem Sie durch den Raum gehen und die LEDs beobachten, k\u00f6nnen Sie den Erfassungsbereich des Sensors anpassen, um sicherzustellen, dass er auf Bewegungen im gew\u00fcnschten Bereich reagiert.<\/p>\n<p>Ajax-T\u00fcrsensoren und Magnetkontakte haben eine maximale Erkennungsreichweite von 12 Metern. Durch Testen und Anpassen des Ger\u00e4ts k\u00f6nnen Sie sicherstellen, dass Sie eine genaue und zuverl\u00e4ssige Bewegungserkennung erhalten.<\/p>\n<p><strong>Hohe Flexibilit\u00e4t und Kompatibilit\u00e4t<\/strong><\/p>\n<p>Die Smart Bracket ist so konzipiert, dass sie mit allen Ajax-T\u00fcrsensoren und Magnetkontakten kompatibel ist.<\/p>\n<p>Die Montageplatte verf\u00fcgt au\u00dferdem \u00fcber spezielle L\u00f6cher, mit denen das Ger\u00e4t an einer sicheren und stabilen Oberfl\u00e4che festgeschraubt werden kann. Wenn Sie andere Befestigungselemente verwenden, stellen Sie sicher, dass diese die Montageplatte nicht besch\u00e4digen oder verformen.<\/p>\n<p>Die Smart Bracket macht die Installation flexibler und einfacher, was ein gro\u00dfer Vorteil ist, wenn Sie Sensoren an bestimmten Positionen montieren m\u00f6chten, um die beste Abdeckung und Erkennung zu erzielen.<\/p>\n<p><strong>Langlebige und langlebige Funktion<\/strong><\/p>\n<p>Die Ajax Smart Bracket besteht aus langlebigen Materialien, die eine langfristige Nutzung garantieren.<\/p>\n<p>Dies macht die Halterung zu einer idealen L\u00f6sung f\u00fcr private und gewerbliche Sicherheitssysteme, bei denen eine stabile und zuverl\u00e4ssige Installation f\u00fcr die Aufrechterhaltung der Sicherheit unerl\u00e4sslich ist.<\/p>\n<p>Die Montagehalterung ist f\u00fcr den Innenbereich konzipiert und erm\u00f6glicht eine einfache Installation, ohne die Funktion oder Sicherheit des Ger\u00e4ts zu beeintr\u00e4chtigen.<\/p>\n<p><strong>Spezifikationen:<\/strong><\/p>\n<ul>\n<li><strong>Art des Zubeh\u00f6rs:<\/strong> Montagehalterung f\u00fcr T\u00fcrsensoren und Magnetkontakte<\/li>\n<li><strong>Einbauh\u00f6he:<\/strong> Empfohlen 2,4 Meter<\/li>\n<li><strong>Installationsmethode:<\/strong> Zur Befestigung an vertikalen Fl\u00e4chen oder Ecken<\/li>\n<li><strong>Material:<\/strong> Langlebig und wetterfest<\/li>\n<li><strong>Kompatibilit\u00e4t:<\/strong> Passend f\u00fcr Ajax-T\u00fcrsensoren und Magnetkontakte<\/li>\n<li><strong>Signalst\u00e4rketest:<\/strong> Ja, mit Ajax-Anwendung<\/li>\n<li><strong>Anpassung des Erfassungsbereichs:<\/strong> Ja<\/li>\n<li><strong>Befestigungselemente:<\/strong> Inklusive Schrauben und der M\u00f6glichkeit, andere Befestigungselemente zu verwenden<\/li>\n<\/ul>\n<p><strong>Abschluss:<\/strong><\/p>\n<p>Die Ajax Smart Bracket ist eine praktische und flexible L\u00f6sung f\u00fcr die Installation von Ajax-T\u00fcrsensoren und Magnetkontakten.<\/p>\n<p>Mit seiner einfachen Installation, den einstellbaren Funktionen und dem langlebigen Design bietet die Smart Bracket eine zuverl\u00e4ssige M\u00f6glichkeit, Ihr Sicherheitssystem zu optimieren, um eine genaue und effiziente Erkennung zu gew\u00e4hrleisten.<\/p>\n<p>&nbsp;<\/p>\n<p>&nbsp;<\/p>","protected":false},"excerpt":{"rendered":"<p>Die Ajax Smart Bracket ist eine Montagehalterung f\u00fcr Ajax-T\u00fcrsensoren und Magnetkontakte.<\/p>\n<p>Dieses praktische Zubeh\u00f6r erleichtert die Installation und Justierung von Sensoren an vertikalen Fl\u00e4chen oder Ecken und sorgt so f\u00fcr einen zuverl\u00e4ssigen und stabilen Betrieb Ihres Sicherheitssystems.<\/p>","protected":false},"featured_media":0,"template":"","meta":{"_acf_changed":false},"product_brand":[],"product_cat":[3128],"product_tag":[],"class_list":{"0":"post-81767","1":"product","2":"type-product","3":"status-publish","5":"product_cat-ajax-reservdelar-fasten","6":"product_shipping_class-postnord-varubrev","7":"pa_brands-ajax-systems","8":"pa_color-svart","9":"pa_farg-svart","10":"tm-no-options","12":"first","13":"instock","14":"sale","15":"featured","16":"taxable","17":"shipping-taxable","18":"purchasable","19":"product-type-simple"},"acf":[],"_links":{"self":[{"href":"https:\/\/secureus.se\/de\/wp-json\/wp\/v2\/product\/81767","targetHints":{"allow":["GET"]}}],"collection":[{"href":"https:\/\/secureus.se\/de\/wp-json\/wp\/v2\/product"}],"about":[{"href":"https:\/\/secureus.se\/de\/wp-json\/wp\/v2\/types\/product"}],"wp:attachment":[{"href":"https:\/\/secureus.se\/de\/wp-json\/wp\/v2\/media?parent=81767"}],"wp:term":[{"taxonomy":"product_brand","embeddable":true,"href":"https:\/\/secureus.se\/de\/wp-json\/wp\/v2\/product_brand?post=81767"},{"taxonomy":"product_cat","embeddable":true,"href":"https:\/\/secureus.se\/de\/wp-json\/wp\/v2\/product_cat?post=81767"},{"taxonomy":"product_tag","embeddable":true,"href":"https:\/\/secureus.se\/de\/wp-json\/wp\/v2\/product_tag?post=81767"}],"curies":[{"name":"wp","href":"https:\/\/api.w.org\/{rel}","templated":true}]}}