{"id":81844,"date":"2022-11-28T12:54:08","date_gmt":"2022-11-28T11:54:08","guid":{"rendered":"https:\/\/secureus.se\/produkt\/monteringsfaste-ridadetektor-svart\/"},"modified":"2026-03-10T11:01:39","modified_gmt":"2026-03-10T10:01:39","slug":"ajax-smart-bracket-svart-7","status":"publish","type":"product","link":"https:\/\/secureus.se\/de\/ajax-smart-bracket-svart-7\/","title":{"rendered":"Ajax Smart Bracket Ersatzteil Montagehalterung \/ Zubeh\u00f6r Vorhangdetektor schwarz"},"content":{"rendered":"<h3><strong>Ajax Smart Bracket Montagehalterung f\u00fcr Vorhangdetektor \u2013 einfache Installation und stabile Platzierung<\/strong><\/h3>\n<p>Die Ajax Smart Bracket ist das perfekte Zubeh\u00f6r, um eine einfache Installation und korrekte Platzierung Ihres Ajax-Vorhangmelders zu gew\u00e4hrleisten.<\/p>\n<p>Mit dieser langlebigen und flexiblen Montagel\u00f6sung k\u00f6nnen Sie den Vorhangmelder an einer vertikalen Fl\u00e4che oder in einer Raumecke befestigen, um sicherzustellen, dass der Erfassungsbereich die gew\u00fcnschte Fl\u00e4che optimal abdeckt.<\/p>\n<p>Vorhangmelder eignen sich besonders zum Schutz gr\u00f6\u00dferer offener Bereiche wie Fenster, T\u00fcren oder anderer Einbruchstellen, an denen Bewegungen erkannt werden k\u00f6nnen.<\/p>\n<p>Um die Leistung Ihres Vorhangmelders zu optimieren, ist eine ordnungsgem\u00e4\u00dfe Installation unerl\u00e4sslich. Mit der Smart Bracket-Montagehalterung erzielen Sie die bestm\u00f6glichen Ergebnisse ohne komplizierte Installation.<\/p>\n<p><strong>Einfache und schnelle Installation<\/strong><\/p>\n<p>Die Smart Bracket-Halterung ist sowohl benutzerfreundlich als auch langlebig.<\/p>\n<p>Entfernen Sie zur Installation die Montageplatte vom Vorhangmelder und befestigen Sie die Smart Bracket-Platte mit doppelseitigem Klebeband oder anderen tempor\u00e4ren Befestigungsmitteln an einer vertikalen Oberfl\u00e4che oder in einer Ecke des Raums.<\/p>\n<p>Die Montageh\u00f6he der Halterung wird mit 2,4 Metern empfohlen, um eine bestm\u00f6gliche Abdeckung durch den Melder zu erreichen. Sobald die Halterung angebracht ist, k\u00f6nnen Sie die Position des Detektors einfach anpassen, um sicherzustellen, dass er effektiv funktioniert.<\/p>\n<p><strong>Optimale Signalst\u00e4rke und Abdeckung<\/strong><\/p>\n<p>Mit der Ajax Smart Bracket ist es m\u00f6glich, die Signalst\u00e4rke nach der Installation einfach zu testen.<\/p>\n<p>Mit der Ajax-Anwendung k\u00f6nnen Sie schnell Signalst\u00e4rketests durchf\u00fchren, um sicherzustellen, dass der Vorhangdetektor ein stabiles und starkes Signal hat.<\/p>\n<p>Bei geringer Signalst\u00e4rke kann eine einfache Anpassung des Ger\u00e4testandorts den Signalempfang deutlich verbessern.<\/p>\n<p>Reicht die Signalst\u00e4rke nach einem Umzug immer noch nicht aus, kann mit dem Funksignal-Range-Extender ReX 2 das Signal weiter verst\u00e4rkt werden.<\/p>\n<p><strong>Flexibles und langlebiges Design<\/strong><\/p>\n<p>Die Ajax Smart Bracket ist langlebig und flexibel.<\/p>\n<p>Es ist f\u00fcr die Unterst\u00fctzung des Ajax-Vorhangdetektors und anderer \u00e4hnlicher Ger\u00e4te konzipiert und somit ein n\u00fctzliches Zubeh\u00f6r f\u00fcr Ihr Sicherheitssystem.<\/p>\n<p>Die Smart Bracket ist so hergestellt, dass die Ger\u00e4te sicher montiert und vor Sch\u00e4den gesch\u00fctzt sind, die w\u00e4hrend der Installation oder Verwendung auftreten k\u00f6nnen.<\/p>\n<p><strong>Kompatibilit\u00e4t und Sicherheit<\/strong><\/p>\n<p>Die Smart Bracket-Montagehalterung ist mit dem Ajax-Vorhangmelder kompatibel und eignet sich sowohl f\u00fcr Neuinstallationen als auch f\u00fcr Upgrades bestehender Systeme.<\/p>\n<p>Mit der Ajax-Anwendung k\u00f6nnen Sie das System einfach programmieren und anpassen, um sicherzustellen, dass alle Komponenten optimal funktionieren.<\/p>\n<p>Die stabile Installation und Sicherheit verhindert, dass das Ger\u00e4t manipuliert oder besch\u00e4digt wird, und stellt sicher, dass Ihr Melder im Falle eines Einbruchs optimal funktioniert.<\/p>\n<p><strong>Spezifikationen:<\/strong><\/p>\n<ul>\n<li><strong>Art des Zubeh\u00f6rs:<\/strong> Montagehalterung f\u00fcr Ajax-Vorhangmelder<\/li>\n<li><strong>Einbauh\u00f6he:<\/strong> Empfohlen 2,4 Meter<\/li>\n<li><strong>Installationsmethode:<\/strong> Zur Befestigung an vertikalen Fl\u00e4chen oder Ecken<\/li>\n<li><strong>Material:<\/strong> Langlebig und wetterfest<\/li>\n<li><strong>Kompatibilit\u00e4t:<\/strong> Passend f\u00fcr Ajax-Vorhangmelder<\/li>\n<li><strong>Signalst\u00e4rketest:<\/strong> Ja, \u00fcber die Ajax-Anwendung<\/li>\n<li><strong>Befestigungselemente:<\/strong> Inklusive Schrauben und der M\u00f6glichkeit, andere Befestigungselemente zu verwenden<\/li>\n<\/ul>\n<p><strong>Abschluss:<\/strong><\/p>\n<p>Die Ajax Smart Bracket ist eine praktische und effiziente L\u00f6sung f\u00fcr die Installation Ihres Ajax-Vorhangdetektors.<\/p>\n<p>Durch die richtige Platzierung und Optimierung der Signalst\u00e4rke k\u00f6nnen Sie sicher sein, dass Ihr Sicherheitssystem optimal funktioniert.<\/p>\n<p>Mit einfacher Installation und langlebiger Leistung ist die Smart Bracket ein wesentlicher Bestandteil des Ajax-Sicherheitssystems.<\/p>","protected":false},"excerpt":{"rendered":"<p>Die Ajax Smart Bracket ist eine Montagehalterung f\u00fcr den Ajax-Vorhangmelder, die die Installation einfach und sicher macht.<\/p>\n<p>Mit dieser Halterung k\u00f6nnen Sie den Vorhangmelder schnell auf einer vertikalen Fl\u00e4che oder in einer Ecke montieren, um eine optimale Abdeckung Ihres Sicherheitssystems zu gew\u00e4hrleisten.<\/p>","protected":false},"featured_media":0,"template":"","meta":{"_acf_changed":false},"product_brand":[],"product_cat":[3128],"product_tag":[2137,4863],"class_list":{"0":"post-81844","1":"product","2":"type-product","3":"status-publish","5":"product_cat-ajax-reservdelar-fasten","6":"product_tag-lager-ajax","7":"product_tag-pf","8":"product_shipping_class-postnord-varubrev","9":"pa_brands-ajax-systems","10":"pa_color-svart","11":"pa_farg-svart","12":"tm-no-options","14":"first","15":"instock","16":"sale","17":"featured","18":"taxable","19":"shipping-taxable","20":"purchasable","21":"product-type-simple"},"acf":[],"_links":{"self":[{"href":"https:\/\/secureus.se\/de\/wp-json\/wp\/v2\/product\/81844","targetHints":{"allow":["GET"]}}],"collection":[{"href":"https:\/\/secureus.se\/de\/wp-json\/wp\/v2\/product"}],"about":[{"href":"https:\/\/secureus.se\/de\/wp-json\/wp\/v2\/types\/product"}],"wp:attachment":[{"href":"https:\/\/secureus.se\/de\/wp-json\/wp\/v2\/media?parent=81844"}],"wp:term":[{"taxonomy":"product_brand","embeddable":true,"href":"https:\/\/secureus.se\/de\/wp-json\/wp\/v2\/product_brand?post=81844"},{"taxonomy":"product_cat","embeddable":true,"href":"https:\/\/secureus.se\/de\/wp-json\/wp\/v2\/product_cat?post=81844"},{"taxonomy":"product_tag","embeddable":true,"href":"https:\/\/secureus.se\/de\/wp-json\/wp\/v2\/product_tag?post=81844"}],"curies":[{"name":"wp","href":"https:\/\/api.w.org\/{rel}","templated":true}]}}