{"id":81849,"date":"2022-11-28T11:05:23","date_gmt":"2022-11-28T10:05:23","guid":{"rendered":"https:\/\/secureus.se\/produkt\/ajax-hub2-vit-centralapparat-med-ethernet-lan-samt-2g\/"},"modified":"2026-04-17T06:27:18","modified_gmt":"2026-04-17T04:27:18","slug":"ajax-hub-2-entralapparat-med-eth-vit","status":"publish","type":"product","link":"https:\/\/secureus.se\/de\/ajax-hub-2-entralapparat-med-eth-vit\/","title":{"rendered":"Ajax Hub 2 Zentraleinheit - Ethernet Wei\u00df"},"content":{"rendered":"<h3>Der Ajax Hub 2 Ethernet ist das Gehirn Ihres Sicherheitssystems und ein zentraler Hub f\u00fcr die Verbindung aller drahtlosen Ajax-Ger\u00e4te.<\/h3>\n<p>Durch die M\u00f6glichkeit, sich \u00fcber ein Netzwerkkabel mit Ihrem Router zu verbinden, bietet diese Zentraleinheit eine stabile und schnelle Kommunikation f\u00fcr Ihr gesamtes Sicherheitssystem.<\/p>\n<p>Der Hub 2 Ethernet eignet sich sowohl f\u00fcr Privathaushalte als auch f\u00fcr kleine Unternehmen und verf\u00fcgt \u00fcber eine beeindruckende Reichweite von bis zu 2000 Metern im offenen Gel\u00e4nde sowie die M\u00f6glichkeit, bis zu f\u00fcnf Repeater (ReX\/ReX2) anzuschlie\u00dfen, was eine drahtlose Gesamtreichweite von satten 35 km\u00b2 ergibt.<\/p>\n<p><strong>Kameraintegration und Szenario<\/strong>:<br \/>\nEine der leistungsst\u00e4rksten Funktionen des Ajax Hub 2 Ethernet ist seine F\u00e4higkeit, bis zu 25 Kameras und NVRs zu verwalten.<\/p>\n<p>Mit Kamera-Streaming k\u00f6nnen Sie im Alarmfall schnell Schnappsch\u00fcsse erstellen und so das Ereignis visuell verifizieren. Diese Funktion kann problemlos an Kameras verschiedener Hersteller angepasst werden, darunter beliebte Marken wie Ezviz und Hikvision, und bietet so Flexibilit\u00e4t und Anpassungsf\u00e4higkeit an unterschiedliche Sicherheitsanforderungen.<\/p>\n<p><strong>Einfache Installation und Verwendung<\/strong>:<br \/>\nEinfache Installation und Nutzung sind f\u00fcr Ajax Hub 2 Ethernet selbstverst\u00e4ndlich. Schlie\u00dfen Sie das Ger\u00e4t einfach \u00fcber ein Netzwerkkabel an Ihren Router an und konfigurieren Sie es \u00fcber die Ajax-App, um es zu verwenden.<\/p>\n<p>Sie k\u00f6nnen au\u00dferdem bis zu 32 Szenarien erstellen, um Ihr Sicherheitssystem zu automatisieren, z. B. das Einschalten von Lichtern im Alarmfall oder das Abschalten der Wasserversorgung, um Lecks zu verhindern.<\/p>\n<p><strong>Firmware-Updates und Sicherheit<\/strong>:<br \/>\nDer Hub 2 Ethernet wird automatisch \u00fcber Firmware-Updates aktualisiert, um sicherzustellen, dass das System immer auf dem neuesten Stand der Sicherheitsfunktionen ist.<\/p>\n<p>Die Updates erfolgen schnell und effizient, ohne Ihre Sicherheit zu beeintr\u00e4chtigen. Der Hub verf\u00fcgt au\u00dferdem \u00fcber einen Li-Ion-Backup-Akku, der bei einem Stromausfall eine Betriebszeit von bis zu 16 Stunden bietet, was auch bei Unterbrechung der Stromversorgung eine kontinuierliche Sicherheit gew\u00e4hrleistet.<\/p>\n<p><strong>Kompatibilit\u00e4t und Skalierbarkeit<\/strong>:<br \/>\nHub 2 Ethernet ist mit allen Ajax-Ger\u00e4ten kompatibel und somit eine flexible Wahl f\u00fcr verschiedene Sicherheitsl\u00f6sungen.<\/p>\n<p>Sie k\u00f6nnen bis zu 100 Ger\u00e4te anschlie\u00dfen und bis zu 9 Gruppen oder Bereiche erstellen, um die Sicherheit in verschiedenen Teilen des Geb\u00e4udes einfacher zu verwalten.<\/p>\n<p>Um einen detaillierteren \u00dcberblick zu erhalten, k\u00f6nnen Sie bis zu 50 R\u00e4ume erstellen und die Sicherheitsmodi und Alarme jedes Ger\u00e4ts verfolgen.<\/p>\n<p><strong>Technische Informationen<\/strong>:<\/p>\n<ul>\n<li><strong>Kommunikation<\/strong>: LAN, 2G (GSM900\/DCS1800)<\/li>\n<li><strong>Funkreichweite<\/strong>: Bis zu 2000 Meter im freien Gel\u00e4nde<\/li>\n<li><strong>Kamera-Streaming<\/strong>: Bis zu 25 Kameras oder NVRs<\/li>\n<li><strong>SIM-Karte<\/strong>: 2 St\u00fcck (f\u00fcr 2G-Netzwerk)<\/li>\n<li><strong>Stromversorgung<\/strong>: 110-240 V, 50\/60 Hz<\/li>\n<li><strong>Backup-Batterie<\/strong>: Li-Ion 2Ah (bis zu 16 Stunden)<\/li>\n<li><strong>Temperaturbereich<\/strong>: -10\u00b0C bis +40\u00b0C<\/li>\n<li><strong>IP-Schutzart<\/strong>: IP50<\/li>\n<li><strong>Messen<\/strong>: 160 \u00d7 160 \u00d7 36 mm<\/li>\n<li><strong>Gewicht<\/strong>: 400 g<\/li>\n<\/ul>\n<p><strong>Was ist im Paket enthalten?<\/strong>:<\/p>\n<ul>\n<li>Hub 2 Ethernet<\/li>\n<li>Stromkabel<\/li>\n<li>Netzwerkkabel<\/li>\n<li>Backup-Batterie<\/li>\n<\/ul>","protected":false},"excerpt":{"rendered":"<p>Ajax Hub 2 Ethernet ist ein leistungsstarkes und zuverl\u00e4ssiges Zentralger\u00e4t, das es erm\u00f6glicht, drahtlose Ajax-Ger\u00e4te \u00fcber ein Netzwerkkabel mit Ihrem Sicherheitssystem zu verbinden.<\/p>\n<p>Perfekt f\u00fcr Privatanwender und kleine Unternehmen, mit hervorragender Reichweite und erweiterten Funktionen f\u00fcr Kamera-Streaming und -Szenarien.<\/p>","protected":false},"featured_media":152095,"template":"","meta":{"_acf_changed":false},"product_brand":[],"product_cat":[3154,1319],"product_tag":[3127,2137,4863],"class_list":{"0":"post-81849","1":"product","2":"type-product","3":"status-publish","4":"has-post-thumbnail","6":"product_cat-centralenheter","7":"product_cat-ajax-larm","8":"product_tag-kontrollprodukt","9":"product_tag-lager-ajax","10":"product_tag-pf","11":"product_shipping_class-postnord-varubrev","12":"pa_brands-ajax-systems","13":"pa_color-vit","14":"pa_farg-vit","15":"tm-no-options","17":"first","18":"instock","19":"sale","20":"featured","21":"taxable","22":"shipping-taxable","23":"purchasable","24":"product-type-simple"},"acf":[],"_links":{"self":[{"href":"https:\/\/secureus.se\/de\/wp-json\/wp\/v2\/product\/81849","targetHints":{"allow":["GET"]}}],"collection":[{"href":"https:\/\/secureus.se\/de\/wp-json\/wp\/v2\/product"}],"about":[{"href":"https:\/\/secureus.se\/de\/wp-json\/wp\/v2\/types\/product"}],"wp:featuredmedia":[{"embeddable":true,"href":"https:\/\/secureus.se\/de\/wp-json\/wp\/v2\/media\/152095"}],"wp:attachment":[{"href":"https:\/\/secureus.se\/de\/wp-json\/wp\/v2\/media?parent=81849"}],"wp:term":[{"taxonomy":"product_brand","embeddable":true,"href":"https:\/\/secureus.se\/de\/wp-json\/wp\/v2\/product_brand?post=81849"},{"taxonomy":"product_cat","embeddable":true,"href":"https:\/\/secureus.se\/de\/wp-json\/wp\/v2\/product_cat?post=81849"},{"taxonomy":"product_tag","embeddable":true,"href":"https:\/\/secureus.se\/de\/wp-json\/wp\/v2\/product_tag?post=81849"}],"curies":[{"name":"wp","href":"https:\/\/api.w.org\/{rel}","templated":true}]}}