{"id":81908,"date":"2022-11-28T12:05:46","date_gmt":"2022-11-28T11:05:46","guid":{"rendered":"https:\/\/secureus.se\/produkt\/ajax-rex-2-svart-repeater\/"},"modified":"2026-03-10T11:00:19","modified_gmt":"2026-03-10T10:00:19","slug":"ajax-rex-2-svart-repeater","status":"publish","type":"product","link":"https:\/\/secureus.se\/de\/ajax-rex-2-svart-repeater\/","title":{"rendered":"Ajax ReX 2 Repeater Schwarz"},"content":{"rendered":"<h3>Ajax ReX 2 ist ein leistungsstarker Funksignalverst\u00e4rker, der die Installation von Ajax-Sicherheitsger\u00e4ten an abgelegenen Standorten erm\u00f6glicht und so den Schutz gr\u00f6\u00dferer Bereiche wie Lagerhallen, Gesch\u00e4ftszentren oder ganzer Grundst\u00fccke erm\u00f6glicht.<\/h3>\n<p>Mit ReX 2 k\u00f6nnen Sie die Kommunikationsreichweite Ihres Ajax-Sicherheitssystems erweitern und die Fotoverifizierung unterst\u00fctzen, um schnelle und genaue Informationen \u00fcber Alarmereignisse bereitzustellen.<\/p>\n<p><strong>Merkmale:<\/strong><\/p>\n<ul>\n<li><strong>Erweitertes Sortiment:<\/strong> Mit ReX 2 k\u00f6nnen Sie Sicherheitsger\u00e4te bis zu 1.700 Meter vom Hub entfernt installieren und eine Fl\u00e4che von bis zu 35 km\u00b2 abdecken. Dies macht es zur perfekten Wahl f\u00fcr gro\u00dfe Immobilien und Gewerbeanlagen.<\/li>\n<li><strong>Fotobest\u00e4tigung:<\/strong> Durch die Unterst\u00fctzung der Fotoverifizierung \u00fcber MotionCam- und MotionCam Outdoor-Detektoren k\u00f6nnen Sie schnell visuelle Beweise f\u00fcr Einbruchsereignisse erhalten, wodurch das Risiko von Fehlalarmen minimiert und das Sicherheitspersonal besser vorbereitet wird.<\/li>\n<li><strong>Backup-Batterie:<\/strong> Der ReX 2 verf\u00fcgt \u00fcber eine Backup-Batterie, die bei einem Stromausfall eine Betriebszeit von bis zu 38 Stunden bietet und so daf\u00fcr sorgt, dass das Sicherheitssystem auch bei einem Stromausfall aktiv bleibt.<\/li>\n<li><strong>Ethernet-Verbindung:<\/strong> Um eine stabile und zuverl\u00e4ssige Kommunikation zu gew\u00e4hrleisten, bietet ReX 2 die M\u00f6glichkeit, sich \u00fcber Ethernet mit dem Hub zu verbinden, was die Zuverl\u00e4ssigkeit des Systems in Umgebungen mit schwachem Funksignal verbessert.<\/li>\n<li><strong>Sabotageschutz:<\/strong> ReX 2 ist mit Funktionen zur Manipulations- und Sabotageerkennung ausgestattet. Wenn jemand versucht, das Ger\u00e4t zu manipulieren oder es vom System zu trennen, wird ein Manipulationsalarm aktiviert.<\/li>\n<li><strong>Schnellkonfiguration:<\/strong> ReX 2 l\u00e4sst sich einfach \u00fcber die Ajax-App installieren und konfigurieren. Sie m\u00fcssen lediglich den QR-Code scannen und den Anweisungen folgen, um ihn zum System hinzuzuf\u00fcgen.<\/li>\n<\/ul>\n<p><strong>Technische Spezifikationen:<\/strong><\/p>\n<ul>\n<li><strong>Kompatibilit\u00e4t:<\/strong> Hub 2, Hub 2 Plus, Hub Hybrid<\/li>\n<li><strong>Kommunikationsprotokoll:<\/strong> Juwelier (zur \u00dcbermittlung von Alarmen und Ereignissen), Wings (zur Foto\u00fcbertragung)<\/li>\n<li><strong>Maximale Reichweite:<\/strong> Bis zu 1.700 m (je nach Signalst\u00e4rke)<\/li>\n<li><strong>Backup-Batterie:<\/strong> Bis zu 38 Stunden<\/li>\n<li><strong>Ethernet-Verbindung:<\/strong> Ja, f\u00fcr eine sichere und stabile Kommunikation<\/li>\n<li><strong>Temperaturbereich:<\/strong> -10\u00b0C bis +40\u00b0C<\/li>\n<li><strong>Installation:<\/strong> Drinnen<\/li>\n<li><strong>Messen:<\/strong> 163 x 163 x 36 mm<\/li>\n<li><strong>Gewicht:<\/strong> 410 g<\/li>\n<\/ul>\n<p>ReX 2 bietet au\u00dferdem eine bidirektionale Kommunikation zwischen dem Hub und den \u00fcber den Verst\u00e4rker angeschlossenen Ger\u00e4ten und sorgt so f\u00fcr eine schnelle und sichere Daten\u00fcbertragung.<\/p>\n<p>Wenn das System Probleme mit der Funkkommunikation hat, kann es automatisch auf Ethernet-Konnektivit\u00e4t umschalten, um sicherzustellen, dass Alarme und Ereignisse immer schnell und genau \u00fcbermittelt werden.<\/p>\n<p>&nbsp;<\/p>","protected":false},"excerpt":{"rendered":"<p>Ajax ReX 2 ist ein fortschrittlicher Funksignalverst\u00e4rker, der die Reichweite Ihres Sicherheitssystems erweitert und die Fotoverifizierung unterst\u00fctzt.<\/p>\n<p>ReX 2 ist mit Hub 2, Hub 2 Plus und Hub Hybrid kompatibel und gew\u00e4hrleistet eine zuverl\u00e4ssige Kommunikation zwischen Ihren Sicherheitsger\u00e4ten und der Hauptzentrale.<\/p>\n<p>Mit Pufferbatterie, Ethernet-Anschluss und Manipulationsschutz bietet es erh\u00f6hte Flexibilit\u00e4t und Sicherheit f\u00fcr Ihr System.<\/p>","protected":false},"featured_media":152109,"template":"","meta":{"_acf_changed":false},"product_brand":[],"product_cat":[3168,1319],"product_tag":[3127,4863],"class_list":{"0":"post-81908","1":"product","2":"type-product","3":"status-publish","4":"has-post-thumbnail","6":"product_cat-range-extender-repeater","7":"product_cat-ajax-larm","8":"product_tag-kontrollprodukt","9":"product_tag-pf","10":"product_shipping_class-tunga-paket","11":"pa_brands-ajax-systems","12":"pa_color-svart","13":"pa_farg-svart","14":"tm-no-options","16":"first","17":"instock","18":"sale","19":"featured","20":"taxable","21":"shipping-taxable","22":"purchasable","23":"product-type-simple"},"acf":[],"_links":{"self":[{"href":"https:\/\/secureus.se\/de\/wp-json\/wp\/v2\/product\/81908","targetHints":{"allow":["GET"]}}],"collection":[{"href":"https:\/\/secureus.se\/de\/wp-json\/wp\/v2\/product"}],"about":[{"href":"https:\/\/secureus.se\/de\/wp-json\/wp\/v2\/types\/product"}],"wp:featuredmedia":[{"embeddable":true,"href":"https:\/\/secureus.se\/de\/wp-json\/wp\/v2\/media\/152109"}],"wp:attachment":[{"href":"https:\/\/secureus.se\/de\/wp-json\/wp\/v2\/media?parent=81908"}],"wp:term":[{"taxonomy":"product_brand","embeddable":true,"href":"https:\/\/secureus.se\/de\/wp-json\/wp\/v2\/product_brand?post=81908"},{"taxonomy":"product_cat","embeddable":true,"href":"https:\/\/secureus.se\/de\/wp-json\/wp\/v2\/product_cat?post=81908"},{"taxonomy":"product_tag","embeddable":true,"href":"https:\/\/secureus.se\/de\/wp-json\/wp\/v2\/product_tag?post=81908"}],"curies":[{"name":"wp","href":"https:\/\/api.w.org\/{rel}","templated":true}]}}