{"id":82466,"date":"2022-03-10T15:47:00","date_gmt":"2022-03-10T14:47:00","guid":{"rendered":"https:\/\/secureus.se\/produkt\/magnetkontakt-mc440-vit-utanpaliggande\/"},"modified":"2026-02-19T12:54:17","modified_gmt":"2026-02-19T11:54:17","slug":"magnetkontakt-mc440-vit-utanpaliggande","status":"publish","type":"product","link":"https:\/\/secureus.se\/de\/magnetkontakt-mc440-vit-utanpaliggande\/","title":{"rendered":"Magnetkontakt MC440 Wei\u00df \u2013 Aufputzmontage"},"content":{"rendered":"<div>\n<p>F\u00fcr eine schnelle und einfache Installation verf\u00fcgt es \u00fcber eine Schraubklemme mit Drahtschutz und Sabotagekontakt gegen unbefugtes \u00d6ffnen.<\/p>\n<p>Der Magnetkontakt verf\u00fcgt \u00fcber einen gro\u00dfen Spalt, wodurch er problemlos auf den meisten Materialien wie Holz, Kunststoff, Aluminiumt\u00fcren und -fenstern montiert werden kann.<\/p>\n<p>Der Verbinder eignet sich hervorragend f\u00fcr die Montage an Stahlt\u00fcren und Sicherheitst\u00fcren, allerdings sollten Sie dann die mitgelieferten Abstandshalter aus Kunststoff verwenden. F\u00fcr die meisten Installationen gibt es verschiedene Arten von Montagewinkeln. Wenn zus\u00e4tzliche Abstandshalter aus Kunststoff ben\u00f6tigt werden, verwenden Sie MC 400-6 oder MC 400-7.<\/p>\n<\/div>","protected":false},"excerpt":{"rendered":"<p>Produkte aus dem Profimarkt - Alarmtech - Immer g\u00fcnstiger Preis<\/p>","protected":false},"featured_media":145315,"template":"","meta":{"_acf_changed":false},"product_brand":[],"product_cat":[3086],"product_tag":[],"class_list":{"0":"post-82466","1":"product","2":"type-product","3":"status-publish","4":"has-post-thumbnail","6":"product_cat-magnetkontakter","7":"product_shipping_class-postnord-varubrev","8":"pa_brands-alarmtech","9":"tm-no-options","11":"first","12":"instock","13":"featured","14":"taxable","15":"shipping-taxable","16":"purchasable","17":"product-type-simple"},"acf":[],"_links":{"self":[{"href":"https:\/\/secureus.se\/de\/wp-json\/wp\/v2\/product\/82466","targetHints":{"allow":["GET"]}}],"collection":[{"href":"https:\/\/secureus.se\/de\/wp-json\/wp\/v2\/product"}],"about":[{"href":"https:\/\/secureus.se\/de\/wp-json\/wp\/v2\/types\/product"}],"wp:featuredmedia":[{"embeddable":true,"href":"https:\/\/secureus.se\/de\/wp-json\/wp\/v2\/media\/145315"}],"wp:attachment":[{"href":"https:\/\/secureus.se\/de\/wp-json\/wp\/v2\/media?parent=82466"}],"wp:term":[{"taxonomy":"product_brand","embeddable":true,"href":"https:\/\/secureus.se\/de\/wp-json\/wp\/v2\/product_brand?post=82466"},{"taxonomy":"product_cat","embeddable":true,"href":"https:\/\/secureus.se\/de\/wp-json\/wp\/v2\/product_cat?post=82466"},{"taxonomy":"product_tag","embeddable":true,"href":"https:\/\/secureus.se\/de\/wp-json\/wp\/v2\/product_tag?post=82466"}],"curies":[{"name":"wp","href":"https:\/\/api.w.org\/{rel}","templated":true}]}}