{"id":82467,"date":"2022-03-10T15:47:00","date_gmt":"2022-03-10T14:47:00","guid":{"rendered":"https:\/\/secureus.se\/produkt\/magnetkontakt-port-hogsak-mc270-s68-alarmtech\/"},"modified":"2025-12-31T19:47:55","modified_gmt":"2025-12-31T18:47:55","slug":"magnetkontakt-port-hogsak-mc270-s68-alarmtech","status":"publish","type":"product","link":"https:\/\/secureus.se\/de\/magnetkontakt-port-hogsak-mc270-s68-alarmtech\/","title":{"rendered":"Magnetischer Kontakt Portkontakt. MC 270-S68 Alarmtech"},"content":{"rendered":"<div>\n<p>Das MC 270-S68-Set ist f\u00fcr exponierte Umgebungen gedacht, in denen ein robusterer Magnetkontakt an Garagen- und Industrietoren vom Typ Falt- oder \u00dcberkopftor usw. erforderlich ist.<\/p>\n<p>Das Set besteht aus dem Kontaktteil MC 270-C mit \u00d6ffnerfunktion montiert im MC 200-6 Al-Geh\u00e4use und einem extra starken Magneten im MC 200-8 Al-Geh\u00e4use, der einen gro\u00dfen \u00d6ffnungsspalt erm\u00f6glicht. Das am Boden montierte Teil kann das Gewicht eines Autos tragen. Das Set MC 270-S68 kann vorteilhaft mit einem Panzerschlauch MC Tx (MC T2, MC T4, MC T7) erg\u00e4nzt werden. Das Produkt ist SBSC-zugelassen gem\u00e4\u00df MC 270 \/ MK 240.<\/p>\n<\/div>\n<div class=\"addthis_toolbox\"><span class=\"st_sharethis\"><span class=\"stButton\" style=\"text-decoration: none;color: #000000;display: inline-block;cursor: pointer;padding-left: 0px;padding-right: 0px;width: 16px\"><span class=\"chicklets sharethis\">\u00a0<\/span><\/span><\/span> <span class=\"st_facebook\"><span class=\"stButton\" style=\"text-decoration: none;color: #000000;display: inline-block;cursor: pointer;padding-left: 0px;padding-right: 0px;width: 16px\"><span class=\"chicklets facebook\">\u00a0<\/span><\/span><\/span> <span class=\"st_twitter\"><span class=\"stButton\" style=\"text-decoration: none;color: #000000;display: inline-block;cursor: pointer;padding-left: 0px;padding-right: 0px;width: 16px\"><span class=\"chicklets twitter\">\u00a0<\/span><\/span><\/span> <span class=\"st_linkedin\"><span class=\"stButton\" style=\"text-decoration: none;color: #000000;display: inline-block;cursor: pointer;padding-left: 0px;padding-right: 0px;width: 16px\"><span class=\"chicklets linkedin\">\u00a0<\/span><\/span><\/span> <span class=\"st_email\"><span class=\"stButton\" style=\"text-decoration: none;color: #000000;display: inline-block;cursor: pointer;padding-left: 0px;padding-right: 0px;width: 16px\"><span class=\"chicklets email\">\u00a0<\/span><\/span><\/span><\/div>","protected":false},"excerpt":{"rendered":"<p>Magnetischer Kontakt Portkontakt. MC270-S68 Alarmtech<\/p>","protected":false},"featured_media":145326,"template":"","meta":{"_acf_changed":false},"product_brand":[],"product_cat":[3086],"product_tag":[2466],"class_list":{"0":"post-82467","1":"product","2":"type-product","3":"status-publish","4":"has-post-thumbnail","6":"product_cat-magnetkontakter","7":"product_tag-sbsc-larmklass3","8":"product_shipping_class-postnord-varubrev","9":"pa_brands-alarmtech","10":"tm-no-options","12":"first","13":"instock","14":"sale","15":"featured","16":"taxable","17":"shipping-taxable","18":"purchasable","19":"product-type-simple"},"acf":[],"_links":{"self":[{"href":"https:\/\/secureus.se\/de\/wp-json\/wp\/v2\/product\/82467","targetHints":{"allow":["GET"]}}],"collection":[{"href":"https:\/\/secureus.se\/de\/wp-json\/wp\/v2\/product"}],"about":[{"href":"https:\/\/secureus.se\/de\/wp-json\/wp\/v2\/types\/product"}],"wp:featuredmedia":[{"embeddable":true,"href":"https:\/\/secureus.se\/de\/wp-json\/wp\/v2\/media\/145326"}],"wp:attachment":[{"href":"https:\/\/secureus.se\/de\/wp-json\/wp\/v2\/media?parent=82467"}],"wp:term":[{"taxonomy":"product_brand","embeddable":true,"href":"https:\/\/secureus.se\/de\/wp-json\/wp\/v2\/product_brand?post=82467"},{"taxonomy":"product_cat","embeddable":true,"href":"https:\/\/secureus.se\/de\/wp-json\/wp\/v2\/product_cat?post=82467"},{"taxonomy":"product_tag","embeddable":true,"href":"https:\/\/secureus.se\/de\/wp-json\/wp\/v2\/product_tag?post=82467"}],"curies":[{"name":"wp","href":"https:\/\/api.w.org\/{rel}","templated":true}]}}