{"id":82469,"date":"2022-03-10T15:47:00","date_gmt":"2022-03-10T14:47:00","guid":{"rendered":"https:\/\/secureus.se\/produkt\/vibrationsdetektor-med-inbyggd-magnetkontakt\/"},"modified":"2026-04-22T15:52:34","modified_gmt":"2026-04-22T13:52:34","slug":"vd-1-vibrationsdetektor-med-inbyggd-magnetkontakt","status":"publish","type":"product","link":"https:\/\/secureus.se\/de\/vd-1-vibrationsdetektor-med-inbyggd-magnetkontakt\/","title":{"rendered":"VD-1 Vibrationsmelder mit eingebautem Magnetkontakt"},"content":{"rendered":"<h1>VD-1 Vibrationsmelder mit Magnetkontakt \u2013 Sicherheit auf h\u00f6chstem Niveau<\/h1>\n<p>SATEL VD-1 ist ein fortschrittlicher Vibrationsdetektor, der Pr\u00e4zision und Flexibilit\u00e4t vereint.<\/p>\n<p>Durch den integrierten Magnetkontakt erkennt er Einbruchsversuche, wie etwa gewaltsame Versuche, T\u00fcren und Fenster zu \u00f6ffnen und ignoriert dabei nat\u00fcrliche Ersch\u00fctterungen aus der Umgebung, wie etwa Wind und Luftzug.<\/p>\n<p>Durch die einstellbare Empfindlichkeit ist es m\u00f6glich, den Melder an individuelle Bed\u00fcrfnisse anzupassen. Der VD-1 kann sowohl einzelne starke Vibrationen als auch eine Reihe schw\u00e4cherer Vibrationen erkennen und ist daher ideal f\u00fcr verschiedene Sicherheitsumgebungen geeignet.<\/p>\n<p>Dar\u00fcber hinaus bietet es eine klare LED-Anzeige zur Signalisierung von Status und Alarmen.<\/p>\n<p>Mit seinem Manipulationsschalter und seiner robusten Konstruktion ist der VD-1 eine zuverl\u00e4ssige L\u00f6sung f\u00fcr alle Sicherheitsanforderungen.<\/p>\n<p>Der Melder ist in den zwei Farben Wei\u00df und Braun erh\u00e4ltlich und passt sich so jeder Umgebung an.<\/p>\n<h3>Vorteile:<\/h3>\n<ul>\n<li><strong>Erweiterte Erkennung<\/strong>: Unterscheidet zwischen nat\u00fcrlichen Vibrationen und Einbruchsversuchen.<\/li>\n<li><strong>Einstellbare Empfindlichkeit<\/strong>: Anpassen, um sowohl starke als auch schwache Vibrationen zu erkennen.<\/li>\n<li><strong>Manipulationsschutz<\/strong>: Sch\u00fctzt vor unberechtigtem Zugriff und Manipulation.<\/li>\n<li><strong>Elegantes Design<\/strong>: Erh\u00e4ltlich in Wei\u00df und Braun, passend f\u00fcr jede Umgebung.<\/li>\n<\/ul>\n<h3>Spezifikationen:<\/h3>\n<ul>\n<li><strong>Messen<\/strong>: 26 x 112 x 29 mm<\/li>\n<li><strong>Betriebsspannung<\/strong>: 12 V Gleichstrom (\u00b115 %)<\/li>\n<li><strong>Stromverbrauch<\/strong>: Standby 3,5 mA, Max. 5,4 mA<\/li>\n<li><strong>Temperaturbereich<\/strong>: -10\u00b0C bis +55\u00b0C<\/li>\n<li><strong>Typische Erkennungsentfernungen<\/strong>: Bis zu 3,5 Meter auf Holzoberfl\u00e4chen<\/li>\n<\/ul>\n<p>W\u00e4hlen Sie SATEL VD-1 f\u00fcr ein sicheres Zuhause oder Gesch\u00e4ft.<\/p>","protected":false},"excerpt":{"rendered":"<p><strong>VD-1 Vibrationsmelder mit Magnetkontakt<\/strong><\/p>\n<p>Sorgen Sie f\u00fcr maximale Sicherheit mit dem SATEL VD-1, einem Vibrationsmelder, der zwischen nat\u00fcrlichen Vibrationen und Einbruchsversuchen unterscheiden kann. Mit einstellbarer Empfindlichkeit und Manipulationsfunktion ist es ideal zum Schutz von T\u00fcren und Fenstern.<\/p>","protected":false},"featured_media":145376,"template":"","meta":{"_acf_changed":false},"product_brand":[],"product_cat":[3085,3086,1324],"product_tag":[2418],"class_list":{"0":"post-82469","1":"product","2":"type-product","3":"status-publish","4":"has-post-thumbnail","6":"product_cat-vibationsdetektorer-glaskrossdetektorer","7":"product_cat-magnetkontakter","8":"product_cat-outlet","9":"product_tag-rel-larmgivare","10":"product_shipping_class-postnord-varubrev","11":"pa_brands-satel","12":"tm-no-options","14":"first","15":"instock","16":"sale","17":"featured","18":"taxable","19":"shipping-taxable","20":"purchasable","21":"product-type-simple"},"acf":[],"_links":{"self":[{"href":"https:\/\/secureus.se\/de\/wp-json\/wp\/v2\/product\/82469","targetHints":{"allow":["GET"]}}],"collection":[{"href":"https:\/\/secureus.se\/de\/wp-json\/wp\/v2\/product"}],"about":[{"href":"https:\/\/secureus.se\/de\/wp-json\/wp\/v2\/types\/product"}],"wp:featuredmedia":[{"embeddable":true,"href":"https:\/\/secureus.se\/de\/wp-json\/wp\/v2\/media\/145376"}],"wp:attachment":[{"href":"https:\/\/secureus.se\/de\/wp-json\/wp\/v2\/media?parent=82469"}],"wp:term":[{"taxonomy":"product_brand","embeddable":true,"href":"https:\/\/secureus.se\/de\/wp-json\/wp\/v2\/product_brand?post=82469"},{"taxonomy":"product_cat","embeddable":true,"href":"https:\/\/secureus.se\/de\/wp-json\/wp\/v2\/product_cat?post=82469"},{"taxonomy":"product_tag","embeddable":true,"href":"https:\/\/secureus.se\/de\/wp-json\/wp\/v2\/product_tag?post=82469"}],"curies":[{"name":"wp","href":"https:\/\/api.w.org\/{rel}","templated":true}]}}