{"id":82471,"date":"2022-03-10T15:48:00","date_gmt":"2022-03-10T14:48:00","guid":{"rendered":"https:\/\/secureus.se\/produkt\/lr-cl-lins-i-kapsling-langstralande-for-slim-line-ir-detektor-luna-ir-detektor-pro-dual-luna-och-dual-pro\/"},"modified":"2025-12-31T19:45:15","modified_gmt":"2025-12-31T18:45:15","slug":"langstralande-lins-for-slim-line","status":"publish","type":"product","link":"https:\/\/secureus.se\/de\/langstralande-lins-for-slim-line\/","title":{"rendered":"Weitstrahlende Linse f\u00fcr SLIM-LINE"},"content":{"rendered":"<div id=\"leftpane\">\n<h1>Fernlichtlinse f\u00fcr SLIM-LINE \u2013 Verbessern Sie Ihr Sicherheitssystem<\/h1>\n<p>Das LR-CL ist ein Langstrahlobjektiv, das speziell entwickelt wurde, um die Leistung der Detektoren der SLIM-LINE-Serie zu maximieren.<\/p>\n<p>Dieses Objektiv passt sowohl f\u00fcr IR- als auch f\u00fcr DUAL-Versionen, einschlie\u00dflich der PRO- und LUNA-Modelle, und bietet hervorragende Erkennungsf\u00e4higkeiten in gro\u00dfen R\u00e4umen.<\/p>\n<p>Mit diesem Objektiv k\u00f6nnen Sie:<\/p>\n<ul>\n<li>Erweitern Sie den Erfassungsbereich, um gr\u00f6\u00dfere Entfernungen abzudecken.<\/li>\n<li>Sorgen Sie f\u00fcr eine h\u00f6here Erkennungsgenauigkeit in komplexen Sicherheitsumgebungen.<\/li>\n<li>Passen Sie Ihre Installation individuell an durch einfache Montage und Kompatibilit\u00e4t mit allen Topmodellen der SLIM-LINE-Serie.<\/li>\n<\/ul>\n<p><strong>Perfekt f\u00fcr:<\/strong><\/p>\n<ul>\n<li>Lagerhallen und Gewerbeimmobilien.<\/li>\n<li>Lange Korridore und Industrieumgebungen.<\/li>\n<li>Anwendungen, die hohe Pr\u00e4zision und Zuverl\u00e4ssigkeit erfordern.<\/li>\n<\/ul>\n<p>Machen Sie Ihre Sicherheitsl\u00f6sungen mit dem LR-CL-Objektiv noch robuster und effizienter.<\/p>\n<\/div>","protected":false},"excerpt":{"rendered":"<p><strong>Weitstrahlende Linse f\u00fcr SLIM-LINE<\/strong><br \/>\nHolen Sie mit dem LR-CL-Objektiv das Beste aus Ihren SLIM-LINE-Detektoren heraus.<\/p>\n<p>Es wurde speziell f\u00fcr die Modelle PRO, LUNA und DUAL entwickelt und bietet eine erh\u00f6hte Erkennungskapazit\u00e4t und hohe Pr\u00e4zision.<\/p>\n<p>&nbsp;<\/p>","protected":false},"featured_media":145006,"template":"","meta":{"_acf_changed":false},"product_brand":[],"product_cat":[1325],"product_tag":[2145],"class_list":{"0":"post-82471","1":"product","2":"type-product","3":"status-publish","4":"has-post-thumbnail","6":"product_cat-larmgivare-skalskydd","7":"product_tag-rorelsedetektor-ir-detektorer","8":"product_shipping_class-postnord-varubrev","9":"pa_brands-satel","10":"tm-no-options","12":"first","13":"instock","14":"sale","15":"featured","16":"taxable","17":"shipping-taxable","18":"purchasable","19":"product-type-simple"},"acf":[],"_links":{"self":[{"href":"https:\/\/secureus.se\/de\/wp-json\/wp\/v2\/product\/82471","targetHints":{"allow":["GET"]}}],"collection":[{"href":"https:\/\/secureus.se\/de\/wp-json\/wp\/v2\/product"}],"about":[{"href":"https:\/\/secureus.se\/de\/wp-json\/wp\/v2\/types\/product"}],"wp:featuredmedia":[{"embeddable":true,"href":"https:\/\/secureus.se\/de\/wp-json\/wp\/v2\/media\/145006"}],"wp:attachment":[{"href":"https:\/\/secureus.se\/de\/wp-json\/wp\/v2\/media?parent=82471"}],"wp:term":[{"taxonomy":"product_brand","embeddable":true,"href":"https:\/\/secureus.se\/de\/wp-json\/wp\/v2\/product_brand?post=82471"},{"taxonomy":"product_cat","embeddable":true,"href":"https:\/\/secureus.se\/de\/wp-json\/wp\/v2\/product_cat?post=82471"},{"taxonomy":"product_tag","embeddable":true,"href":"https:\/\/secureus.se\/de\/wp-json\/wp\/v2\/product_tag?post=82471"}],"curies":[{"name":"wp","href":"https:\/\/api.w.org\/{rel}","templated":true}]}}