{"id":82472,"date":"2022-03-10T15:48:00","date_gmt":"2022-03-10T14:48:00","guid":{"rendered":"https:\/\/secureus.se\/produkt\/fjarrkontroll-opt-1-for-slimline-detektorer\/"},"modified":"2025-12-31T19:49:06","modified_gmt":"2025-12-31T18:49:06","slug":"opt-1-fjarrkontroll-for-slimline-detektorer","status":"publish","type":"product","link":"https:\/\/secureus.se\/de\/opt-1-fjarrkontroll-for-slimline-detektorer\/","title":{"rendered":"Satel OPT-1 Fernbedienung f\u00fcr Slimline-Melder zum Einstellen und Programmieren"},"content":{"rendered":"<div>\n<div>\n<div>\n<div>\n<div>\n<div data-tid=\"messageBodyContainer\">\n<div data-tid=\"messageBodyContent\">\n<div>\n<div>\n<div>\n<h1>Die OPT-1-Fernbedienung ist eine innovative L\u00f6sung f\u00fcr die Installation und Wartung von Slimline-Meldern von SATEL.<\/h1>\n<p>Diese Infrarot-Fernbedienung erm\u00f6glicht es, die Betriebsparameter der Melder schnell und einfach zu \u00e4ndern, ohne das Ger\u00e4t \u00f6ffnen zu m\u00fcssen.<\/p>\n<p>Mit einer Reichweite von 15 Metern k\u00f6nnen Sie wichtige Einstellungen wie Sensorempfindlichkeit, Gehtest und vieles mehr anpassen und so die Installation schneller und einfacher gestalten.<\/p>\n<p>Diese Fernbedienung ist ein zeitsparendes und kosteng\u00fcnstiges Ger\u00e4t, das den Installations- und Serviceprozess verk\u00fcrzt.<\/p>\n<p>Durch die M\u00f6glichkeit, die Detektoren zu steuern und zu testen, ohne das Geh\u00e4use physisch \u00f6ffnen zu m\u00fcssen, wird das Risiko einer Besch\u00e4digung der Ger\u00e4te verringert und die Effizienz bei der Fehlerbehebung und Einrichtung erh\u00f6ht.<\/p>\n<p>Dies f\u00fchrt auch zu geringeren Betriebskosten sowohl bei der Installation als auch bei der Wartung und macht es zu einem unverzichtbaren Werkzeug f\u00fcr Installateure und Techniker.<\/p>\n<p>Die OPT-1-Fernbedienung ist mit einer Vielzahl von Slimline-Detektoren kompatibel, darunter LUNA, LUNA-PET, PRO, DUAL-LUNA, DUAL-LUNA-PET, DUAL-PRO, OPAL Plus und OPAL Pro.<\/p>\n<p>Dadurch kann es sowohl f\u00fcr einfache als auch f\u00fcr erweiterte Detektoren in verschiedenen Sicherheitssystemen verwendet werden.<\/p>\n<p>Unabh\u00e4ngig davon, ob Sie mit einem einfachen Bewegungsmelder oder einem fortschrittlicheren Dual-Technologie-Ger\u00e4t arbeiten, bietet die Fernbedienung OPT-1 eine praktische L\u00f6sung, um die Funktionen des Ger\u00e4ts an spezifische Bed\u00fcrfnisse anzupassen.<\/p>\n<p><strong>Funktionen und Vorteile:<\/strong><\/p>\n<ul>\n<li><strong>Einfache Installation und Einstellung:<\/strong> Passen Sie Betriebsparameter an, ohne das Ger\u00e4t zu \u00f6ffnen.<\/li>\n<li><strong>15 Meter Reichweite:<\/strong> Bequeme Nutzung aus der Ferne bei Installation und Service.<\/li>\n<li><strong>Kompatibilit\u00e4t:<\/strong> Passend f\u00fcr mehrere Slimline-Detektoren, darunter LUNA, OPAL Plus und OPAL Pro.<\/li>\n<li><strong>Kosteng\u00fcnstig:<\/strong> Spart Zeit und Geld durch schnelle und effiziente Programmierung.<\/li>\n<li><strong>Sicher und zuverl\u00e4ssig:<\/strong> Erm\u00f6glicht Anpassungen, ohne das Risiko einer Besch\u00e4digung des Ger\u00e4ts einzugehen.<\/li>\n<\/ul>\n<p><strong>Technische Spezifikationen:<\/strong><\/p>\n<ul>\n<li><strong>Umfang:<\/strong> Bis zu 15 Meter<\/li>\n<li><strong>Kompatibilit\u00e4t:<\/strong> SLIM-IR-Detektor -LUNA, SLIM-IR-Detektor -LUNA-PET, SLIM-IR-Detektor -PRO, SLIM-DUAL-LUNA, SLIM-DUAL-LUNA-PET, SLIM-DUAL-PRO, OPAL Plus, OPAL Pro<\/li>\n<li><strong>Verwenden:<\/strong> Fernsteuerung von Bewegungsmeldern ohne \u00d6ffnen des Geh\u00e4uses<\/li>\n<li><strong>Merkmale:<\/strong> Anpassung von Sensorempfindlichkeit, Gehtest und anderen Betriebsparametern<\/li>\n<\/ul>\n<\/div>\n<\/div>\n<\/div>\n<\/div>\n<\/div>\n<\/div>\n<\/div>\n<\/div>\n<\/div>\n<\/div>","protected":false},"excerpt":{"rendered":"<p>OPT-1-Fernbedienung f\u00fcr Slimline-Melder \u2013 Eine praktische und kosteng\u00fcnstige L\u00f6sung zur Steuerung und Programmierung von Bewegungsmeldern aus der Ferne.<\/p>\n<p>Mit einer Reichweite von 15 Metern k\u00f6nnen Sie die Sensorempfindlichkeit und andere Einstellungen anpassen, ohne das Geh\u00e4use \u00f6ffnen zu m\u00fcssen.<\/p>","protected":false},"featured_media":145028,"template":"","meta":{"_acf_changed":false},"product_brand":[],"product_cat":[1325],"product_tag":[],"class_list":{"0":"post-82472","1":"product","2":"type-product","3":"status-publish","4":"has-post-thumbnail","6":"product_cat-larmgivare-skalskydd","7":"product_shipping_class-postnord-varubrev","8":"pa_brands-satel","9":"tm-no-options","11":"first","12":"instock","13":"sale","14":"featured","15":"taxable","16":"shipping-taxable","17":"purchasable","18":"product-type-simple"},"acf":[],"_links":{"self":[{"href":"https:\/\/secureus.se\/de\/wp-json\/wp\/v2\/product\/82472","targetHints":{"allow":["GET"]}}],"collection":[{"href":"https:\/\/secureus.se\/de\/wp-json\/wp\/v2\/product"}],"about":[{"href":"https:\/\/secureus.se\/de\/wp-json\/wp\/v2\/types\/product"}],"wp:featuredmedia":[{"embeddable":true,"href":"https:\/\/secureus.se\/de\/wp-json\/wp\/v2\/media\/145028"}],"wp:attachment":[{"href":"https:\/\/secureus.se\/de\/wp-json\/wp\/v2\/media?parent=82472"}],"wp:term":[{"taxonomy":"product_brand","embeddable":true,"href":"https:\/\/secureus.se\/de\/wp-json\/wp\/v2\/product_brand?post=82472"},{"taxonomy":"product_cat","embeddable":true,"href":"https:\/\/secureus.se\/de\/wp-json\/wp\/v2\/product_cat?post=82472"},{"taxonomy":"product_tag","embeddable":true,"href":"https:\/\/secureus.se\/de\/wp-json\/wp\/v2\/product_tag?post=82472"}],"curies":[{"name":"wp","href":"https:\/\/api.w.org\/{rel}","templated":true}]}}