{"id":82473,"date":"2022-03-10T15:48:00","date_gmt":"2022-03-10T14:48:00","guid":{"rendered":"https:\/\/secureus.se\/produkt\/ct-cl-lins-i-kapsling-gardinlins-for-slim-pro-luna-ej-pet\/"},"modified":"2025-12-31T19:48:59","modified_gmt":"2025-12-31T18:48:59","slug":"gardinlins-for-slim-pro-och-luna","status":"publish","type":"product","link":"https:\/\/secureus.se\/de\/gardinlins-for-slim-pro-och-luna\/","title":{"rendered":"Vorhanglinse f\u00fcr SLIM-PRO und LUNA (nicht f\u00fcr Haustiere)"},"content":{"rendered":"<div>\n<h1>Vorhanglinse f\u00fcr SLIM-PRO und SLIM-LUNA \u2013 Pr\u00e4zision und Sicherheit<\/h1>\n<p>Verbessern Sie Ihre Sicherheitsinstallation mit dieser Vorhanglinse, die f\u00fcr SLIM-PRO- und SLIM-LUNA-Melder von SATEL entwickelt wurde.<\/p>\n<p>Das Objektiv bietet eine elegante und funktionale L\u00f6sung f\u00fcr die Pr\u00e4zisionserkennung in professionellen Anwendungen.<\/p>\n<p>Es eignet sich perfekt f\u00fcr Bereiche, die eine genaue \u00dcberwachung erfordern, ohne unn\u00f6tige St\u00f6rungen durch die Bewegungen von Haustieren.<\/p>\n<p><strong>Hauptmerkmale:<\/strong><\/p>\n<ul>\n<li><strong>Fortschrittliche Fresnell-Technologie<\/strong>: Bietet hohe Pr\u00e4zision und Stabilit\u00e4t bei der Erkennung.<\/li>\n<li><strong>Flexible Installation<\/strong>: Einfache Installation in vorhandenen SLIM-PRO- und SLIM-LUNA-Detektoren.<\/li>\n<li><strong>Hohe Kompatibilit\u00e4t<\/strong>: Ma\u00dfgeschneidert f\u00fcr die Serien SLIM-PRO und SLIM-LUNA (kein PET).<\/li>\n<\/ul>\n<p><strong>Einsatzgebiete:<\/strong><\/p>\n<ul>\n<li>Gesch\u00e4ftsr\u00e4ume und Lagerhallen<\/li>\n<li>Schulen und \u00f6ffentliche Geb\u00e4ude<\/li>\n<li>Empfindliche Bereiche, die eine sorgf\u00e4ltige Bewegungs\u00fcberwachung erfordern<\/li>\n<\/ul>\n<p>Werten Sie Ihr Sicherheitssystem mit einer Linse auf, die Pr\u00e4zision und Zuverl\u00e4ssigkeit vereint.<\/p>\n<p>Geeignet f\u00fcr die anspruchsvollsten Sicherheitsumgebungen.<\/p>\n<\/div>\n<div><\/div>","protected":false},"excerpt":{"rendered":"<h4>Vorhanglinse f\u00fcr SLIM-PRO und LUNA<\/h4>\n<p>Optimieren Sie die Sicherheit mit dieser Fresnell-Vorhanglinse f\u00fcr SLIM-PRO- und SLIM-LUNA-Detektoren.<\/p>\n<p>Perfekt f\u00fcr die pr\u00e4zise Erkennung im professionellen Umfeld.<\/p>\n<p>Nicht f\u00fcr Haustierdetektoren geeignet.<\/p>","protected":false},"featured_media":145022,"template":"","meta":{"_acf_changed":false},"product_brand":[],"product_cat":[1325],"product_tag":[2145],"class_list":{"0":"post-82473","1":"product","2":"type-product","3":"status-publish","4":"has-post-thumbnail","6":"product_cat-larmgivare-skalskydd","7":"product_tag-rorelsedetektor-ir-detektorer","8":"product_shipping_class-postnord-varubrev","9":"pa_brands-satel","10":"tm-no-options","12":"first","13":"instock","14":"sale","15":"featured","16":"taxable","17":"shipping-taxable","18":"purchasable","19":"product-type-simple"},"acf":[],"_links":{"self":[{"href":"https:\/\/secureus.se\/de\/wp-json\/wp\/v2\/product\/82473","targetHints":{"allow":["GET"]}}],"collection":[{"href":"https:\/\/secureus.se\/de\/wp-json\/wp\/v2\/product"}],"about":[{"href":"https:\/\/secureus.se\/de\/wp-json\/wp\/v2\/types\/product"}],"wp:featuredmedia":[{"embeddable":true,"href":"https:\/\/secureus.se\/de\/wp-json\/wp\/v2\/media\/145022"}],"wp:attachment":[{"href":"https:\/\/secureus.se\/de\/wp-json\/wp\/v2\/media?parent=82473"}],"wp:term":[{"taxonomy":"product_brand","embeddable":true,"href":"https:\/\/secureus.se\/de\/wp-json\/wp\/v2\/product_brand?post=82473"},{"taxonomy":"product_cat","embeddable":true,"href":"https:\/\/secureus.se\/de\/wp-json\/wp\/v2\/product_cat?post=82473"},{"taxonomy":"product_tag","embeddable":true,"href":"https:\/\/secureus.se\/de\/wp-json\/wp\/v2\/product_tag?post=82473"}],"curies":[{"name":"wp","href":"https:\/\/api.w.org\/{rel}","templated":true}]}}