{"id":82474,"date":"2022-03-10T15:48:00","date_gmt":"2022-03-10T14:48:00","guid":{"rendered":"https:\/\/secureus.se\/produkt\/lr-cl2-lins-i-kapsling-langstralande-for-slim-line-ir-detektor-dual\/"},"modified":"2025-12-31T19:56:37","modified_gmt":"2025-12-31T18:56:37","slug":"langstralande-lins-till-slim-line-dual","status":"publish","type":"product","link":"https:\/\/secureus.se\/de\/langstralande-lins-till-slim-line-dual\/","title":{"rendered":"Weitstrahlendes Objektiv f\u00fcr SLIM-LINE DUAL"},"content":{"rendered":"<h1>Langstrahllinse LR-CL2 f\u00fcr SLIM-LINE-Detektoren<\/h1>\n<p>Der LR-CL2 ist die perfekte L\u00f6sung f\u00fcr alle, die eine verbesserte Erkennung auf gro\u00dfe Entfernungen ben\u00f6tigen.<\/p>\n<p>Dieses Objektiv ist f\u00fcr die SLIM-LINE-Detektoren von SATEL, einschlie\u00dflich SLIM-PIR und SLIM-DUAL, konzipiert und somit eine flexible Wahl f\u00fcr gewerbliche und private Sicherheitssysteme.<\/p>\n<p>Mit dem LR-CL2 erhalten Sie ein Objektiv in einem robusten Geh\u00e4use mit Fresnel-Technologie, das einfach gegen das Standardgeh\u00e4use ausgetauscht werden kann.<\/p>\n<p>Keine komplexe Montage erforderlich \u2013 der Objektivwechsel dauert nur 30 Sekunden. Dies macht den LR-CL2 zu einem einfachen Upgrade, um die Sicherheit Ihres Eigentums zu maximieren.<\/p>\n<p>Funktionen und Vorteile:<\/p>\n<ul>\n<li><strong>Fernerkennung<\/strong>: Perfekt f\u00fcr gro\u00dfe Fl\u00e4chen, bei denen der Abstand entscheidend ist.<\/li>\n<li><strong>Einfache Installation<\/strong>: Wechseln Sie die Kappe schnell, ohne das Objektiv selbst anpassen zu m\u00fcssen.<\/li>\n<li><strong>Robustes Geh\u00e4use<\/strong>: Robuste Konstruktion, die das Objektiv in rauen Umgebungen sch\u00fctzt.<\/li>\n<li><strong>Kompatibilit\u00e4t<\/strong>: Funktioniert mit SLIM-PIR- und SLIM-DUAL-Meldern.<\/li>\n<\/ul>\n<p>Mit dem LR-CL2 stellen Sie sicher, dass Ihre Sicherheitsl\u00f6sung auch unter anspruchsvollen Bedingungen optimal funktioniert.<\/p>\n<p>Dieses Objektiv ist ein unverzichtbares Zubeh\u00f6r, um die Sicherheit auf die n\u00e4chste Stufe zu heben.<\/p>","protected":false},"excerpt":{"rendered":"<p>Das Fernstrahlobjektiv LR-CL2 f\u00fcr SLIM-LINE-Detektoren bietet eine hervorragende Erkennung \u00fcber gro\u00dfe Entfernungen.<\/p>\n<p>Passend f\u00fcr IR- und DUAL-Versionen. Einfach auszutauschen und ideal f\u00fcr erweiterte Sicherheitssysteme.<\/p>\n<p>&nbsp;<\/p>","protected":false},"featured_media":145014,"template":"","meta":{"_acf_changed":false},"product_brand":[],"product_cat":[3220,1325],"product_tag":[2145],"class_list":{"0":"post-82474","1":"product","2":"type-product","3":"status-publish","4":"has-post-thumbnail","6":"product_cat-larmtillbehor","7":"product_cat-larmgivare-skalskydd","8":"product_tag-rorelsedetektor-ir-detektorer","9":"product_shipping_class-postnord-varubrev","10":"pa_brands-satel","11":"tm-no-options","13":"first","14":"instock","15":"sale","16":"featured","17":"taxable","18":"shipping-taxable","19":"purchasable","20":"product-type-simple"},"acf":[],"_links":{"self":[{"href":"https:\/\/secureus.se\/de\/wp-json\/wp\/v2\/product\/82474","targetHints":{"allow":["GET"]}}],"collection":[{"href":"https:\/\/secureus.se\/de\/wp-json\/wp\/v2\/product"}],"about":[{"href":"https:\/\/secureus.se\/de\/wp-json\/wp\/v2\/types\/product"}],"wp:featuredmedia":[{"embeddable":true,"href":"https:\/\/secureus.se\/de\/wp-json\/wp\/v2\/media\/145014"}],"wp:attachment":[{"href":"https:\/\/secureus.se\/de\/wp-json\/wp\/v2\/media?parent=82474"}],"wp:term":[{"taxonomy":"product_brand","embeddable":true,"href":"https:\/\/secureus.se\/de\/wp-json\/wp\/v2\/product_brand?post=82474"},{"taxonomy":"product_cat","embeddable":true,"href":"https:\/\/secureus.se\/de\/wp-json\/wp\/v2\/product_cat?post=82474"},{"taxonomy":"product_tag","embeddable":true,"href":"https:\/\/secureus.se\/de\/wp-json\/wp\/v2\/product_tag?post=82474"}],"curies":[{"name":"wp","href":"https:\/\/api.w.org\/{rel}","templated":true}]}}