{"id":82475,"date":"2022-03-10T15:48:00","date_gmt":"2022-03-10T14:48:00","guid":{"rendered":"https:\/\/secureus.se\/produkt\/slim-ir-detektor-klass-grade2-15x20-meter\/"},"modified":"2026-04-01T14:37:06","modified_gmt":"2026-04-01T12:37:06","slug":"slim-ir-detektor-klass-grade2-15x20-meter","status":"publish","type":"product","link":"https:\/\/secureus.se\/de\/slim-ir-detektor-klass-grade2-15x20-meter\/","title":{"rendered":"Satel PIR-Melder Grade2 15\u00d720 Meter"},"content":{"rendered":"<h1>SLIM-PIR-Bewegungsmelder der Klasse 2 \u2013 Ma\u00dfgeschneidert f\u00fcr Sicherheit<\/h1>\n<p>Der SLIM-PIR-Bewegungsmelder wurde entwickelt, um die Anforderungen an zuverl\u00e4ssige Sicherheit in Innenr\u00e4umen zu erf\u00fcllen.<\/p>\n<p>Mit seiner Zertifizierung nach EN 50131 Klasse 2 und den erweiterten Funktionen eignet es sich perfekt f\u00fcr Wohn- und Gewerbeimmobilien.<\/p>\n<p>Der Detektor nutzt Passiv-Infrarot-Technologie (IR), um Bewegungen mit hoher Pr\u00e4zision zu erkennen. Es verf\u00fcgt \u00fcber eine einstellbare Empfindlichkeitsstufe, die es erm\u00f6glicht, die Erkennung je nach Umgebung zu optimieren.<\/p>\n<p>Dank der austauschbaren Objektive l\u00e4sst sich SLIM-PIR problemlos an unterschiedliche Anwendungen anpassen \u2013 je nach Bedarf k\u00f6nnen Sie zwischen Weitwinkel, Vorhang oder gro\u00dfer Entfernung w\u00e4hlen.<\/p>\n<h4>Vorteile und Funktionen<\/h4>\n<ul>\n<li><strong>Zertifizierung nach EN 50131 Klasse 2:<\/strong> Erf\u00fcllt hohe Sicherheitsanforderungen.<\/li>\n<li><strong>Einstellbare Empfindlichkeit:<\/strong> Passen Sie die Erkennung entsprechend der Umgebung an.<\/li>\n<li><strong>Optionale Objektive:<\/strong> Weitwinkel (15 x 20 m), Vorhang (16 x 2 m) oder gro\u00dfe Distanz (25 x 3,6 m).<\/li>\n<li><strong>Farboptionen f\u00fcr LED-Anzeige:<\/strong> W\u00e4hlen Sie aus vier verschiedenen Farben f\u00fcr eine einfache visuelle \u00dcberwachung.<\/li>\n<li><strong>Integrierte Abschlusswiderst\u00e4nde:<\/strong> F\u00fcr eine einfachere Installation und Kompatibilit\u00e4t mit verschiedenen Sicherheitssystemen.<\/li>\n<\/ul>\n<p>Durch das kompakte und elegante Design passt SLIM-PIR in alle Umgebungen. Dank robuster Materialien und sorgf\u00e4ltig gepr\u00fcfter Komponenten garantiert es eine lange Lebensdauer und einen sicheren Betrieb.<\/p>\n<h4>Ideal f\u00fcr:<\/h4>\n<ul>\n<li>H\u00e4user, die einen erweiterten Bewegungsschutz ben\u00f6tigen.<\/li>\n<li>B\u00fcros und Gewerbefl\u00e4chen mit hohen Sicherheitsanforderungen.<\/li>\n<li>Sensible Bereiche, in denen Pr\u00e4zision und Zuverl\u00e4ssigkeit unerl\u00e4sslich sind.<\/li>\n<\/ul>\n<p>Mit SLIM-PIR erhalten Sie einen leistungsstarken Melder, der Sicherheit, einfache Installation und Flexibilit\u00e4t in der Anwendung vereint.<\/p>","protected":false},"excerpt":{"rendered":"<p>Der SLIM-PIR-Bewegungsmelder der Klasse 2 ist ein leistungsstarker IR-Sensor f\u00fcr den Innenbereich.<\/p>\n<p>Mit einstellbarer Empfindlichkeit und w\u00e4hlbaren LED-Farben bietet es individuelle Sicherheit f\u00fcr jede Umgebung.<\/p>\n<p>Zertifiziert nach EN 50131 Klasse 2.<\/p>","protected":false},"featured_media":145128,"template":"","meta":{"_acf_changed":false},"product_brand":[],"product_cat":[1325],"product_tag":[2963,2145],"class_list":{"0":"post-82475","1":"product","2":"type-product","3":"status-publish","4":"has-post-thumbnail","6":"product_cat-larmgivare-skalskydd","7":"product_tag-grade-2","8":"product_tag-rorelsedetektor-ir-detektorer","9":"product_shipping_class-postnord-varubrev","10":"pa_brands-satel","11":"tm-no-options","13":"first","14":"instock","15":"sale","16":"featured","17":"taxable","18":"shipping-taxable","19":"purchasable","20":"product-type-simple"},"acf":[],"_links":{"self":[{"href":"https:\/\/secureus.se\/de\/wp-json\/wp\/v2\/product\/82475","targetHints":{"allow":["GET"]}}],"collection":[{"href":"https:\/\/secureus.se\/de\/wp-json\/wp\/v2\/product"}],"about":[{"href":"https:\/\/secureus.se\/de\/wp-json\/wp\/v2\/types\/product"}],"wp:featuredmedia":[{"embeddable":true,"href":"https:\/\/secureus.se\/de\/wp-json\/wp\/v2\/media\/145128"}],"wp:attachment":[{"href":"https:\/\/secureus.se\/de\/wp-json\/wp\/v2\/media?parent=82475"}],"wp:term":[{"taxonomy":"product_brand","embeddable":true,"href":"https:\/\/secureus.se\/de\/wp-json\/wp\/v2\/product_brand?post=82475"},{"taxonomy":"product_cat","embeddable":true,"href":"https:\/\/secureus.se\/de\/wp-json\/wp\/v2\/product_cat?post=82475"},{"taxonomy":"product_tag","embeddable":true,"href":"https:\/\/secureus.se\/de\/wp-json\/wp\/v2\/product_tag?post=82475"}],"curies":[{"name":"wp","href":"https:\/\/api.w.org\/{rel}","templated":true}]}}