{"id":82476,"date":"2022-03-10T15:48:00","date_gmt":"2022-03-10T14:48:00","guid":{"rendered":"https:\/\/secureus.se\/produkt\/slim-ir-detektor-pet-klass-grade2-15x20-meter-husdjur-20-kg\/"},"modified":"2026-04-22T16:29:53","modified_gmt":"2026-04-22T14:29:53","slug":"slim-pir-pet-klass-grade2","status":"publish","type":"product","link":"https:\/\/secureus.se\/de\/slim-pir-pet-klass-grade2\/","title":{"rendered":"SLIM-PIR-PET Klasse\/Grade2 \u2013 15\u00d720 Meter + Haustiere"},"content":{"rendered":"<h1>SLIM-PIR-PET Bewegungsmelder mit Haustierimmunit\u00e4t<\/h1>\n<p>SLIM-PIR-PET ist ein intelligenter und zuverl\u00e4ssiger Bewegungsmelder, der Sicherheit und Komfort vereint.<\/p>\n<p>Mit einer Haustierimmunit\u00e4t von bis zu 20 kg eignet es sich perfekt f\u00fcr Haushalte mit Haustieren, ohne Kompromisse bei der Sicherheit einzugehen.<\/p>\n<p>Der Melder nutzt einen fortschrittlichen Passiv-Infrarot-Sensor (PIR), um Bewegungen im gesch\u00fctzten Bereich zu erkennen.<\/p>\n<p>Mit der in acht Stufen einstellbaren Empfindlichkeit k\u00f6nnen Sie es problemlos an unterschiedliche Umgebungen anpassen. Das Ger\u00e4t verf\u00fcgt au\u00dferdem \u00fcber integrierte End-of-Life-Widerst\u00e4nde (2EOL), die die Installation vereinfachen, und die LED-Anzeige bietet vier verschiedene Farben, die zu Ihrer Sicherheitseinrichtung passen.<\/p>\n<p><strong>Funktionen und Vorteile<\/strong>:<\/p>\n<ul>\n<li><strong>Haustierimmunit\u00e4t<\/strong>: Erkennt Bewegungen von Haustieren bis zu 20 kg ohne Fehlalarme.<\/li>\n<li><strong>Erweiterte Erkennung<\/strong>: PIR-Technologie mit digitaler Temperaturkompensation f\u00fcr maximale Leistung.<\/li>\n<li><strong>W\u00e4hlbare LED-Anzeige<\/strong>: Anpassbar f\u00fcr verschiedene Signalfarben.<\/li>\n<li><strong>Einfach zu installieren<\/strong>: Kompatibel mit allen modernen Sicherheitssystemen.<\/li>\n<\/ul>\n<p>Ob in Wohn- oder Gewerbeimmobilien, SLIM-PIR-PET bietet eine perfekte Balance zwischen Technologie und Benutzerfreundlichkeit.<\/p>\n<p>Mit seinem kompakten Design und seiner robusten Konstruktion ist es sowohl \u00e4sthetisch ansprechend als auch funktional.<\/p>\n<p>&nbsp;<\/p>","protected":false},"excerpt":{"rendered":"<p><strong>SLIM-PIR-PET Bewegungsmelder mit Haustierimmunit\u00e4t<\/strong><br \/>\nSLIM-PIR-PET ist ein leistungsstarker Bewegungsmelder mit Haustierimmunit\u00e4t bis 20 kg.<\/p>\n<p>Es eignet sich perfekt f\u00fcr Wohn- und Gewerbeimmobilien und kombiniert fortschrittliche Technologie mit Benutzerfreundlichkeit.<\/p>","protected":false},"featured_media":144928,"template":"","meta":{"_acf_changed":false},"product_brand":[],"product_cat":[1325],"product_tag":[2963,2145],"class_list":{"0":"post-82476","1":"product","2":"type-product","3":"status-publish","4":"has-post-thumbnail","6":"product_cat-larmgivare-skalskydd","7":"product_tag-grade-2","8":"product_tag-rorelsedetektor-ir-detektorer","9":"product_shipping_class-postnord-varubrev","10":"pa_brands-satel","11":"tm-no-options","13":"first","14":"instock","15":"sale","16":"featured","17":"taxable","18":"shipping-taxable","19":"purchasable","20":"product-type-simple"},"acf":[],"_links":{"self":[{"href":"https:\/\/secureus.se\/de\/wp-json\/wp\/v2\/product\/82476","targetHints":{"allow":["GET"]}}],"collection":[{"href":"https:\/\/secureus.se\/de\/wp-json\/wp\/v2\/product"}],"about":[{"href":"https:\/\/secureus.se\/de\/wp-json\/wp\/v2\/types\/product"}],"wp:featuredmedia":[{"embeddable":true,"href":"https:\/\/secureus.se\/de\/wp-json\/wp\/v2\/media\/144928"}],"wp:attachment":[{"href":"https:\/\/secureus.se\/de\/wp-json\/wp\/v2\/media?parent=82476"}],"wp:term":[{"taxonomy":"product_brand","embeddable":true,"href":"https:\/\/secureus.se\/de\/wp-json\/wp\/v2\/product_brand?post=82476"},{"taxonomy":"product_cat","embeddable":true,"href":"https:\/\/secureus.se\/de\/wp-json\/wp\/v2\/product_cat?post=82476"},{"taxonomy":"product_tag","embeddable":true,"href":"https:\/\/secureus.se\/de\/wp-json\/wp\/v2\/product_tag?post=82476"}],"curies":[{"name":"wp","href":"https:\/\/api.w.org\/{rel}","templated":true}]}}