{"id":82831,"date":"2023-02-20T14:28:55","date_gmt":"2023-02-20T13:28:55","guid":{"rendered":"https:\/\/secureus.se\/produkt\/flx-s-st-flipx-standard-indoor-pir-sensor-with-rotatable-lens\/"},"modified":"2026-04-14T16:11:00","modified_gmt":"2026-04-14T14:11:00","slug":"optex-flx-s-st-flipx-standard-indoor-pir-sensor-with-rotatable-lens","status":"publish","type":"product","link":"https:\/\/secureus.se\/de\/optex-flx-s-st-flipx-standard-indoor-pir-sensor-with-rotatable-lens\/","title":{"rendered":"Optex FLX-S-ST FlipX Professional PIR-Detektor, 15 Meter Erfassungswinkel oder 24 Meter Erfassungswinkel"},"content":{"rendered":"<h1>Der Optex FLX-S-ST FlipX Standard PIR-Sensor ist das neueste Produkt von Optex, das fortschrittliche Technologie f\u00fcr den Innenbereich bietet.<\/h1>\n<p>Ausgestattet mit einer drehbaren Linse bietet dieser PIR-Sensor die M\u00f6glichkeit, zwischen breiter und schmaler Erkennung umzuschalten.<\/p>\n<p>Mit einer breiten Erkennung von bis zu 12 Metern und einer schmalen Erkennung von bis zu 18 Metern bietet der Sensor eine flexible L\u00f6sung f\u00fcr unterschiedliche Sicherheitsanforderungen.<\/p>\n<p>Eines der bemerkenswertesten Merkmale des FLX-S-ST ist die Verwendung eines neuen pyroelektrischen Sensors und eines menschlichen Erfassungselements.<\/p>\n<p>Dadurch erkennt der Sensor Bewegungen sehr genau und ist au\u00dferdem mit einer verbesserten Signalverarbeitungstechnologie ausgestattet, die das Risiko von Fehlalarmen verringert.<\/p>\n<p>Der digitale Signalprozessor und die sph\u00e4rische Linse optimieren die Erkennung im gesamten \u00dcberwachungsbereich.<\/p>\n<p>Mit einer einstellbaren Empfindlichkeit und der M\u00f6glichkeit, den Sensor in einer H\u00f6he zwischen 2,0 und 3,0 Metern zu platzieren, eignet sich der FLX-S-ST perfekt f\u00fcr Wohn- und kleinere Gewerbeimmobilien.<\/p>\n<p>Dar\u00fcber hinaus bietet es eine hohe Haustiervertr\u00e4glichkeit und ist daher f\u00fcr Umgebungen mit Haustieren geeignet.<\/p>\n<p>Das robuste Design und die praktischen Funktionen von FLX-S-ST machen es zu einer zuverl\u00e4ssigen L\u00f6sung, um eine sichere und bequeme \u00dcberwachung sowohl in Privathaushalten als auch in kleinen Unternehmen zu gew\u00e4hrleisten.<\/p>\n<p>Zus\u00e4tzlich zu seiner zuverl\u00e4ssigen Funktionalit\u00e4t ist es mit der mitgelieferten LED-Anzeige einfach zu installieren und erleichtert die Fehlerbehebung und Installation.<\/p>","protected":false},"excerpt":{"rendered":"<p>Der Optex FLX-S-ST ist ein leistungsstarker PIR-Sensor f\u00fcr den Innenbereich mit drehbarer Linse.<\/p>\n<p>Es bietet sowohl breite als auch schmale Erkennung und eignet sich perfekt f\u00fcr private und kleinere gewerbliche Anwendungen.<\/p>\n<p>Mit einem innovativen pyroelektrischen Sensor und einem menschlichen Erfassungselement gew\u00e4hrleistet es eine zuverl\u00e4ssige und genaue Erkennung.<\/p>","protected":false},"featured_media":140675,"template":"","meta":{"_acf_changed":false},"product_brand":[],"product_cat":[1325],"product_tag":[2989,2145,2465],"class_list":{"0":"post-82831","1":"product","2":"type-product","3":"status-publish","4":"has-post-thumbnail","6":"product_cat-larmgivare-skalskydd","7":"product_tag-egen-logo-ej-taggar-kort","8":"product_tag-rorelsedetektor-ir-detektorer","9":"product_tag-sbsc-larmklass2","10":"product_shipping_class-postnord-varubrev","11":"pa_brands-optex","12":"tm-no-options","14":"first","15":"instock","16":"sale","17":"featured","18":"taxable","19":"shipping-taxable","20":"purchasable","21":"product-type-simple"},"acf":[],"_links":{"self":[{"href":"https:\/\/secureus.se\/de\/wp-json\/wp\/v2\/product\/82831","targetHints":{"allow":["GET"]}}],"collection":[{"href":"https:\/\/secureus.se\/de\/wp-json\/wp\/v2\/product"}],"about":[{"href":"https:\/\/secureus.se\/de\/wp-json\/wp\/v2\/types\/product"}],"wp:featuredmedia":[{"embeddable":true,"href":"https:\/\/secureus.se\/de\/wp-json\/wp\/v2\/media\/140675"}],"wp:attachment":[{"href":"https:\/\/secureus.se\/de\/wp-json\/wp\/v2\/media?parent=82831"}],"wp:term":[{"taxonomy":"product_brand","embeddable":true,"href":"https:\/\/secureus.se\/de\/wp-json\/wp\/v2\/product_brand?post=82831"},{"taxonomy":"product_cat","embeddable":true,"href":"https:\/\/secureus.se\/de\/wp-json\/wp\/v2\/product_cat?post=82831"},{"taxonomy":"product_tag","embeddable":true,"href":"https:\/\/secureus.se\/de\/wp-json\/wp\/v2\/product_tag?post=82831"}],"curies":[{"name":"wp","href":"https:\/\/api.w.org\/{rel}","templated":true}]}}