{"id":82916,"date":"2022-11-22T11:31:30","date_gmt":"2022-11-22T10:31:30","guid":{"rendered":"https:\/\/secureus.se\/produkt\/elko-rs-stromstallare-valfri-gravyr-oppnaknapp-valfritt\/"},"modified":"2025-11-26T15:38:01","modified_gmt":"2025-11-26T14:38:01","slug":"elko-rs-stromstallare-valfri-gravyr-oppnaknapp-valfritt","status":"publish","type":"product","link":"https:\/\/secureus.se\/de\/elko-rs-stromstallare-valfri-gravyr-oppnaknapp-valfritt\/","title":{"rendered":"ELKO (RS) Schalter \u2013 optionale Gravur \u201eOpen Button\u201c"},"content":{"rendered":"<p>\u00d6ffnungsknopf mit Schlie\u00dffunktion und elastisch mit Design Ihrer Wahl - Korrekturen sind immer bei neuen Produkten m\u00f6glich. Bitte beachten Sie, dass die Gravur 1-farbig ist.<\/p>\n<p>Die Lieferzeit betr\u00e4gt 2-5 Tage und die Preise beinhalten Gravur und Design.<\/p>\n<p>Wenn Sie m\u00f6chten, dass die ge\u00f6ffneten Schaltfl\u00e4chen auf Ihrer kundenindividuellen Ebene ver\u00f6ffentlicht werden, teilen Sie uns dies mit.<\/p>\n<p>ELKO External (RS) E: Nr. 1841221<\/p>\n<p>&nbsp;<\/p>","protected":false},"excerpt":{"rendered":"<p>\u00d6ppnaknapp slutande funktion och \u00e5terfj\u00e4drande med ert val av design &#8211; Korrektur kommer allid p\u00e5 nya produkter. Obsevera att gravyr \u00e4r 1-f\u00e4rgad. Leveranstiden \u00e4r 2-5 dagar och priser inkluderar gravyr<\/p>","protected":false},"featured_media":141576,"template":"","meta":{"_acf_changed":false},"product_brand":[],"product_cat":[4827],"product_tag":[2989,2936,2937],"class_list":{"0":"post-82916","1":"product","2":"type-product","3":"status-publish","4":"has-post-thumbnail","6":"product_cat-elko","7":"product_tag-egen-logo-ej-taggar-kort","8":"product_tag-oppna-brand-design-produkt","9":"product_tag-oppnaknappar","10":"product_shipping_class-postnord-varubrev","11":"pa_brands-stonehouse-security","12":"tm-has-options","14":"first","15":"instock","16":"sale","17":"featured","18":"taxable","19":"shipping-taxable","20":"purchasable","21":"product-type-simple"},"acf":[],"_links":{"self":[{"href":"https:\/\/secureus.se\/de\/wp-json\/wp\/v2\/product\/82916","targetHints":{"allow":["GET"]}}],"collection":[{"href":"https:\/\/secureus.se\/de\/wp-json\/wp\/v2\/product"}],"about":[{"href":"https:\/\/secureus.se\/de\/wp-json\/wp\/v2\/types\/product"}],"wp:featuredmedia":[{"embeddable":true,"href":"https:\/\/secureus.se\/de\/wp-json\/wp\/v2\/media\/141576"}],"wp:attachment":[{"href":"https:\/\/secureus.se\/de\/wp-json\/wp\/v2\/media?parent=82916"}],"wp:term":[{"taxonomy":"product_brand","embeddable":true,"href":"https:\/\/secureus.se\/de\/wp-json\/wp\/v2\/product_brand?post=82916"},{"taxonomy":"product_cat","embeddable":true,"href":"https:\/\/secureus.se\/de\/wp-json\/wp\/v2\/product_cat?post=82916"},{"taxonomy":"product_tag","embeddable":true,"href":"https:\/\/secureus.se\/de\/wp-json\/wp\/v2\/product_tag?post=82916"}],"curies":[{"name":"wp","href":"https:\/\/api.w.org\/{rel}","templated":true}]}}