{"id":83010,"date":"2023-09-08T10:34:53","date_gmt":"2023-09-08T08:34:53","guid":{"rendered":"https:\/\/secureus.se\/?post_type=product&#038;p=83010"},"modified":"2026-04-07T13:01:17","modified_gmt":"2026-04-07T11:01:17","slug":"paxton-paxton10-010-427-proximity-iso-cards-pack-of-10","status":"publish","type":"product","link":"https:\/\/secureus.se\/de\/paxton-paxton10-010-427-proximity-iso-cards-pack-of-10\/","title":{"rendered":"Paxton Paxton10 010\u2013427 N\u00e4herungs-ISO-Karten (10 St\u00fcck)"},"content":{"rendered":"<p>Diese Paxton10 010-427 Proximity-Karten sind f\u00fcr die Verwendung in Verbindung mit einem Paxton10-Zutrittskontrollsystem konzipiert. Mit einer Frequenz von 125 kHz eignen sich diese leichten Karten perfekt f\u00fcr die individuelle Gestaltung als Lichtbildausweis und Zutrittskontrollkarten f\u00fcr den Einsatz am Arbeitsplatz oder vor Ort.<\/p>\n<ul>\n<li>Verkauft in 10er-Packungen<\/li>\n<li>Arbeitet im 125-MHz-Frequenzbereich<\/li>\n<li>Standard-CR80-Kreditkartenformat (85,60 x 53,98 mm)<\/li>\n<li>Zur Verwendung mit dem Paxton10-System<\/li>\n<\/ul>\n<p>Hersteller-Teilenummer: 010-427<\/p>\n<p><strong><br \/>\nProduktgewicht:<br \/>\n0,60 kg<br \/>\n<\/strong><\/p>","protected":false},"excerpt":{"rendered":"<p>Diese Paxton10 010-427 Proximity-Karten sind f\u00fcr die Verwendung in Verbindung mit einem Paxton10-Zutrittskontrollsystem konzipiert. Mit einer Frequenz von 125 kHz eignen sich diese leichten Karten perfekt f\u00fcr die individuelle Gestaltung als Foto<\/p>","protected":false},"featured_media":140240,"template":"","meta":{"_acf_changed":false},"product_brand":[],"product_cat":[4820],"product_tag":[2942,3069],"class_list":{"0":"post-83010","1":"product","2":"type-product","3":"status-publish","4":"has-post-thumbnail","6":"product_cat-paxton-kort","7":"product_tag-paxton-rg15","8":"product_tag-trade-produkt","9":"product_shipping_class-postnord-varubrev","10":"pa_brands-paxton","11":"tm-no-options","13":"first","14":"instock","15":"sale","16":"taxable","17":"shipping-taxable","18":"purchasable","19":"product-type-simple"},"acf":[],"_links":{"self":[{"href":"https:\/\/secureus.se\/de\/wp-json\/wp\/v2\/product\/83010","targetHints":{"allow":["GET"]}}],"collection":[{"href":"https:\/\/secureus.se\/de\/wp-json\/wp\/v2\/product"}],"about":[{"href":"https:\/\/secureus.se\/de\/wp-json\/wp\/v2\/types\/product"}],"wp:featuredmedia":[{"embeddable":true,"href":"https:\/\/secureus.se\/de\/wp-json\/wp\/v2\/media\/140240"}],"wp:attachment":[{"href":"https:\/\/secureus.se\/de\/wp-json\/wp\/v2\/media?parent=83010"}],"wp:term":[{"taxonomy":"product_brand","embeddable":true,"href":"https:\/\/secureus.se\/de\/wp-json\/wp\/v2\/product_brand?post=83010"},{"taxonomy":"product_cat","embeddable":true,"href":"https:\/\/secureus.se\/de\/wp-json\/wp\/v2\/product_cat?post=83010"},{"taxonomy":"product_tag","embeddable":true,"href":"https:\/\/secureus.se\/de\/wp-json\/wp\/v2\/product_tag?post=83010"}],"curies":[{"name":"wp","href":"https:\/\/api.w.org\/{rel}","templated":true}]}}