{"id":83041,"date":"2023-09-12T10:40:15","date_gmt":"2023-09-12T08:40:15","guid":{"rendered":"https:\/\/secureus.se\/produkt\/detectortesters-soloa10s-hfc-free-non-flammable-smoke-aerosol-for-testing-detectors-250ml-can\/"},"modified":"2026-04-22T15:30:40","modified_gmt":"2026-04-22T13:30:40","slug":"detectortesters-soloa10s-hfc-free-non-flammable-smoke-aerosol-for-testing-detectors-250ml-can","status":"publish","type":"product","link":"https:\/\/secureus.se\/de\/detectortesters-soloa10s-hfc-free-non-flammable-smoke-aerosol-for-testing-detectors-250ml-can\/","title":{"rendered":"Detectortesters SoloA10S HFC-freies, nicht brennbares Rauchaerosol zum Testen von Detektoren, 250-ml-Dose"},"content":{"rendered":"<h1>Detectortesters SoloA10S HFC-freies, nicht brennbares Rauchaerosol zum Testen von Detektoren, 250-ml-Dose<\/h1>\n<h2 data-start=\"373\" data-end=\"425\">Aerosolgas f\u00fcr zuverl\u00e4ssige Pr\u00fcfungen von Rauchmeldern<\/h2>\n<p data-start=\"427\" data-end=\"812\">Dieses 250 ml Aerosolgas wurde entwickelt, um Rauchmelder sicher und effektiv zu testen.<\/p>\n<p data-start=\"427\" data-end=\"812\">Das Produkt erzeugt eine definierte Menge an Rauchpartikeln, die echten Rauch imitieren und sicherstellen, dass der Sensor des Detektors wie vorgesehen reagiert.<\/p>\n<p data-start=\"427\" data-end=\"812\">Dies ist ein zentraler Bestandteil der Funktionspr\u00fcfung von Brandmeldeanlagen sowohl in Wohn- als auch in Gewerbegeb\u00e4uden.<\/p>\n<h2 data-start=\"814\" data-end=\"862\">HFKW-frei und nicht entflammbar \u2013 sicher in der Anwendung<\/h2>\n<p data-start=\"864\" data-end=\"1126\">SoloA10S ist HFC-frei und nicht entflammbar, wodurch die Risiken f\u00fcr den Anwender und die Umwelt minimiert werden.<\/p>\n<p data-start=\"864\" data-end=\"1126\">Die reine Aerosolformel hinterl\u00e4sst nach der Pr\u00fcfung keine sch\u00e4dlichen R\u00fcckst\u00e4nde auf dem Detektor und sch\u00fctzt so sowohl die Kunststoffteile als auch die Sensorfunktionen.<\/p>\n<h3 data-start=\"1128\" data-end=\"1154\">Produktvorteile<\/h3>\n<ul data-start=\"1156\" data-end=\"1469\">\n<li data-start=\"1156\" data-end=\"1216\">\n<p data-start=\"1158\" data-end=\"1216\">Erzeugt realistische Rauchpartikel f\u00fcr effektive Tests<\/p>\n<\/li>\n<li data-start=\"1217\" data-end=\"1274\">\n<p data-start=\"1219\" data-end=\"1274\">HFKW-freies und nicht entflammbares Aerosol \u2013 hohes Sicherheitsniveau<\/p>\n<\/li>\n<li data-start=\"1275\" data-end=\"1329\">\n<p data-start=\"1277\" data-end=\"1329\">Hinterl\u00e4sst keine sch\u00e4dlichen R\u00fcckst\u00e4nde, die den Detektor beeintr\u00e4chtigen.<\/p>\n<\/li>\n<li data-start=\"1330\" data-end=\"1385\">\n<p data-start=\"1332\" data-end=\"1385\">Passend f\u00fcr professionelle Rauchmelder-Pr\u00fcfger\u00e4te<\/p>\n<\/li>\n<li data-start=\"1386\" data-end=\"1469\">\n<p data-start=\"1388\" data-end=\"1469\">Einfach in professionellen Tests zu verwenden<\/p>\n<\/li>\n<\/ul>\n<h2 data-start=\"1471\" data-end=\"1492\">Einsatzgebiete<\/h2>\n<p data-start=\"1494\" data-end=\"1517\">SoloA10S eignet sich f\u00fcr:<\/p>\n<ul data-start=\"1519\" data-end=\"1749\">\n<li data-start=\"1519\" data-end=\"1574\">\n<p data-start=\"1521\" data-end=\"1574\">Funktionspr\u00fcfung bei der Installation von Rauchmeldern<\/p>\n<\/li>\n<li data-start=\"1575\" data-end=\"1622\">\n<p data-start=\"1577\" data-end=\"1622\">J\u00e4hrliche oder periodische Wartung und Instandhaltung<\/p>\n<\/li>\n<li data-start=\"1623\" data-end=\"1688\">\n<p data-start=\"1625\" data-end=\"1688\">Selbst\u00fcberwachung in Wohnungen, B\u00fcros, Lagerhallen und \u00f6ffentlichen Umgebungen<\/p>\n<\/li>\n<li data-start=\"1689\" data-end=\"1749\">\n<p data-start=\"1691\" data-end=\"1749\">Zur Verwendung mit kompatiblen Dosierwerkzeugen<\/p>\n<\/li>\n<\/ul>\n<p data-start=\"1751\" data-end=\"1911\">Dieses Aerosol ist ein unverzichtbares Werkzeug f\u00fcr Installateure und Techniker von Brandmeldeanlagen, die zuverl\u00e4ssige Tests durchf\u00fchren m\u00fcssen.<\/p>\n<p data-start=\"1913\" data-end=\"1940\">TECHNISCHE DATEN:<\/p>\n<ul data-start=\"1942\" data-end=\"2371\">\n<li data-start=\"1942\" data-end=\"1985\">\n<p data-start=\"1944\" data-end=\"1985\">Produkt: Aerosolgas zur Pr\u00fcfung von Rauchmeldern<\/p>\n<\/li>\n<li data-start=\"1986\" data-end=\"2010\">\n<p data-start=\"1988\" data-end=\"2010\">Modell: SoloA10S-001<\/p>\n<\/li>\n<li data-start=\"2011\" data-end=\"2028\">\n<p data-start=\"2013\" data-end=\"2028\">Volumen: 250 ml<\/p>\n<\/li>\n<li data-start=\"2029\" data-end=\"2081\">\n<p data-start=\"2031\" data-end=\"2081\">Farbe: (Standard-Aerosoldose \u2013 silber\/wei\u00dfes Design)<\/p>\n<\/li>\n<li data-start=\"2082\" data-end=\"2146\">\n<p data-start=\"2084\" data-end=\"2146\">Funktion: Erzeugt aerosolisierte Rauchpartikel f\u00fcr Testzwecke<\/p>\n<\/li>\n<li data-start=\"2147\" data-end=\"2205\">\n<p data-start=\"2149\" data-end=\"2205\">Eigenschaften: HFKW-frei, nicht entflammbar, hinterl\u00e4sst keine R\u00fcckst\u00e4nde<\/p>\n<\/li>\n<li data-start=\"2206\" data-end=\"2272\">\n<p data-start=\"2208\" data-end=\"2272\">Kompatibilit\u00e4t: Professionelle Rauchmelder-Pr\u00fcfger\u00e4te<\/p>\n<\/li>\n<li data-start=\"2273\" data-end=\"2371\">\n<p data-start=\"2275\" data-end=\"2371\">Zertifizierung: UL-zertifiziert gem\u00e4\u00df den geltenden Aerosolvorschriften<\/p>\n<\/li>\n<\/ul>","protected":false},"excerpt":{"rendered":"<p><strong data-start=\"21\" data-end=\"62\"><span class=\"entity-underline hover:entity-accent inline cursor-pointer align-baseline\"><span class=\"whitespace-normal\">Solo A10s Gas<\/span><\/span><\/strong>\u00a0ist ein 250 ml Aerosolgas f\u00fcr Funktionstests von Rauchmeldern.<\/p>\n<p>Es ist HFC-frei und nicht entflammbar, wodurch es sicher in professionellen Testger\u00e4ten eingesetzt werden kann.<\/p>\n<p>Entwickelt, um realistische Rauchpartikel zu erzeugen und zu \u00fcberpr\u00fcfen, ob der Detektor korrekt reagiert.<\/p>","protected":false},"featured_media":140032,"template":"","meta":{"_acf_changed":false},"product_brand":[],"product_cat":[1764,2943],"product_tag":[],"class_list":{"0":"post-83041","1":"product","2":"type-product","3":"status-publish","4":"has-post-thumbnail","6":"product_cat-professionella-verktyg-for-prov-och-underhall","7":"product_cat-provgas-testgas-rokdetektorer","8":"product_shipping_class-postnord-varubrev","9":"pa_brands-solo","10":"tm-no-options","12":"first","13":"instock","14":"taxable","15":"shipping-taxable","16":"purchasable","17":"product-type-simple"},"acf":[],"_links":{"self":[{"href":"https:\/\/secureus.se\/de\/wp-json\/wp\/v2\/product\/83041","targetHints":{"allow":["GET"]}}],"collection":[{"href":"https:\/\/secureus.se\/de\/wp-json\/wp\/v2\/product"}],"about":[{"href":"https:\/\/secureus.se\/de\/wp-json\/wp\/v2\/types\/product"}],"wp:featuredmedia":[{"embeddable":true,"href":"https:\/\/secureus.se\/de\/wp-json\/wp\/v2\/media\/140032"}],"wp:attachment":[{"href":"https:\/\/secureus.se\/de\/wp-json\/wp\/v2\/media?parent=83041"}],"wp:term":[{"taxonomy":"product_brand","embeddable":true,"href":"https:\/\/secureus.se\/de\/wp-json\/wp\/v2\/product_brand?post=83041"},{"taxonomy":"product_cat","embeddable":true,"href":"https:\/\/secureus.se\/de\/wp-json\/wp\/v2\/product_cat?post=83041"},{"taxonomy":"product_tag","embeddable":true,"href":"https:\/\/secureus.se\/de\/wp-json\/wp\/v2\/product_tag?post=83041"}],"curies":[{"name":"wp","href":"https:\/\/api.w.org\/{rel}","templated":true}]}}