{"id":83088,"date":"2023-09-12T10:50:44","date_gmt":"2023-09-12T08:50:44","guid":{"rendered":"https:\/\/secureus.se\/produkt\/detectortesters-ts3-testifire-smoke-capsules-6-pack\/"},"modified":"2026-04-22T16:02:06","modified_gmt":"2026-04-22T14:02:06","slug":"detectortesters-ts3-testifire-smoke-capsules-6-pack","status":"publish","type":"product","link":"https:\/\/secureus.se\/de\/detectortesters-ts3-testifire-smoke-capsules-6-pack\/","title":{"rendered":"Detectortesters TS3 Testifire Rauchkapsel, 1er-Pack"},"content":{"rendered":"<h1>Detectortesters TS3 Testifire Rauchkapsel, 1er-Pack<\/h1>\n<h2 data-start=\"332\" data-end=\"389\">Ersatz-Rauchkapsel f\u00fcr die professionelle Pr\u00fcfung von Rauchmeldern<\/h2>\n<p data-start=\"391\" data-end=\"694\">Die Detectortesters TS3 Testifire Smoke Capsule ist eine Rauchpatrone, die f\u00fcr genaue und sichere Funktionspr\u00fcfungen von Rauchmeldern entwickelt wurde.<\/p>\n<p data-start=\"391\" data-end=\"694\">Die Kartusche wird mit den Testger\u00e4ten Testifire 1001 und Testifire 2001 verwendet und erzeugt eine definierte Menge an Testrauch, um sicherzustellen, dass der Detektor korrekt reagiert.<\/p>\n<p data-start=\"696\" data-end=\"878\">Bei Installation, Service oder regelm\u00e4\u00dfiger Wartung ist es unerl\u00e4sslich zu \u00fcberpr\u00fcfen, ob der Rauchmelder tats\u00e4chlich aktiviert wird, wenn er Rauch ausgesetzt ist \u2013 und nicht nur durch Testknopf oder Simulation.<\/p>\n<h2 data-start=\"880\" data-end=\"919\">Kontrollierte und sichere Raucherzeugung<\/h2>\n<p data-start=\"921\" data-end=\"1083\">Die TS3-Kartusche erzeugt realistischen Testrauch, der bei Verwendung in kompatiblen Testifire-Ger\u00e4ten sowohl optische als auch andere Arten von Rauchmeldern effektiv aktiviert.<\/p>\n<p data-start=\"1085\" data-end=\"1094\">Vorteile:<\/p>\n<ul data-start=\"1096\" data-end=\"1306\">\n<li data-start=\"1096\" data-end=\"1164\">\n<p data-start=\"1098\" data-end=\"1164\">Liefert kontrollierten und reproduzierbaren Rauch f\u00fcr zuverl\u00e4ssige Tests<\/p>\n<\/li>\n<li data-start=\"1165\" data-end=\"1209\">\n<p data-start=\"1167\" data-end=\"1209\">Sicher in der Anwendung, keine wirkliche Brandgefahr<\/p>\n<\/li>\n<li data-start=\"1210\" data-end=\"1253\">\n<p data-start=\"1212\" data-end=\"1253\">Hinterl\u00e4sst keine sch\u00e4dlichen R\u00fcckst\u00e4nde im Detektor.<\/p>\n<\/li>\n<li data-start=\"1254\" data-end=\"1306\">\n<p data-start=\"1256\" data-end=\"1306\">Beeintr\u00e4chtigt die Detektorfunktion nach der Pr\u00fcfung nicht.<\/p>\n<\/li>\n<\/ul>\n<p data-start=\"1308\" data-end=\"1400\">Nach Abschluss des Tests wird der Rauch abgeleitet, ohne dass Ablagerungen oder Verunreinigungen entstehen.<\/p>\n<h2 data-start=\"1402\" data-end=\"1443\">F\u00fcr Installation und laufende Wartung<\/h2>\n<p data-start=\"1445\" data-end=\"1464\">TS3 eignet sich f\u00fcr:<\/p>\n<ul data-start=\"1466\" data-end=\"1637\">\n<li data-start=\"1466\" data-end=\"1506\">\n<p data-start=\"1468\" data-end=\"1506\">Funktionstests w\u00e4hrend der Neuinstallation<\/p>\n<\/li>\n<li data-start=\"1507\" data-end=\"1540\">\n<p data-start=\"1509\" data-end=\"1540\">J\u00e4hrlicher oder periodischer Service<\/p>\n<\/li>\n<li data-start=\"1541\" data-end=\"1597\">\n<p data-start=\"1543\" data-end=\"1597\">Selbstinspektion in Wohn- und Gewerbeimmobilien<\/p>\n<\/li>\n<li data-start=\"1598\" data-end=\"1637\">\n<p data-start=\"1600\" data-end=\"1637\">Industrielle und \u00f6ffentliche Umgebungen<\/p>\n<\/li>\n<\/ul>\n<p data-start=\"1639\" data-end=\"1718\">Das Produkt ist als Einzelpackung und als Dreierpackung erh\u00e4ltlich und bietet somit Flexibilit\u00e4t je nach Bedarf.<\/p>\n<p data-start=\"1720\" data-end=\"1747\">TECHNISCHE DATEN:<\/p>\n<ul data-start=\"1749\" data-end=\"2060\">\n<li data-start=\"1749\" data-end=\"1784\">\n<p data-start=\"1751\" data-end=\"1784\">Produkt: Rauchkassette \/ Rauchpatrone<\/p>\n<\/li>\n<li data-start=\"1785\" data-end=\"1804\">\n<p data-start=\"1787\" data-end=\"1804\">Modell: TS3-001<\/p>\n<\/li>\n<li data-start=\"1805\" data-end=\"1821\">\n<p data-start=\"1807\" data-end=\"1821\">Farbe: Silber<\/p>\n<\/li>\n<li data-start=\"1822\" data-end=\"1878\">\n<p data-start=\"1824\" data-end=\"1878\">Funktion: Erzeugung von Testrauch f\u00fcr die Pr\u00fcfung von Rauchmeldern<\/p>\n<\/li>\n<li data-start=\"1879\" data-end=\"1929\">\n<p data-start=\"1881\" data-end=\"1929\">Kompatibel mit: Testifire 1001 und Testifire 2001<\/p>\n<\/li>\n<li data-start=\"1930\" data-end=\"1981\">\n<p data-start=\"1932\" data-end=\"1981\">Kompatibilit\u00e4t: Optische und andere Rauchmelder<\/p>\n<\/li>\n<li data-start=\"1982\" data-end=\"2009\">\n<p data-start=\"1984\" data-end=\"2009\">R\u00fcckst\u00e4nde nach der Pr\u00fcfung: Keine<\/p>\n<\/li>\n<li data-start=\"2010\" data-end=\"2060\">\n<p data-start=\"2012\" data-end=\"2060\">Sicherheit: Kontrollierte und sichere Raucherzeugung<\/p>\n<\/li>\n<\/ul>","protected":false},"excerpt":{"rendered":"<p>Die Detectortesters TS3 Testifire Smoke Capsule ist eine Ersatz-Rauchkapsel f\u00fcr Funktionstests von Rauchmeldern.<\/p>\n<p>Es wird in Verbindung mit dem Testifire 1001 und 2001 verwendet, um kontrollierten Testrauch zu erzeugen.<\/p>\n<p>Eine sichere und zuverl\u00e4ssige L\u00f6sung f\u00fcr Installateure, Servicetechniker und Immobilienbesitzer.<\/p>\n<div id=\"gtx-trans\" style=\"position: absolute; left: 313px; top: 38px;\">\n<div class=\"gtx-trans-icon\"><\/div>\n<\/div>","protected":false},"featured_media":139856,"template":"","meta":{"_acf_changed":false},"product_brand":[],"product_cat":[2946,3848],"product_tag":[2948],"class_list":{"0":"post-83088","1":"product","2":"type-product","3":"status-publish","4":"has-post-thumbnail","6":"product_cat-testifire","7":"product_cat-testifire-kit","8":"product_tag-rokgastestare-testfire","9":"product_shipping_class-postnord-varubrev","10":"pa_brands-testifire","11":"tm-no-options","13":"first","14":"instock","15":"sale","16":"taxable","17":"shipping-taxable","18":"purchasable","19":"product-type-simple"},"acf":[],"_links":{"self":[{"href":"https:\/\/secureus.se\/de\/wp-json\/wp\/v2\/product\/83088","targetHints":{"allow":["GET"]}}],"collection":[{"href":"https:\/\/secureus.se\/de\/wp-json\/wp\/v2\/product"}],"about":[{"href":"https:\/\/secureus.se\/de\/wp-json\/wp\/v2\/types\/product"}],"wp:featuredmedia":[{"embeddable":true,"href":"https:\/\/secureus.se\/de\/wp-json\/wp\/v2\/media\/139856"}],"wp:attachment":[{"href":"https:\/\/secureus.se\/de\/wp-json\/wp\/v2\/media?parent=83088"}],"wp:term":[{"taxonomy":"product_brand","embeddable":true,"href":"https:\/\/secureus.se\/de\/wp-json\/wp\/v2\/product_brand?post=83088"},{"taxonomy":"product_cat","embeddable":true,"href":"https:\/\/secureus.se\/de\/wp-json\/wp\/v2\/product_cat?post=83088"},{"taxonomy":"product_tag","embeddable":true,"href":"https:\/\/secureus.se\/de\/wp-json\/wp\/v2\/product_tag?post=83088"}],"curies":[{"name":"wp","href":"https:\/\/api.w.org\/{rel}","templated":true}]}}