{"id":83114,"date":"2023-09-13T15:18:29","date_gmt":"2023-09-13T13:18:29","guid":{"rendered":"https:\/\/secureus.se\/?post_type=product&#038;p=83114"},"modified":"2026-03-31T12:06:05","modified_gmt":"2026-03-31T10:06:05","slug":"kontrolljournal-sakerhet","status":"publish","type":"product","link":"https:\/\/secureus.se\/de\/kontrolljournal-sakerhet\/","title":{"rendered":"CHECKLISTE SICHERHEIT"},"content":{"rendered":"<p>In den meisten Sicherheitseinrichtungen sind Kontrollaufzeichnungen erforderlich. Das Kontrolljournal muss Informationen \u00fcber Facility-Eigent\u00fcmer, Facility-Manager, Bauunternehmen usw. enthalten. Weitere Informationen wie Zentralger\u00e4tetyp, Batterien, Orte und Zeitpunkt der Inbetriebnahme usw. m\u00fcssen ebenfalls enthalten sein. Ausz\u00fcge aus den Regeln SSF 130 Anhang A und B des schwedischen Diebstahlschutzverbandes und dem Alarmgesetz SFS Nr. 1983:1097 sind enthalten. Hier werden Pflichten und Rechte des Anlageneigent\u00fcmers geregelt. W\u00e4hrend der Lebensdauer der Anlage m\u00fcssen alle Ereignisse wie Tests, ausgel\u00f6ste Alarme, Unterbrechungen, Fehlermeldungen, Service, Inspektionen usw. aufgezeichnet werden. Das Kontrolljournal muss in oder in der N\u00e4he der zentralen Ausr\u00fcstung aufbewahrt werden.<\/p>","protected":false},"excerpt":{"rendered":"<p>In den meisten Sicherheitseinrichtungen sind Kontrollaufzeichnungen erforderlich. Das Kontrolljournal muss Angaben zum Anlageneigent\u00fcmer, Anlagenleiter, Bauunternehmen usw. enthalten. Weitere Informationen wie Typ des Zentralger\u00e4ts, Batterien, Standorte und Zeitpunkt der Inbetriebnahme usw. m\u00fcssen ebenfalls angegeben werden<\/p>","protected":false},"featured_media":139988,"template":"","meta":{"_acf_changed":false},"product_brand":[],"product_cat":[2950],"product_tag":[],"class_list":{"0":"post-83114","1":"product","2":"type-product","3":"status-publish","4":"has-post-thumbnail","6":"product_cat-or-skap-sakerhet","7":"product_shipping_class-postnord-varubrev","8":"tm-no-options","10":"first","11":"instock","12":"sale","13":"taxable","14":"shipping-taxable","15":"purchasable","16":"product-type-simple"},"acf":[],"_links":{"self":[{"href":"https:\/\/secureus.se\/de\/wp-json\/wp\/v2\/product\/83114","targetHints":{"allow":["GET"]}}],"collection":[{"href":"https:\/\/secureus.se\/de\/wp-json\/wp\/v2\/product"}],"about":[{"href":"https:\/\/secureus.se\/de\/wp-json\/wp\/v2\/types\/product"}],"wp:featuredmedia":[{"embeddable":true,"href":"https:\/\/secureus.se\/de\/wp-json\/wp\/v2\/media\/139988"}],"wp:attachment":[{"href":"https:\/\/secureus.se\/de\/wp-json\/wp\/v2\/media?parent=83114"}],"wp:term":[{"taxonomy":"product_brand","embeddable":true,"href":"https:\/\/secureus.se\/de\/wp-json\/wp\/v2\/product_brand?post=83114"},{"taxonomy":"product_cat","embeddable":true,"href":"https:\/\/secureus.se\/de\/wp-json\/wp\/v2\/product_cat?post=83114"},{"taxonomy":"product_tag","embeddable":true,"href":"https:\/\/secureus.se\/de\/wp-json\/wp\/v2\/product_tag?post=83114"}],"curies":[{"name":"wp","href":"https:\/\/api.w.org\/{rel}","templated":true}]}}