{"id":83118,"date":"2023-09-13T15:36:52","date_gmt":"2023-09-13T13:36:52","guid":{"rendered":"https:\/\/secureus.se\/?post_type=product&#038;p=83118"},"modified":"2026-03-26T11:37:08","modified_gmt":"2026-03-26T10:37:08","slug":"or-skap-med-plats-for-bft","status":"publish","type":"product","link":"https:\/\/secureus.se\/de\/or-skap-med-plats-for-bft\/","title":{"rendered":"ODER SCHRANK MIT PLATZ F\u00dcR BFT"},"content":{"rendered":"<p>Schrank mit Platz f\u00fcr BFT und Orientierungszeichnungen im A4-Ordner. Die Luke ist mit einem Plexiglasfenster und einem Feuerwehrschloss ausgestattet, das mit einem Feuerwehrschl\u00fcssel ge\u00f6ffnet werden kann. Knockouts f\u00fcr das Eindringen nach oben. Abmessungen (HxBxT): 465x360x115 mm. Gewicht: 4,2 kg. Farbe: Anthrazitgrau RAL 7016.<\/p>\n<p>&nbsp;<\/p>","protected":false},"excerpt":{"rendered":"<p><span data-teams=\"true\">Diese Schlie\u00dff\u00e4cher werden ohne Schl\u00fcssel geliefert, und wenn Sie einen ben\u00f6tigen, m\u00fcssen Sie ihn separat kaufen.<\/span><\/p>","protected":false},"featured_media":140841,"template":"","meta":{"_acf_changed":false},"product_brand":[],"product_cat":[1837,3977,2950],"product_tag":[],"class_list":{"0":"post-83118","1":"product","2":"type-product","3":"status-publish","4":"has-post-thumbnail","6":"product_cat-dokumentskap","7":"product_cat-or-skap-brand-brandskydd","8":"product_cat-or-skap-sakerhet","9":"product_shipping_class-tunga-paket","10":"pa_brands-swansons","11":"tm-no-options","13":"first","14":"instock","15":"sale","16":"taxable","17":"shipping-taxable","18":"purchasable","19":"product-type-simple"},"acf":[],"_links":{"self":[{"href":"https:\/\/secureus.se\/de\/wp-json\/wp\/v2\/product\/83118","targetHints":{"allow":["GET"]}}],"collection":[{"href":"https:\/\/secureus.se\/de\/wp-json\/wp\/v2\/product"}],"about":[{"href":"https:\/\/secureus.se\/de\/wp-json\/wp\/v2\/types\/product"}],"wp:featuredmedia":[{"embeddable":true,"href":"https:\/\/secureus.se\/de\/wp-json\/wp\/v2\/media\/140841"}],"wp:attachment":[{"href":"https:\/\/secureus.se\/de\/wp-json\/wp\/v2\/media?parent=83118"}],"wp:term":[{"taxonomy":"product_brand","embeddable":true,"href":"https:\/\/secureus.se\/de\/wp-json\/wp\/v2\/product_brand?post=83118"},{"taxonomy":"product_cat","embeddable":true,"href":"https:\/\/secureus.se\/de\/wp-json\/wp\/v2\/product_cat?post=83118"},{"taxonomy":"product_tag","embeddable":true,"href":"https:\/\/secureus.se\/de\/wp-json\/wp\/v2\/product_tag?post=83118"}],"curies":[{"name":"wp","href":"https:\/\/api.w.org\/{rel}","templated":true}]}}