{"id":83120,"date":"2023-09-13T15:36:21","date_gmt":"2023-09-13T13:36:21","guid":{"rendered":"https:\/\/secureus.se\/?post_type=product&#038;p=83120"},"modified":"2026-02-03T14:03:18","modified_gmt":"2026-02-03T13:03:18","slug":"or-skap-a3-vitt-for-assa-las","status":"publish","type":"product","link":"https:\/\/secureus.se\/de\/or-skap-a3-vitt-for-assa-las\/","title":{"rendered":"ODER SCHRANK Feuermelder A3 WEISS F\u00dcR ASSA-SCHLOSS"},"content":{"rendered":"<h1>ODER SCHRANK Feueralarm<\/h1>\n<p>Dokumentenschrank f\u00fcr Orientierungs- und Servicezeichnungen f\u00fcr Brandmeldeanlagen.<br \/>\nDie Luke wird mit einem Feuerwehrschl\u00fcssel ge\u00f6ffnet.<\/p>\n<p>OR-3-BLACK verf\u00fcgt \u00fcber einen verst\u00e4rkten Deckel, sodass er als Tisch f\u00fcr einen Laptop oder Zeichnungen verwendet werden kann.<br \/>\nOR-3 \u2013 ASSA hat eine offene R\u00fcckseite zur Montage \u00fcber Alarmkn\u00f6pfen usw.<\/p>\n<p>Die Schr\u00e4nke bestehen aus Stahlblech und sind in den Farben gem\u00e4\u00df der folgenden Tabelle erh\u00e4ltlich.<\/p>\n<p><img decoding=\"async\" class=\"alignnone size-full wp-image-123513183\" src=\"https:\/\/securityonline.se\/wp-content\/uploads\/2023\/09\/Swanson-Or-skap.jpg\" alt=\"\" width=\"618\" height=\"292\" \/><\/p>","protected":false},"excerpt":{"rendered":"<p>Schrank f\u00fcr Orientierungszeichnungen mit offener R\u00fcckseite zur Montage \u00fcber Alarmkn\u00f6pfen etc.<\/p>\n<p><span data-teams=\"true\">Diese Schlie\u00dff\u00e4cher werden ohne Schl\u00fcssel geliefert, und wenn Sie einen ben\u00f6tigen, m\u00fcssen Sie ihn separat kaufen.<\/span><\/p>","protected":false},"featured_media":140853,"template":"","meta":{"_acf_changed":false},"product_brand":[],"product_cat":[3977,1837,2950],"product_tag":[],"class_list":{"0":"post-83120","1":"product","2":"type-product","3":"status-publish","4":"has-post-thumbnail","6":"product_cat-or-skap-brand-brandskydd","7":"product_cat-dokumentskap","8":"product_cat-or-skap-sakerhet","9":"product_shipping_class-tunga-paket","10":"pa_brands-swansons","11":"tm-no-options","13":"first","14":"instock","15":"sale","16":"taxable","17":"shipping-taxable","18":"purchasable","19":"product-type-simple"},"acf":[],"_links":{"self":[{"href":"https:\/\/secureus.se\/de\/wp-json\/wp\/v2\/product\/83120","targetHints":{"allow":["GET"]}}],"collection":[{"href":"https:\/\/secureus.se\/de\/wp-json\/wp\/v2\/product"}],"about":[{"href":"https:\/\/secureus.se\/de\/wp-json\/wp\/v2\/types\/product"}],"wp:featuredmedia":[{"embeddable":true,"href":"https:\/\/secureus.se\/de\/wp-json\/wp\/v2\/media\/140853"}],"wp:attachment":[{"href":"https:\/\/secureus.se\/de\/wp-json\/wp\/v2\/media?parent=83120"}],"wp:term":[{"taxonomy":"product_brand","embeddable":true,"href":"https:\/\/secureus.se\/de\/wp-json\/wp\/v2\/product_brand?post=83120"},{"taxonomy":"product_cat","embeddable":true,"href":"https:\/\/secureus.se\/de\/wp-json\/wp\/v2\/product_cat?post=83120"},{"taxonomy":"product_tag","embeddable":true,"href":"https:\/\/secureus.se\/de\/wp-json\/wp\/v2\/product_tag?post=83120"}],"curies":[{"name":"wp","href":"https:\/\/api.w.org\/{rel}","templated":true}]}}