{"id":83398,"date":"2023-03-28T14:22:20","date_gmt":"2023-03-28T12:22:20","guid":{"rendered":"https:\/\/secureus.se\/produkt\/s65-12v-relay-base-12v-1a\/"},"modified":"2026-04-01T14:40:13","modified_gmt":"2026-04-01T12:40:13","slug":"relasockel-s65-12v","status":"publish","type":"product","link":"https:\/\/secureus.se\/de\/relasockel-s65-12v\/","title":{"rendered":"Apollo 45681-508APO Relaissockel S65 12V Relaissockel"},"content":{"rendered":"<p><strong>Optischer Rauchmelder mit hoher Pr\u00e4zision:<\/strong> Der Relaissockel S65 ist sowohl f\u00fcr Einbruchmeldeanlagen als auch f\u00fcr Feuermelder eine ausgezeichnete Wahl.<\/p>\n<p>Es ist f\u00fcr die Verwendung mit DSC NEO, Power Series, MAXYS und anderen herk\u00f6mmlichen kabelgebundenen Einbruchmeldern konzipiert.<\/p>\n<p>Die optische Erkennungskammer im S65 nutzt Reflexionsprinzipien zur Erkennung von Rauchpartikeln und gew\u00e4hrleistet so eine schnelle und genaue Alarmaktivierung.<\/p>\n<p><strong>Funktionen und Vorteile:<\/strong><\/p>\n<ul>\n<li><strong>Flexibler Einsatz:<\/strong> Der Jumper auf der Platine kann je nach Anwendung rastend oder nicht rastend montiert werden.<\/li>\n<li><strong>Qualit\u00e4t:<\/strong> Die wei\u00dfe Farbe und das integrierte LED-Licht zur Alarmanzeige sorgen sowohl f\u00fcr \u00c4sthetik als auch f\u00fcr Funktionalit\u00e4t.<\/li>\n<li><strong>Haltbarkeit:<\/strong> Entwickelt, um sowohl hohen als auch niedrigen Temperaturen standzuhalten, wodurch es f\u00fcr verschiedene Umgebungen geeignet ist.<\/li>\n<\/ul>\n<p><strong>Technische Spezifikation:<\/strong><\/p>\n<ul>\n<li><strong>Stromspannung:<\/strong> 9 \u2013 15 V Gleichstrom<\/li>\n<li><strong>Stromverbrauch:<\/strong> 30\u201350 \u03bcA bei 24 V DC<\/li>\n<li><strong>Normaler Alarmstrom:<\/strong>\n<ul>\n<li>10V = 18mA<\/li>\n<li>24V = 52mA<\/li>\n<\/ul>\n<\/li>\n<li><strong>Temperaturbereich:<\/strong> -20 \u00b0C bis +60 \u00b0C<\/li>\n<li><strong>Luftfeuchtigkeit:<\/strong> 0% bis 95%, nicht kondensierend<\/li>\n<li><strong>Messen:<\/strong> 100 mm Durchmesser x 25 mm H\u00f6he<\/li>\n<li><strong>Gewicht:<\/strong> 100 g<\/li>\n<\/ul>\n<p>&nbsp;<\/p>","protected":false},"excerpt":{"rendered":"<p>Der Relaissockel S65 ist ein 12-V-Relaissockel f\u00fcr Einbruch- und Feuermelder.<\/p>\n<p>Es ist mit DSC PowerSeries und anderen Sicherheitssystemen kompatibel.<\/p>\n<p>Mit einer optischen Erkennungskammer erkennt es effektiv Rauch und Feuer und kann sowohl f\u00fcr abschlie\u00dfbare als auch f\u00fcr nicht abschlie\u00dfbare Anwendungen konfiguriert werden.<\/p>\n<p>Er hat einen Stromverbrauch von 30-50\u03bcA und arbeitet in einem Temperaturbereich von -20\u00b0C bis +60\u00b0C.<\/p>","protected":false},"featured_media":140931,"template":"","meta":{"_acf_changed":false},"product_brand":[],"product_cat":[4747],"product_tag":[2962,3311,3025,2704],"class_list":{"0":"post-83398","1":"product","2":"type-product","3":"status-publish","4":"has-post-thumbnail","6":"product_cat-65-serien","7":"product_tag-apollo-s65-serien","8":"product_tag-dsc-neo-svensk-manual","9":"product_tag-tradbundna-rokdetektorer-for-neo","10":"product_tag-utvalda-produkter-fran-apollo","11":"product_shipping_class-postnord-varubrev","12":"pa_brands-apollo-fire-detectors","13":"tm-has-options","15":"first","16":"instock","17":"sale","18":"featured","19":"taxable","20":"shipping-taxable","21":"purchasable","22":"product-type-simple"},"acf":[],"_links":{"self":[{"href":"https:\/\/secureus.se\/de\/wp-json\/wp\/v2\/product\/83398","targetHints":{"allow":["GET"]}}],"collection":[{"href":"https:\/\/secureus.se\/de\/wp-json\/wp\/v2\/product"}],"about":[{"href":"https:\/\/secureus.se\/de\/wp-json\/wp\/v2\/types\/product"}],"wp:featuredmedia":[{"embeddable":true,"href":"https:\/\/secureus.se\/de\/wp-json\/wp\/v2\/media\/140931"}],"wp:attachment":[{"href":"https:\/\/secureus.se\/de\/wp-json\/wp\/v2\/media?parent=83398"}],"wp:term":[{"taxonomy":"product_brand","embeddable":true,"href":"https:\/\/secureus.se\/de\/wp-json\/wp\/v2\/product_brand?post=83398"},{"taxonomy":"product_cat","embeddable":true,"href":"https:\/\/secureus.se\/de\/wp-json\/wp\/v2\/product_cat?post=83398"},{"taxonomy":"product_tag","embeddable":true,"href":"https:\/\/secureus.se\/de\/wp-json\/wp\/v2\/product_tag?post=83398"}],"curies":[{"name":"wp","href":"https:\/\/api.w.org\/{rel}","templated":true}]}}