{"id":83400,"date":"2023-03-23T14:52:13","date_gmt":"2023-03-23T13:52:13","guid":{"rendered":"https:\/\/secureus.se\/produkt\/s65-optical-smoke-detector\/"},"modified":"2026-04-01T14:40:11","modified_gmt":"2026-04-01T12:40:11","slug":"rokdetektor-s65-tradbunden","status":"publish","type":"product","link":"https:\/\/secureus.se\/de\/rokdetektor-s65-tradbunden\/","title":{"rendered":"Apollo 55000-317APO Rauchmelder S65 Kabelgebundener optischer Rauchmelder"},"content":{"rendered":"<p><strong>Optischer Rauchmelder zur effektiven Brand\u00fcberwachung:<\/strong> Der Rauchmelder S65 ist ein hervorragendes Zubeh\u00f6r f\u00fcr DSC PowerSeries Neo und andere Einbruchmelder, die einen Relaissockel erfordern.<\/p>\n<p>Mit einer innovativen Reflexionskammer erkennt es schnell Rauchpartikel, die auf einen Brand hinweisen, und sorgt so f\u00fcr eine zuverl\u00e4ssige und schnelle Warnung.<\/p>\n<p><strong>Funktionen und Vorteile:<\/strong><\/p>\n<ul>\n<li><strong>Optische Erkennung:<\/strong> Verwendet Lichtreflexion, um Rauch und Feuer schnell zu erkennen.<\/li>\n<li><strong>Luftstrom:<\/strong> Unabh\u00e4ngig von der Luftgeschwindigkeit oder dem atmosph\u00e4rischen Druck wird ein zuverl\u00e4ssiger Betrieb gew\u00e4hrleistet.<\/li>\n<li><strong>Alarmanzeige:<\/strong> Ausgestattet mit einem LED-Licht f\u00fcr klare visuelle Warnung.<\/li>\n<\/ul>\n<p><strong>Technische Spezifikation:<\/strong><\/p>\n<ul>\n<li><strong>Stromspannung:<\/strong> 9 \u2013 33 V Gleichstrom<\/li>\n<li><strong>Stromverbrauch:<\/strong> 30\u201350 \u03bcA bei 24 V DC<\/li>\n<li><strong>Normaler Alarmstrom:<\/strong>\n<ul>\n<li>10V = 18mA<\/li>\n<li>24V = 52mA<\/li>\n<\/ul>\n<\/li>\n<li><strong>Alarmwiederherstellungszeit:<\/strong> 1 Sek.<\/li>\n<li><strong>Temperaturbereich:<\/strong> -20 \u00b0C bis +60 \u00b0C<\/li>\n<li><strong>Luftfeuchtigkeit:<\/strong> 0% bis 95%, nicht kondensierend<\/li>\n<li><strong>Messen:<\/strong> 100 x 42 mm (Detektor), 100 x 50 mm (Detektor mit Sockel)<\/li>\n<li><strong>Gewicht:<\/strong> 99 g (Detektor), 150 g (Detektor mit Sockel)<\/li>\n<\/ul>","protected":false},"excerpt":{"rendered":"<p>Der Rauchmelder S65 ist ein optischer Rauchmelder f\u00fcr DSC NEO und Einbruchmelder.<\/p>\n<p>Mithilfe einer Reflexionskammer werden Rauch- und Brandpartikel effektiv erkannt und im Gefahrenfall schnell reagiert.<\/p>\n<p>Es l\u00e4sst sich einfach mit einem Relaissockel installieren und eignet sich sowohl f\u00fcr Privath\u00e4user als auch f\u00fcr Gewerbegeb\u00e4ude.<\/p>","protected":false},"featured_media":162855,"template":"","meta":{"_acf_changed":false},"product_brand":[],"product_cat":[4747,3373],"product_tag":[3311,3025,2704],"class_list":{"0":"post-83400","1":"product","2":"type-product","3":"status-publish","4":"has-post-thumbnail","6":"product_cat-65-serien","7":"product_cat-rokdetektorer","8":"product_tag-dsc-neo-svensk-manual","9":"product_tag-tradbundna-rokdetektorer-for-neo","10":"product_tag-utvalda-produkter-fran-apollo","11":"product_shipping_class-postnord-varubrev","12":"pa_brands-apollo-fire-detectors","13":"tm-has-options","15":"first","16":"instock","17":"sale","18":"featured","19":"taxable","20":"shipping-taxable","21":"purchasable","22":"product-type-simple"},"acf":[],"_links":{"self":[{"href":"https:\/\/secureus.se\/de\/wp-json\/wp\/v2\/product\/83400","targetHints":{"allow":["GET"]}}],"collection":[{"href":"https:\/\/secureus.se\/de\/wp-json\/wp\/v2\/product"}],"about":[{"href":"https:\/\/secureus.se\/de\/wp-json\/wp\/v2\/types\/product"}],"wp:featuredmedia":[{"embeddable":true,"href":"https:\/\/secureus.se\/de\/wp-json\/wp\/v2\/media\/162855"}],"wp:attachment":[{"href":"https:\/\/secureus.se\/de\/wp-json\/wp\/v2\/media?parent=83400"}],"wp:term":[{"taxonomy":"product_brand","embeddable":true,"href":"https:\/\/secureus.se\/de\/wp-json\/wp\/v2\/product_brand?post=83400"},{"taxonomy":"product_cat","embeddable":true,"href":"https:\/\/secureus.se\/de\/wp-json\/wp\/v2\/product_cat?post=83400"},{"taxonomy":"product_tag","embeddable":true,"href":"https:\/\/secureus.se\/de\/wp-json\/wp\/v2\/product_tag?post=83400"}],"curies":[{"name":"wp","href":"https:\/\/api.w.org\/{rel}","templated":true}]}}