{"id":83921,"date":"2023-09-27T17:59:57","date_gmt":"2023-09-27T15:59:57","guid":{"rendered":"https:\/\/secureus.se\/produkt\/eltryckeslas-820c-50-hi-o-sats\/"},"modified":"2026-04-08T15:57:52","modified_gmt":"2026-04-08T13:57:52","slug":"eltryckeslas-820c-50-hi-o-sats","status":"publish","type":"product","link":"https:\/\/secureus.se\/de\/eltryckeslas-820c-50-hi-o-sats\/","title":{"rendered":"Elektrisches Druckschloss 820C-50 Hi-O Set"},"content":{"rendered":"<p>ASSA ABLOY 820C-50 Hi-O ist ein elektrisches Druckschloss der Velox-Serie, angepasst f\u00fcr Hochfrequenzt\u00fcren mit ASSA modular oder Connecturtag. Geeignet als Tagesverriegelung und Innenverriegelung in Gewerbe, B\u00fcro und Industrie oder in Eing\u00e4ngen und \u00f6ffentlichen Bereichen in Mehrfamilienh\u00e4usern. 820C-50 ist ein digitales Schloss, das auf der CAN-Bus-Technologie Hi-O basiert. Hi-O bedeutet, dass die Ger\u00e4te \u00fcber einen eingebauten Mikrocomputer verf\u00fcgen und miteinander kommunizieren, um eine Plug-and-Play-Installation, die Synchronisierung des T\u00fcrbetriebs, die \u00dcberwachung von Verhaltensweisen und den Versand von Diagnoseinformationen zu erm\u00f6glichen. Ein Hi-O-Ger\u00e4t muss \u00fcber den DAC 530\/564 an einen Hi-O-Bus angeschlossen werden, alternativ an ein analoges System \u00fcber die I\/O BOX 350. Die I\/O BOX 350 erm\u00f6glicht den Einbau eines digitalen Hi-O-Schlosses an eine analoge relaisgesteuerte Anlage.<\/p>\n<p><b>Das Kit-Paket beinhaltet:<\/b><\/p>\n<p>Elektrisches Druckverschlussgeh\u00e4use 820C-50, I\/O-Box350, Verbindungskabel EA226 (10 m), Endplatte 1487-2 mit Magnet, Rahmengetriebe EA281 und 2 Stk. Druckstifte 520H 43 mm.<\/p>\n<div><b>Eigenschaften:<\/b><\/div>\n<div>\n<ul>\n<li>Druckabfall umschaltbare Einzel- oder Splitfunktion.<\/li>\n<li>Manuelle Kinnregel<\/li>\n<li>Blockierter Druckabfall<\/li>\n<li>Das Schloss kann jederzeit mit einem Schl\u00fcssel\/Knopf bedient werden<\/li>\n<li>Zugelassen f\u00fcr den Einbau in Brandzellengrenzwert E\/EI 120<\/li>\n<li>Zertifiziert nach SSF 3522-1093, Klasse 2.<\/li>\n<li>Multifunktional<\/li>\n<li>Leicht einstellbare Vorw\u00e4rts-\/R\u00fcckw\u00e4rtsfunktion<\/li>\n<li>Umkehrbarer Absenkkolben f\u00fcr rechts- oder linksangeschlagene T\u00fcren<\/li>\n<li>Multispannung 12\u201324 V<\/li>\n<li>Statusanzeige verf\u00fcgbar auf dem Hi-O-Bus und \u00fcber Relais auf der I\/O BOX 350 (siehe Produktblatt)<\/li>\n<\/ul>\n<\/div>\n<div><\/div>\n<div>\n<p><b>Funktion:<\/b><\/p>\n<ul>\n<li>Der Druck wird innen\/au\u00dfen elektrisch aktiviert, alternativ au\u00dfen elektrisch gesteuert und innen mechanisch verbunden, einstellbar.<\/li>\n<li>Au\u00dfen elektrisch gesteuert, innen mechanisch verbunden (geteilte Spindel)<\/li>\n<li>Elektrisch gesteuert au\u00dfen und innen (feste Spindel)<\/li>\n<li>Die Hakenleiste wird manuell per Zylinder oder Knauf verriegelt (Privacy-Funktion).<\/li>\n<\/ul>\n<\/div>","protected":false},"excerpt":{"rendered":"<h5><a href=\"https:\/\/elslutblecksguiden.se\/\" target=\"_blank\" rel=\"noopener\">Anleitung f\u00fcr ASSA Elektroschl\u00f6sser, Motorschl\u00f6sser, Elektro-Schlie\u00dfbleche und Ersatzanleitung<\/a><\/h5>","protected":false},"featured_media":139396,"template":"","meta":{"_acf_changed":false},"product_brand":[],"product_cat":[2429],"product_tag":[2967],"class_list":{"0":"post-83921","1":"product","2":"type-product","3":"status-publish","4":"has-post-thumbnail","6":"product_cat-ellas","7":"product_tag-rg-assa-abloy","8":"product_shipping_class-tunga-paket","9":"pa_brands-abloy","10":"tm-no-options","12":"first","13":"onbackorder","14":"sale","15":"taxable","16":"shipping-taxable","17":"purchasable","18":"product-type-simple"},"acf":[],"_links":{"self":[{"href":"https:\/\/secureus.se\/de\/wp-json\/wp\/v2\/product\/83921","targetHints":{"allow":["GET"]}}],"collection":[{"href":"https:\/\/secureus.se\/de\/wp-json\/wp\/v2\/product"}],"about":[{"href":"https:\/\/secureus.se\/de\/wp-json\/wp\/v2\/types\/product"}],"wp:featuredmedia":[{"embeddable":true,"href":"https:\/\/secureus.se\/de\/wp-json\/wp\/v2\/media\/139396"}],"wp:attachment":[{"href":"https:\/\/secureus.se\/de\/wp-json\/wp\/v2\/media?parent=83921"}],"wp:term":[{"taxonomy":"product_brand","embeddable":true,"href":"https:\/\/secureus.se\/de\/wp-json\/wp\/v2\/product_brand?post=83921"},{"taxonomy":"product_cat","embeddable":true,"href":"https:\/\/secureus.se\/de\/wp-json\/wp\/v2\/product_cat?post=83921"},{"taxonomy":"product_tag","embeddable":true,"href":"https:\/\/secureus.se\/de\/wp-json\/wp\/v2\/product_tag?post=83921"}],"curies":[{"name":"wp","href":"https:\/\/api.w.org\/{rel}","templated":true}]}}