{"id":83923,"date":"2023-09-27T17:59:55","date_gmt":"2023-09-27T15:59:55","guid":{"rendered":"https:\/\/secureus.se\/produkt\/eltryckeslas-pe580-med-kabel-ea220\/"},"modified":"2026-04-08T15:58:39","modified_gmt":"2026-04-08T13:58:39","slug":"eltryckeslas-pe580-med-kabel-ea220","status":"publish","type":"product","link":"https:\/\/secureus.se\/de\/eltryckeslas-pe580-med-kabel-ea220\/","title":{"rendered":"Elektrisches Druckschloss PE580 mit Kabel EA220"},"content":{"rendered":"<p><\/p>\n<div>PE 580 geh\u00f6rt zu einer Familie elektrischer Druckschl\u00f6sser mit geteilter Spindelfunktion, die f\u00fcr die Verwendung mit der Panikregel 1141 geeignet sind. Es erf\u00fcllt die Anforderungen gem\u00e4\u00df SS-EN1125. Der PE580 ist ein elektromechanisch gesteuertes Druck-Funktionsschloss vom Typ Multifunktions. Vom Typ Tagesschloss und passt gut in Gewerbegeb\u00e4ude, Innenverriegelungen und Au\u00dfent\u00fcren in Mehrfamilienh\u00e4usern. Die Split-Funktionsschl\u00f6sser verf\u00fcgen \u00fcber eine Kombination aus mechanischen und elektrischen Funktionen, was eine Panikevakuierung ohne elektrische Steuerung erm\u00f6glicht. Der PE580 verf\u00fcgt \u00fcber zwei integrierte Mikroschalter, die die Position des Kolbens sowie das \u00d6ffnen mit Panikkontrolle anzeigen. Das Schloss kann immer mechanisch mit einem Zylinder oder Knauf bet\u00e4tigt werden. Beim Schlie\u00dfen der T\u00fcr wird das Schloss automatisch verriegelt.\u00a0<\/div>\n<div><b>Eigenschaften\u00a0<\/b><\/div>\n<div>\n<ul>\n<li>Split-Funktion<\/li>\n<li>Der Au\u00dfengriff wird elektrisch gesteuert<\/li>\n<li>Mit ASSA ABLOY 1141 Panikschloss immer von innen zu \u00f6ffnen<\/li>\n<li>Das Schloss kann elektrisch gesteuert werden, z.B. ein Zutrittssystem, eine \u00d6ffnungstaste oder ein Timer<\/li>\n<li>Leicht umkehrbar rechts\/links\u00a0<\/li>\n<li>Umschaltbare Vorw\u00e4rts-\/R\u00fcckw\u00e4rtsfunktion (im stromlosen Modus gesperrt oder entsperrt)<\/li>\n<li>Die Regel entfaltet sich erst, wenn die T\u00fcr geschlossen ist<\/li>\n<li>Alle Kabel sind mit Steckern zur einfachen Installation mit Anschlusskabel EA220 ausgestattet<\/li>\n<li>50 mm Dorntiefe\n<\/li>\n<\/ul>\n<\/div>\n<div><b>Technische Daten<\/b><\/div>\n<div>\n<ul>\n<li>Spannung 12 \u2013 24 V DC (-10%\/+15%, Stab)<\/li>\n<li>Stromverbrauch: Max: 550 mA (12 V DC), Rest: 240 mA (12 V DC)\u00a0<\/li>\n<li>Temperaturbereich: -20 \u2013 +60\u00b0C<\/li>\n<\/ul>\n<\/div>","protected":false},"excerpt":{"rendered":"<h5><a href=\"https:\/\/elslutblecksguiden.se\/\" target=\"_blank\" rel=\"noopener\">Anleitung f\u00fcr ASSA Elektroschl\u00f6sser, Motorschl\u00f6sser, Elektro-Schlie\u00dfbleche und Ersatzanleitung<\/a><\/h5>","protected":false},"featured_media":139943,"template":"","meta":{"_acf_changed":false},"product_brand":[],"product_cat":[2429],"product_tag":[2967],"class_list":{"0":"post-83923","1":"product","2":"type-product","3":"status-publish","4":"has-post-thumbnail","6":"product_cat-ellas","7":"product_tag-rg-assa-abloy","8":"product_shipping_class-tunga-paket","9":"pa_brands-abloy","10":"tm-no-options","12":"first","13":"onbackorder","14":"sale","15":"taxable","16":"shipping-taxable","17":"purchasable","18":"product-type-simple"},"acf":[],"_links":{"self":[{"href":"https:\/\/secureus.se\/de\/wp-json\/wp\/v2\/product\/83923","targetHints":{"allow":["GET"]}}],"collection":[{"href":"https:\/\/secureus.se\/de\/wp-json\/wp\/v2\/product"}],"about":[{"href":"https:\/\/secureus.se\/de\/wp-json\/wp\/v2\/types\/product"}],"wp:featuredmedia":[{"embeddable":true,"href":"https:\/\/secureus.se\/de\/wp-json\/wp\/v2\/media\/139943"}],"wp:attachment":[{"href":"https:\/\/secureus.se\/de\/wp-json\/wp\/v2\/media?parent=83923"}],"wp:term":[{"taxonomy":"product_brand","embeddable":true,"href":"https:\/\/secureus.se\/de\/wp-json\/wp\/v2\/product_brand?post=83923"},{"taxonomy":"product_cat","embeddable":true,"href":"https:\/\/secureus.se\/de\/wp-json\/wp\/v2\/product_cat?post=83923"},{"taxonomy":"product_tag","embeddable":true,"href":"https:\/\/secureus.se\/de\/wp-json\/wp\/v2\/product_tag?post=83923"}],"curies":[{"name":"wp","href":"https:\/\/api.w.org\/{rel}","templated":true}]}}