{"id":83935,"date":"2023-09-27T17:59:43","date_gmt":"2023-09-27T15:59:43","guid":{"rendered":"https:\/\/secureus.se\/produkt\/eltryckeslashus-815c-50-hi-o\/"},"modified":"2026-03-25T15:43:58","modified_gmt":"2026-03-25T14:43:58","slug":"eltryckeslashus-815c-50-hi-o","status":"publish","type":"product","link":"https:\/\/secureus.se\/de\/eltryckeslashus-815c-50-hi-o\/","title":{"rendered":"Elektrisches Druckverschlussgeh\u00e4use 815C-50 Hi-O"},"content":{"rendered":"<p>ASSA ABLOY 815C-50 Hi-O ist ein elektrisches Druckschloss der Velox-Serie, angepasst f\u00fcr Hochfrequenzt\u00fcren mit ASSA modular oder Connecturtag. Passt gut als Tagesschloss<\/p>\n<div>und Innenverriegelung in Gewerbe, B\u00fcro und Industrie oder in Eing\u00e4ngen und \u00f6ffentlichen Bereichen in Mehrfamilienh\u00e4usern. Zertifiziert nach SS-EN 179, was die Installation in einem Fluchtweg erm\u00f6glicht. 815C-50 ist ein digitales Schloss, das auf der CAN-Bus-Technologie Hi-O basiert. Hi-O bedeutet, dass die Ger\u00e4te \u00fcber einen eingebauten Mikrocomputer verf\u00fcgen und miteinander kommunizieren, um eine Plug-and-Play-Installation, die Synchronisierung des T\u00fcrbetriebs, die \u00dcberwachung von Verhaltensweisen und den Versand von Diagnoseinformationen zu erm\u00f6glichen. Ein Hi-O-Ger\u00e4t muss \u00fcber den DAC 530\/564 an einen Hi-O-Bus angeschlossen werden, alternativ an ein analoges System \u00fcber die I\/O BOX 350. Die I\/O BOX 350 erm\u00f6glicht den Einbau eines digitalen Hi-O-Schlosses an eine analoge relaisgesteuerte Anlage.<\/div>\n<div>\n<div><b>Eigenschaften:<\/b><\/div>\n<div>\n<ul>\n<li>Split-Funktion, au\u00dfen elektrisch gesteuert, innen mechanisch verbunden (Split-Spindel)<\/li>\n<li>Leicht umschaltbare elektrisch\/mechanisch bet\u00e4tigte Seite<\/li>\n<li>Leicht einstellbare Vorw\u00e4rts-\/R\u00fcckw\u00e4rtsfunktion<\/li>\n<li>Umkehrbarer Absenkkolben f\u00fcr rechts- oder linksangeschlagene T\u00fcren<\/li>\n<li>Blockierter Druckabfall<\/li>\n<li>Das Schloss kann jederzeit mit einem Schl\u00fcssel\/Knopf bedient werden<\/li>\n<li>Zugelassen f\u00fcr den Einbau in Brandzellengrenzwert E\/EI 120<\/li>\n<li>Zertifiziert nach SSF 3522-1093, Klasse 1 und SS-EN 179<\/li>\n<li>Zugelassen f\u00fcr die Kombination mit der Notfall-Evakuierungsarmatur 179J<\/li>\n<li>Die Wiederbelegungsfunktion kann \u00fcber die I\/O BOX 350 mit Signal von Evakuierung\/Feueralarm aktiviert werden<\/li>\n<li>Multifunktional<\/li>\n<li>Multispannung 12\u201324 V<\/li>\n<li>Statusanzeige verf\u00fcgbar auf dem Hi-O-Bus und \u00fcber Relais auf der I\/O BOX 350 (siehe Produktblatt)<\/li>\n<\/ul>\n<\/div>\n<div><\/div>\n<div>\n<p><b>Funktion:<\/b><\/p>\n<ul>\n<li>Der Druck wird von au\u00dfen elektrisch gesteuert aktiviert und von innen mechanisch gesteuert, wodurch dann die T\u00fcr ge\u00f6ffnet wird.<\/li>\n<li>Der Au\u00dfendruck wird elektrisch \u00fcber ein Signal eines Zugangssystems, Codeschlosses o.\u00e4. aktiviert.<\/li>\n<li>Der Druck im Inneren ist mechanisch verbunden, sodass kein Druckknopf angeschlossen werden muss.<\/li>\n<li>Die elektrische Steuerfunktion kann von rechts\/links, rein\/raus eingestellt werden.<\/li>\n<\/ul>\n<\/div>\n<\/div>","protected":false},"excerpt":{"rendered":"<h5><a href=\"https:\/\/elslutblecksguiden.se\/\" target=\"_blank\" rel=\"noopener\">Anleitung f\u00fcr ASSA Elektroschl\u00f6sser, Motorschl\u00f6sser, Elektro-Schlie\u00dfbleche und Ersatzanleitung<\/a><\/h5>","protected":false},"featured_media":140376,"template":"","meta":{"_acf_changed":false},"product_brand":[],"product_cat":[2429],"product_tag":[4424,2967],"class_list":{"0":"post-83935","1":"product","2":"type-product","3":"status-publish","4":"has-post-thumbnail","6":"product_cat-ellas","7":"product_tag-eltryckeslas-815","8":"product_tag-rg-assa-abloy","9":"product_shipping_class-tunga-paket","10":"pa_brands-abloy","11":"tm-no-options","13":"first","14":"onbackorder","15":"sale","16":"taxable","17":"shipping-taxable","18":"purchasable","19":"product-type-simple"},"acf":[],"_links":{"self":[{"href":"https:\/\/secureus.se\/de\/wp-json\/wp\/v2\/product\/83935","targetHints":{"allow":["GET"]}}],"collection":[{"href":"https:\/\/secureus.se\/de\/wp-json\/wp\/v2\/product"}],"about":[{"href":"https:\/\/secureus.se\/de\/wp-json\/wp\/v2\/types\/product"}],"wp:featuredmedia":[{"embeddable":true,"href":"https:\/\/secureus.se\/de\/wp-json\/wp\/v2\/media\/140376"}],"wp:attachment":[{"href":"https:\/\/secureus.se\/de\/wp-json\/wp\/v2\/media?parent=83935"}],"wp:term":[{"taxonomy":"product_brand","embeddable":true,"href":"https:\/\/secureus.se\/de\/wp-json\/wp\/v2\/product_brand?post=83935"},{"taxonomy":"product_cat","embeddable":true,"href":"https:\/\/secureus.se\/de\/wp-json\/wp\/v2\/product_cat?post=83935"},{"taxonomy":"product_tag","embeddable":true,"href":"https:\/\/secureus.se\/de\/wp-json\/wp\/v2\/product_tag?post=83935"}],"curies":[{"name":"wp","href":"https:\/\/api.w.org\/{rel}","templated":true}]}}