{"id":83941,"date":"2023-09-27T17:58:44","date_gmt":"2023-09-27T15:58:44","guid":{"rendered":"https:\/\/secureus.se\/produkt\/eltryckeslas-el587-hi-o-omstallbar-12-24v\/"},"modified":"2026-04-23T12:23:30","modified_gmt":"2026-04-23T10:23:30","slug":"eltryckeslas-el587-hi-o-omstallbar-12-24v","status":"publish","type":"product","link":"https:\/\/secureus.se\/de\/eltryckeslas-el587-hi-o-omstallbar-12-24v\/","title":{"rendered":"Elektrisches Druckschloss EL587 Hi-O umschaltbar 12-24V"},"content":{"rendered":"<p>\nDie multifunktionalen elektrischen Druckschl\u00f6sser EL587 von ABLOY sind f\u00fcr Hochfrequenzt\u00fcren mit ASSA ABLOY-Modulaussparungen geeignet. Geeignet als Tagesverriegelung und Innenverriegelung in Gewerbe, B\u00fcro und Industrie oder in Eing\u00e4ngen und \u00f6ffentlichen Bereichen in Mehrfamilienh\u00e4usern. Das EL587 ist ein Hi-O-Schlossgeh\u00e4use, das an einen Hi-O-Bus angeschlossen werden kann. Hi-O bedeutet, dass die Ger\u00e4te \u00fcber einen eingebauten Mikrocomputer verf\u00fcgen und miteinander kommunizieren, um eine Plug-and-Play-Installation, die Synchronisierung des T\u00fcrbetriebs, die \u00dcberwachung von Verhaltensweisen und den Versand von Diagnoseinformationen zu erm\u00f6glichen.\u00a0 \u00a0<\/p>\n<div><b>Eigenschaften\u00a0<\/b><\/div>\n<div>\n<ul>\n<li>Split-Funktion (Einfach umschaltbare elektrisch\/mechanisch bet\u00e4tigte Seite)<\/li>\n<li>Au\u00dfendruck elektrisch betrieben<\/li>\n<li>Der Druck im Inneren \u00f6ffnet das Schloss immer mechanisch<\/li>\n<li>Blockierter Druckabfall <\/li>\n<li>Das Schloss kann immer mit einem Zylinder\/Knauf bedient werden<\/li>\n<li>Multifunktional<\/li>\n<li>Leicht einstellbare Vorw\u00e4rts-\/R\u00fcckw\u00e4rtsfunktion<\/li>\n<li>Variabler Tropfen\u00fcberstand 20 mm oder 14 mm<\/li>\n<li>2 Mikroschalter: Verriegelung (T\u00fcrposition), Pressbewegung <\/li>\n<li>50 mm Dorntiefe\u00a0\u00a0<\/li>\n<li>Zugelassen f\u00fcr die Kombination mit der Notfall-Evakuierungsarmatur 179E-2<\/li>\n<li>Alle Kabel sind mit Steckern zur einfachen Installation mit Anschlusskabel EA226 ausgestattet<\/li>\n<li>Hi-O-Technologie<\/li>\n<\/ul>\n<\/div>\n<div><b><br \/><\/b><b>Technische Daten:<\/b><\/div>\n<div>\n<ul>\n<li>Betriebsspannung: 12 \u2013 24 VDC, stab<\/li>\n<li>Stromaufnahme 580\u2013280 mA, 12 VDC 300\u2013160 mA, 24 VDC<\/li>\n<\/ul>\n<\/div>","protected":false},"excerpt":{"rendered":"<h5><a href=\"https:\/\/elslutblecksguiden.se\/\" target=\"_blank\" rel=\"noopener\">Anleitung f\u00fcr ASSA Elektroschl\u00f6sser, Motorschl\u00f6sser, Elektro-Schlie\u00dfbleche und Ersatzanleitung<\/a><\/h5>","protected":false},"featured_media":139551,"template":"","meta":{"_acf_changed":false},"product_brand":[],"product_cat":[2429],"product_tag":[2967],"class_list":{"0":"post-83941","1":"product","2":"type-product","3":"status-publish","4":"has-post-thumbnail","6":"product_cat-ellas","7":"product_tag-rg-assa-abloy","8":"product_shipping_class-tunga-paket","9":"pa_brands-abloy","10":"tm-no-options","12":"first","13":"onbackorder","14":"sale","15":"taxable","16":"shipping-taxable","17":"purchasable","18":"product-type-simple"},"acf":[],"_links":{"self":[{"href":"https:\/\/secureus.se\/de\/wp-json\/wp\/v2\/product\/83941","targetHints":{"allow":["GET"]}}],"collection":[{"href":"https:\/\/secureus.se\/de\/wp-json\/wp\/v2\/product"}],"about":[{"href":"https:\/\/secureus.se\/de\/wp-json\/wp\/v2\/types\/product"}],"wp:featuredmedia":[{"embeddable":true,"href":"https:\/\/secureus.se\/de\/wp-json\/wp\/v2\/media\/139551"}],"wp:attachment":[{"href":"https:\/\/secureus.se\/de\/wp-json\/wp\/v2\/media?parent=83941"}],"wp:term":[{"taxonomy":"product_brand","embeddable":true,"href":"https:\/\/secureus.se\/de\/wp-json\/wp\/v2\/product_brand?post=83941"},{"taxonomy":"product_cat","embeddable":true,"href":"https:\/\/secureus.se\/de\/wp-json\/wp\/v2\/product_cat?post=83941"},{"taxonomy":"product_tag","embeddable":true,"href":"https:\/\/secureus.se\/de\/wp-json\/wp\/v2\/product_tag?post=83941"}],"curies":[{"name":"wp","href":"https:\/\/api.w.org\/{rel}","templated":true}]}}