{"id":83943,"date":"2023-09-27T17:58:40","date_gmt":"2023-09-27T15:58:40","guid":{"rendered":"https:\/\/secureus.se\/produkt\/eltryckeslas-el980-split-spindle\/"},"modified":"2026-03-25T15:43:18","modified_gmt":"2026-03-25T14:43:18","slug":"eltryckeslas-el980-split-spindle","status":"publish","type":"product","link":"https:\/\/secureus.se\/de\/eltryckeslas-el980-split-spindle\/","title":{"rendered":"Elektrischer Druckverschluss EL980 geteilte Spindel"},"content":{"rendered":"<p>\nElektrisches Druckschloss f\u00fcr Aptus 1189, 1179 und Assa DBL-340, DBL-342 und DBL-350.<\/p>\n<p><b>Eigenschaften:<\/b><br \/>\n<\/p>\n<ul>\n<li>Dorntiefe 50 mm<\/li>\n<li>Split-Spindel-Funktion<\/li>\n<li>Umschaltbare Vorw\u00e4rts- oder R\u00fcckw\u00e4rtsfunktion (im stromlosen Zustand verriegelt oder entriegelt)<\/li>\n<\/ul>\n<p><\/p>","protected":false},"excerpt":{"rendered":"<h5><a href=\"https:\/\/elslutblecksguiden.se\/\" target=\"_blank\" rel=\"noopener\">Anleitung f\u00fcr ASSA Elektroschl\u00f6sser, Motorschl\u00f6sser, Elektro-Schlie\u00dfbleche und Ersatzanleitung<\/a><\/h5>","protected":false},"featured_media":139954,"template":"","meta":{"_acf_changed":false},"product_brand":[],"product_cat":[2429],"product_tag":[2967],"class_list":{"0":"post-83943","1":"product","2":"type-product","3":"status-publish","4":"has-post-thumbnail","6":"product_cat-ellas","7":"product_tag-rg-assa-abloy","8":"product_shipping_class-tunga-paket","9":"pa_brands-abloy","10":"tm-no-options","12":"first","13":"onbackorder","14":"sale","15":"taxable","16":"shipping-taxable","17":"purchasable","18":"product-type-simple"},"acf":[],"_links":{"self":[{"href":"https:\/\/secureus.se\/de\/wp-json\/wp\/v2\/product\/83943","targetHints":{"allow":["GET"]}}],"collection":[{"href":"https:\/\/secureus.se\/de\/wp-json\/wp\/v2\/product"}],"about":[{"href":"https:\/\/secureus.se\/de\/wp-json\/wp\/v2\/types\/product"}],"wp:featuredmedia":[{"embeddable":true,"href":"https:\/\/secureus.se\/de\/wp-json\/wp\/v2\/media\/139954"}],"wp:attachment":[{"href":"https:\/\/secureus.se\/de\/wp-json\/wp\/v2\/media?parent=83943"}],"wp:term":[{"taxonomy":"product_brand","embeddable":true,"href":"https:\/\/secureus.se\/de\/wp-json\/wp\/v2\/product_brand?post=83943"},{"taxonomy":"product_cat","embeddable":true,"href":"https:\/\/secureus.se\/de\/wp-json\/wp\/v2\/product_cat?post=83943"},{"taxonomy":"product_tag","embeddable":true,"href":"https:\/\/secureus.se\/de\/wp-json\/wp\/v2\/product_tag?post=83943"}],"curies":[{"name":"wp","href":"https:\/\/api.w.org\/{rel}","templated":true}]}}