{"id":83945,"date":"2023-09-27T17:58:38","date_gmt":"2023-09-27T15:58:38","guid":{"rendered":"https:\/\/secureus.se\/produkt\/eltryckeslas-el580l-lagenergi-rattvand-sats-12-24v\/"},"modified":"2026-04-08T15:58:12","modified_gmt":"2026-04-08T13:58:12","slug":"eltryckeslas-el580l-lagenergi-rattvand-sats-12-24v","status":"publish","type":"product","link":"https:\/\/secureus.se\/de\/eltryckeslas-el580l-lagenergi-rattvand-sats-12-24v\/","title":{"rendered":"Elektrisches Druckschloss EL580L Niedrigenergie-Set nach rechts gerichtet 12\u201324 V"},"content":{"rendered":"<p>\nDie multifunktionalen elektrischen Druckschl\u00f6sser EL580L von ABLOY sind f\u00fcr Hochfrequenzt\u00fcren mit modularen Steckdosen von ASSA ABLOY geeignet, bei denen ein geringer Energieverbrauch erforderlich ist. Geeignet als Tagesverriegelung und Innenverriegelung in Gewerbe, B\u00fcro und Industrie oder in Eing\u00e4ngen und \u00f6ffentlichen Bereichen in Mehrfamilienh\u00e4usern. ABLOY EL580L kann im Brandschutzbereich eingesetzt werden.<\/p>\n<div><b>In der Kit-Verpackung enthaltenes Zubeh\u00f6r:\u00a0<\/b><\/div>\n<div>Elektrisches Druckschloss EL580L, Verbindungskabel EA220, Rahmen\u00fcbertragung EA281, Abloy-Druckstifte f\u00fcr Split-Funktionsschloss.<\/p>\n<\/div>\n<div><b>Eigenschaften:<\/b><\/div>\n<div>\n<ul>\n<li>Split-Funktion (einfach umschaltbare elektrisch\/mechanisch bet\u00e4tigte Seite)<\/li>\n<li>Au\u00dfendruck elektrisch betrieben<\/li>\n<li>Der Druck im Inneren \u00f6ffnet das Schloss immer mechanisch\u00a0<\/li>\n<li>Niedrigenergieschloss\u00a0<\/li>\n<li>Blockierter Druckabfall\u00a0<\/li>\n<li>Das Schloss kann immer mit einem Zylinder\/Knauf bedient werden\u00a0<\/li>\n<li>Multifunktional\u00a0<\/li>\n<li>Rechtsgerichtete Funktion\u00a0<\/li>\n<li>Variabler Tropfen\u00fcberstand 20 mm oder 14 mm<\/li>\n<li>2 Mikroschalter: Verriegelung (T\u00fcrposition), Pressbewegung\u00a0<\/li>\n<li>50 mm Dorntiefe\u00a0<\/li>\n<li>Alle Kabel sind mit Steckern zur einfachen Installation mit Anschlusskabel EA220 ausgestattet\u00a0<\/li>\n<li>Vollst\u00e4ndig an den ASSA ABLOY-Nischenstandard angepasst<\/li>\n<\/ul>\n<\/div>\n<div><\/div>\n<div><b><\/b><\/div>\n<div><b>Technische Daten<\/b><\/p>\n<ul>\n<li>Betriebsspannung: 3,6 VDC (-0%)-24 VDC (+15%) Stab<\/li>\n<li>Stromverbrauch: max. 350mA RMS\/100ms (bei Motorbetrieb), Rest 0,08mA\u00a0<\/li>\n<li>Mikroschalter: einpolig schaltend max. 30 VDC, 400 mA<\/li>\n<\/ul>\n<\/div>","protected":false},"excerpt":{"rendered":"<h5><a href=\"https:\/\/elslutblecksguiden.se\/\" target=\"_blank\" rel=\"noopener\">Anleitung f\u00fcr ASSA Elektroschl\u00f6sser, Motorschl\u00f6sser, Elektro-Schlie\u00dfbleche und Ersatzanleitung<\/a><\/h5>","protected":false},"featured_media":139964,"template":"","meta":{"_acf_changed":false},"product_brand":[],"product_cat":[2429],"product_tag":[2967],"class_list":{"0":"post-83945","1":"product","2":"type-product","3":"status-publish","4":"has-post-thumbnail","6":"product_cat-ellas","7":"product_tag-rg-assa-abloy","8":"product_shipping_class-tunga-paket","9":"pa_brands-abloy","10":"tm-no-options","12":"first","13":"onbackorder","14":"sale","15":"taxable","16":"shipping-taxable","17":"purchasable","18":"product-type-simple"},"acf":[],"_links":{"self":[{"href":"https:\/\/secureus.se\/de\/wp-json\/wp\/v2\/product\/83945","targetHints":{"allow":["GET"]}}],"collection":[{"href":"https:\/\/secureus.se\/de\/wp-json\/wp\/v2\/product"}],"about":[{"href":"https:\/\/secureus.se\/de\/wp-json\/wp\/v2\/types\/product"}],"wp:featuredmedia":[{"embeddable":true,"href":"https:\/\/secureus.se\/de\/wp-json\/wp\/v2\/media\/139964"}],"wp:attachment":[{"href":"https:\/\/secureus.se\/de\/wp-json\/wp\/v2\/media?parent=83945"}],"wp:term":[{"taxonomy":"product_brand","embeddable":true,"href":"https:\/\/secureus.se\/de\/wp-json\/wp\/v2\/product_brand?post=83945"},{"taxonomy":"product_cat","embeddable":true,"href":"https:\/\/secureus.se\/de\/wp-json\/wp\/v2\/product_cat?post=83945"},{"taxonomy":"product_tag","embeddable":true,"href":"https:\/\/secureus.se\/de\/wp-json\/wp\/v2\/product_tag?post=83945"}],"curies":[{"name":"wp","href":"https:\/\/api.w.org\/{rel}","templated":true}]}}