{"id":83947,"date":"2023-09-27T17:58:37","date_gmt":"2023-09-27T15:58:37","guid":{"rendered":"https:\/\/secureus.se\/produkt\/eltryckeslas-813c-50-hi-o-arx-sats\/"},"modified":"2026-04-08T15:58:11","modified_gmt":"2026-04-08T13:58:11","slug":"eltryckeslas-813c-50-hi-o-arx-sats","status":"publish","type":"product","link":"https:\/\/secureus.se\/de\/eltryckeslas-813c-50-hi-o-arx-sats\/","title":{"rendered":"Elektrisches Druckschloss 813C-50 Hi-O ARX Kit"},"content":{"rendered":"<p>ASSA ABLOY 813C-50 Hi-O ist ein elektrisches Druckschloss der Velox-Serie, angepasst f\u00fcr Hochfrequenzt\u00fcren mit ASSA modular oder Connecturtag. Geeignet als Tagesverriegelung und Innenverriegelung in Gewerbe, B\u00fcro und Industrie oder in Eing\u00e4ngen und \u00f6ffentlichen Bereichen in Mehrfamilienh\u00e4usern. 813C-50 ist ein digitales Schloss, das auf der CAN-Bus-Technologie Hi-O basiert. Hi-O bedeutet, dass die Ger\u00e4te \u00fcber einen eingebauten Mikrocomputer verf\u00fcgen und miteinander kommunizieren, um eine Plug-and-Play-Installation, die Synchronisierung des T\u00fcrbetriebs, die \u00dcberwachung von Verhaltensweisen und den Versand von Diagnoseinformationen zu erm\u00f6glichen. Ein Hi-O-Ger\u00e4t muss \u00fcber den DAC 530\/564 an einen Hi-O-Bus angeschlossen werden, alternativ an ein analoges System \u00fcber die I\/O BOX 350. Die I\/O BOX 350 erm\u00f6glicht den Einbau eines digitalen Hi-O-Schlosses an eine analoge relaisgesteuerte Anlage.<\/p>\n<p><b>Das Kit-Paket beinhaltet:<\/b><\/p>\n<p>Elektrisches Druckverschlussgeh\u00e4use 813C-50, Anschlusskabel EA226 (10 m), Magnet f\u00fcr Endplatte 1487 und 2 Stk. Druckstifte 520H 43 mm.<\/p>\n<div>\n<b>Eigenschaften:<\/b><\/div>\n<div>\n<ul>\n<li>Einfache Funktion, innen und au\u00dfen elektrisch gesteuert (feste Spindel)<\/li>\n<li>Blockierter Druckabfall<\/li>\n<li>Das Schloss kann jederzeit mit einem Schl\u00fcssel\/Knopf bedient werden<\/li>\n<li>Zugelassen f\u00fcr den Einbau in Brandzellengrenzwert E\/EI 120<\/li>\n<li>Zertifiziert nach SSF 3522-1093, Klasse 1.<\/li>\n<li>Multifunktional<\/li>\n<li>Leicht einstellbare Vorw\u00e4rts-\/R\u00fcckw\u00e4rtsfunktion<\/li>\n<li>Umkehrbarer Absenkkolben f\u00fcr rechts- oder linksangeschlagene T\u00fcren<\/li>\n<li>Multispannung 12\u201324 V<\/li>\n<li>Statusanzeige verf\u00fcgbar auf dem Hi-O-Bus und \u00fcber Relais auf der I\/O BOX 350 (siehe Produktblatt)<\/li>\n<\/ul>\n<\/div>\n<div><\/div>\n<div>\n<p><b>Funktion:<\/b><\/p>\n<ul>\n<li>Der Druck wird elektrisch gesteuert von innen und au\u00dfen aktiviert und dient dann zum \u00d6ffnen der T\u00fcr.<\/li>\n<li>Der Innen- und Au\u00dfendruck wird elektrisch \u00fcber ein Signal vom Passer-System, Codeschloss o.\u00e4. aktiviert, alternativ ist die Aktivierung des Innendrucks mit einem \u00d6ffnungstaster verbunden.<\/li>\n<\/ul>\n<\/div>","protected":false},"excerpt":{"rendered":"<h5><a href=\"https:\/\/elslutblecksguiden.se\/\" target=\"_blank\" rel=\"noopener\">Anleitung f\u00fcr ASSA Elektroschl\u00f6sser, Motorschl\u00f6sser, Elektro-Schlie\u00dfbleche und Ersatzanleitung<\/a><\/h5>","protected":false},"featured_media":139558,"template":"","meta":{"_acf_changed":false},"product_brand":[],"product_cat":[2429],"product_tag":[2967],"class_list":{"0":"post-83947","1":"product","2":"type-product","3":"status-publish","4":"has-post-thumbnail","6":"product_cat-ellas","7":"product_tag-rg-assa-abloy","8":"product_shipping_class-tunga-paket","9":"pa_brands-abloy","10":"tm-no-options","12":"first","13":"onbackorder","14":"sale","15":"taxable","16":"shipping-taxable","17":"purchasable","18":"product-type-simple"},"acf":[],"_links":{"self":[{"href":"https:\/\/secureus.se\/de\/wp-json\/wp\/v2\/product\/83947","targetHints":{"allow":["GET"]}}],"collection":[{"href":"https:\/\/secureus.se\/de\/wp-json\/wp\/v2\/product"}],"about":[{"href":"https:\/\/secureus.se\/de\/wp-json\/wp\/v2\/types\/product"}],"wp:featuredmedia":[{"embeddable":true,"href":"https:\/\/secureus.se\/de\/wp-json\/wp\/v2\/media\/139558"}],"wp:attachment":[{"href":"https:\/\/secureus.se\/de\/wp-json\/wp\/v2\/media?parent=83947"}],"wp:term":[{"taxonomy":"product_brand","embeddable":true,"href":"https:\/\/secureus.se\/de\/wp-json\/wp\/v2\/product_brand?post=83947"},{"taxonomy":"product_cat","embeddable":true,"href":"https:\/\/secureus.se\/de\/wp-json\/wp\/v2\/product_cat?post=83947"},{"taxonomy":"product_tag","embeddable":true,"href":"https:\/\/secureus.se\/de\/wp-json\/wp\/v2\/product_tag?post=83947"}],"curies":[{"name":"wp","href":"https:\/\/api.w.org\/{rel}","templated":true}]}}