{"id":83960,"date":"2023-10-05T11:38:23","date_gmt":"2023-10-05T09:38:23","guid":{"rendered":"https:\/\/secureus.se\/?post_type=product&#038;p=83960"},"modified":"2026-04-08T16:46:29","modified_gmt":"2026-04-08T14:46:29","slug":"rokdetektor-optisk-dp721i","status":"publish","type":"product","link":"https:\/\/secureus.se\/de\/rokdetektor-optisk-dp721i\/","title":{"rendered":"Aritech \u2013 Optischer Rauchmelder DP721I"},"content":{"rendered":"<p>Der DP721I ist ein optischer Zweidraht-Rauchmelder mit austauschbarer Rauchkammer zum Anschluss an herk\u00f6mmliche Zentralger\u00e4te.<\/p>\n<p>Der Melder erf\u00fcllt die Anforderungen gem\u00e4\u00df EN54.<\/p>\n<p>Der DP721I arbeitet nach dem Auflichtprinzip und die patentierte Messkammer sorgt f\u00fcr eine sichere Detektion bereits im Fr\u00fchstadium eines Brandes.<\/p>\n<p>Einmal t\u00e4glich findet ein vollst\u00e4ndiger Selbsttest der Elektronik und der Messkammer statt.<\/p>\n<p>Im Fehlerfall leuchtet am Melder eine gelbe LED und es ist kein spezielles Pr\u00fcfger\u00e4t n\u00f6tig.<\/p>\n<p>Ver\u00e4nderungen der Empfindlichkeit des Melders, die beispielsweise durch Verschmutzung entstehen, werden automatisch ausgeglichen.<\/p>\n<p>Auf diese Weise bleibt die urspr\u00fcnglich gem\u00e4\u00df der Spezifikation in EN54 kalibrierte Empfindlichkeit erhalten und das Risiko ungerechtfertigter Alarme wird minimiert.<\/p>\n<p>Dank der einfachen Austauschbarkeit der Messkammer k\u00f6nnen Service und Wartung effizienter gestaltet werden.<\/p>\n<p>Mit der integrierten Testfunktion k\u00f6nnen der Status des Melders und der Reinigungsbedarf \u00fcberpr\u00fcft werden.<\/p>\n<p>Merkmale: Automatische Selbstdiagnose.<\/p>\n<p>Pr\u00fcfung vor Ort ohne zus\u00e4tzliche Messger\u00e4te.<\/p>\n<p>Optischer Sensor mit Kammer, die vor Ort gewechselt und dem Recycling zugef\u00fchrt werden kann (umweltfreundlich).<\/p>\n<p>Separate LEDs f\u00fcr Feuer und Fehler.<\/p>\n<p>Kann mit 12-24 VDC gespeist werden.<\/p>\n<p>Nicht polarit\u00e4tsempfindlich.<\/p>\n<p>Hohe Immunit\u00e4t gegen Fehlalarme.<\/p>\n<p>Ausgang zur Anzeige versteckter Melder.<\/p>\n<p>Zugelassen nach EN 54 und CPR-zertifiziert.<\/p>\n<p>Technische Daten: Spannungsversorgung: 8,5-33 VDC.<\/p>\n<p>Stromaufnahme: 100 \u00b5A bei 24 VDC, &lt;60 mA bei Alarm.<\/p>\n<p>Abmessungen (\u00d8xH): 100\u00d750 mm.<\/p>\n<p>Gewicht: 112 g.<\/p>\n<p>Farbe: Wei\u00df (RAL 9001).<\/p>\n<p>Norm: EN54-7.<\/p>","protected":false},"excerpt":{"rendered":"<p>Der DP721I ist ein optischer Zweidraht-Rauchmelder mit austauschbarer Rauchkammer zum Anschluss an herk\u00f6mmliche Zentralger\u00e4te. Der Melder erf\u00fcllt die Anforderungen gem\u00e4\u00df EN54. Der DP721I arbeitet nach dem patentierten Prinzip des reflektierten Lichts<\/p>","protected":false},"featured_media":138915,"template":"","meta":{"_acf_changed":false},"product_brand":[],"product_cat":[3373,1756],"product_tag":[],"class_list":{"0":"post-83960","1":"product","2":"type-product","3":"status-publish","4":"has-post-thumbnail","6":"product_cat-rokdetektorer","7":"product_cat-rokdetektorer-kolmonoxid","8":"product_shipping_class-postnord-varubrev","9":"pa_brands-aritech","10":"tm-no-options","12":"first","13":"onbackorder","14":"sale","15":"taxable","16":"shipping-taxable","17":"purchasable","18":"product-type-simple"},"acf":[],"_links":{"self":[{"href":"https:\/\/secureus.se\/de\/wp-json\/wp\/v2\/product\/83960","targetHints":{"allow":["GET"]}}],"collection":[{"href":"https:\/\/secureus.se\/de\/wp-json\/wp\/v2\/product"}],"about":[{"href":"https:\/\/secureus.se\/de\/wp-json\/wp\/v2\/types\/product"}],"wp:featuredmedia":[{"embeddable":true,"href":"https:\/\/secureus.se\/de\/wp-json\/wp\/v2\/media\/138915"}],"wp:attachment":[{"href":"https:\/\/secureus.se\/de\/wp-json\/wp\/v2\/media?parent=83960"}],"wp:term":[{"taxonomy":"product_brand","embeddable":true,"href":"https:\/\/secureus.se\/de\/wp-json\/wp\/v2\/product_brand?post=83960"},{"taxonomy":"product_cat","embeddable":true,"href":"https:\/\/secureus.se\/de\/wp-json\/wp\/v2\/product_cat?post=83960"},{"taxonomy":"product_tag","embeddable":true,"href":"https:\/\/secureus.se\/de\/wp-json\/wp\/v2\/product_tag?post=83960"}],"curies":[{"name":"wp","href":"https:\/\/api.w.org\/{rel}","templated":true}]}}