{"id":83962,"date":"2023-10-05T11:38:27","date_gmt":"2023-10-05T09:38:27","guid":{"rendered":"https:\/\/secureus.se\/?post_type=product&#038;p=83962"},"modified":"2026-04-15T22:32:23","modified_gmt":"2026-04-15T20:32:23","slug":"detektorsockel-db702","status":"publish","type":"product","link":"https:\/\/secureus.se\/de\/detektorsockel-db702\/","title":{"rendered":"DETEKTORSTECKDOSE DB702"},"content":{"rendered":"<p>Sockel f\u00fcr Melder mit paralleler Anzeige und Relaisausg\u00e4ngen.<\/p>\n<p>Der DB702 ist ein Sockel f\u00fcr die konventionellen Detektoren der Serie 700 von Aritech.<\/p>\n<p>Der Sockel ist mit einer Br\u00fccke ausgestattet, die eine Pr\u00fcfung der Verkabelung w\u00e4hrend der Installation (NC) erm\u00f6glicht.<\/p>\n<p>Beim Einbau des Melders in die Steckdose wechselt der Kontakt seine Funktion (NO) auf Standard\u00fcberwachung.<\/p>\n<p>Zum Schutz vor unbefugter Demontage des Melders ist der Sockel mit einem Verriegelungsmechanismus ausgestattet.<\/p>","protected":false},"excerpt":{"rendered":"<p>Sockel f\u00fcr Melder mit paralleler Anzeige und Relaisausg\u00e4ngen. Der DB702 ist ein Sockel f\u00fcr die konventionellen Detektoren der Serie 700 von Aritech. Der Sockel ist mit einer Br\u00fccke ausgestattet, die eine Pr\u00fcfung der Verkabelung w\u00e4hrend der Installation (NC) erm\u00f6glicht. Bei<\/p>","protected":false},"featured_media":140020,"template":"","meta":{"_acf_changed":false},"product_brand":[],"product_cat":[1756,3373],"product_tag":[],"class_list":{"0":"post-83962","1":"product","2":"type-product","3":"status-publish","4":"has-post-thumbnail","6":"product_cat-rokdetektorer-kolmonoxid","7":"product_cat-rokdetektorer","8":"product_shipping_class-postnord-varubrev","9":"pa_brands-aritech","10":"tm-no-options","12":"first","13":"instock","14":"sale","15":"taxable","16":"shipping-taxable","17":"purchasable","18":"product-type-simple"},"acf":[],"_links":{"self":[{"href":"https:\/\/secureus.se\/de\/wp-json\/wp\/v2\/product\/83962","targetHints":{"allow":["GET"]}}],"collection":[{"href":"https:\/\/secureus.se\/de\/wp-json\/wp\/v2\/product"}],"about":[{"href":"https:\/\/secureus.se\/de\/wp-json\/wp\/v2\/types\/product"}],"wp:featuredmedia":[{"embeddable":true,"href":"https:\/\/secureus.se\/de\/wp-json\/wp\/v2\/media\/140020"}],"wp:attachment":[{"href":"https:\/\/secureus.se\/de\/wp-json\/wp\/v2\/media?parent=83962"}],"wp:term":[{"taxonomy":"product_brand","embeddable":true,"href":"https:\/\/secureus.se\/de\/wp-json\/wp\/v2\/product_brand?post=83962"},{"taxonomy":"product_cat","embeddable":true,"href":"https:\/\/secureus.se\/de\/wp-json\/wp\/v2\/product_cat?post=83962"},{"taxonomy":"product_tag","embeddable":true,"href":"https:\/\/secureus.se\/de\/wp-json\/wp\/v2\/product_tag?post=83962"}],"curies":[{"name":"wp","href":"https:\/\/api.w.org\/{rel}","templated":true}]}}