{"id":84576,"date":"2022-11-18T13:03:58","date_gmt":"2022-11-18T12:03:58","guid":{"rendered":"https:\/\/secureus.se\/produkt\/rfid-tag-pvc-kombi-em4200-mifare1k-stnd-nr\/"},"modified":"2026-04-02T15:45:26","modified_gmt":"2026-04-02T13:45:26","slug":"rfid-tag-pvc-kombi-em4200-mifare1k-stnd-nr","status":"publish","type":"product","link":"https:\/\/secureus.se\/de\/rfid-tag-pvc-kombi-em4200-mifare1k-stnd-nr\/","title":{"rendered":"RFID-Tag PVC Wei\u00df Combi EM4200\/Mifare1k Standardnr."},"content":{"rendered":"<p><strong>Hier erhalten Sie einen Anh\u00e4nger mit eingravierten Standardnummern f\u00fcr folgende Systeme.<\/strong>F\u00fcr EM4200: RCO Security (R), , Axema VAKA (V), Bewator\/Vanderbilt (B), ASSA ARX (S) )F\u00fcr Mifare: RCO (MFR), Axema VAKA (MFV), ASSA, Aptus, Bewator, Axema , Axema VAKA, Vanderbilt und andere (MFD)<\/p>\n<p><strong>Design-Tag \u2013 Kreieren Sie Ihren einzigartigen Stil<\/strong>Entdecken Sie unseren d\u00fcnnsten RFID-Tag, den Design Tag, der nur 1,5 mm d\u00fcnn ist. Es besteht aus einem hochgl\u00e4nzenden PVC-Material, das Ihren Anwendungen ein unglaublich stilvolles Finish und eine elegante Note verleiht.<\/p>\n<p><strong>Erstellen Sie Ihr pers\u00f6nliches Profil<\/strong>Design Tagg eignet sich hervorragend zur Erg\u00e4nzung Ihres Alltags, bietet aber auch M\u00f6glichkeiten zur Profilierung Ihres Unternehmens. F\u00fcgen Sie Ihre Telefonnummer oder Ihren Slogan hinzu oder bewerben Sie besondere Veranstaltungen mit Daten und \u00d6ffnungszeiten. Nur Ihre Vorstellungskraft setzt der Verwendung Grenzen.<\/p>\n<p><strong>Hochwertige Verarbeitung im Stil von Bankkarten<\/strong>Wir stellen Design Tag mit der gleichen Technologie her, die auch f\u00fcr Bank- und Kreditkarten verwendet wird. Das bedeutet, dass es aus PVC-Material besteht und mit jedem beliebigen Design Ihrer Wahl bedruckt werden kann. Anschlie\u00dfend wird eine sch\u00fctzende Kunststoffschicht auf den Druck aufgebracht, um dessen Qualit\u00e4t und Funktionalit\u00e4t sicherzustellen.<\/p>\n<p><strong>Produktionszeit: ca. 3 Wochen<\/strong>Bitte beachten Sie, dass unser RFID-Tag \u201ePVC\/Design\u201c aufgrund des f\u00fcr jeden Kunden individuellen Herstellungsprozesses nicht schnell versendet werden kann. Wir m\u00f6chten Ihnen das bestm\u00f6gliche Produkt bieten und daher dauert die Herstellung Ihres individuellen Anh\u00e4ngers etwa 3 Wochen.<\/p>\n<p><strong>Im Preis inbegriffen: Individualisierung und Gravur<\/strong>Wenn Sie sich f\u00fcr Design Tagg entscheiden, k\u00f6nnen Sie mit einer vollst\u00e4ndigen Anpassung an Ihre Bed\u00fcrfnisse rechnen. Senden Sie uns Ihr Foto, Logo oder Text und wir erstellen ein digitales Muster zur Genehmigung. Auch Ihre Systemnummern f\u00fcr Zutrittssysteme, Alarme oder Seriennummern gravieren wir komplett nach Ihren W\u00fcnschen \u2013 alles ist im Preis inbegriffen.<\/p>\n<p><strong>Hochwertiger Originalchip f\u00fcr Zuverl\u00e4ssigkeit und Sicherheit<\/strong>Um Zuverl\u00e4ssigkeit und Sicherheit zu gew\u00e4hrleisten, ist unser RFID-Tag \u201eDesign \/ PVC\u201c mit einem Original-Chip h\u00f6chster Qualit\u00e4t ausgestattet. Wir w\u00e4hlen nur Originalchips von anerkannten Herstellern aus, um den h\u00f6chsten Anspr\u00fcchen gerecht zu werden. Mit unseren RFID-Tags k\u00f6nnen Sie sicher sein, dass Sie ein Produkt erhalten, das zuverl\u00e4ssige und effiziente Leistung bietet. Wir sind stets bestrebt, die beste Technologie und Kompatibilit\u00e4t anzubieten, um sicherzustellen, dass unsere RFID-Tags sicher funktionieren und Ihre Bed\u00fcrfnisse langfristig erf\u00fcllen.<\/p>","protected":false},"excerpt":{"rendered":"<p>Wenn Sie mehr als 500 Anh\u00e4nger kaufen, k\u00f6nnen Sie diesen Anh\u00e4nger mit Ihrem eigenen, einzigartigen Design versehen<\/p>","protected":false},"featured_media":141846,"template":"","meta":{"_acf_changed":false},"product_brand":[],"product_cat":[4811,4786,1324,4534],"product_tag":[2642,2958],"class_list":{"0":"post-84576","1":"product","2":"type-product","3":"status-publish","4":"has-post-thumbnail","6":"product_cat-kombinerade-taggar-mifare-och-em","7":"product_cat-mifare1kem4200-tagg","8":"product_cat-outlet","9":"product_cat-pvc","10":"product_tag-500-moq-design-pvc","11":"product_tag-stonehouse-produkt","12":"product_shipping_class-postnord-varubrev","13":"pa_brands-stonehouse-security","14":"pa_chip-teknik-kombi-em4200mifare1k","15":"pa_farg-vit","16":"tm-no-options","18":"first","19":"instock","20":"sale","21":"featured","22":"taxable","23":"shipping-taxable","24":"purchasable","25":"product-type-simple"},"acf":[],"_links":{"self":[{"href":"https:\/\/secureus.se\/de\/wp-json\/wp\/v2\/product\/84576","targetHints":{"allow":["GET"]}}],"collection":[{"href":"https:\/\/secureus.se\/de\/wp-json\/wp\/v2\/product"}],"about":[{"href":"https:\/\/secureus.se\/de\/wp-json\/wp\/v2\/types\/product"}],"wp:featuredmedia":[{"embeddable":true,"href":"https:\/\/secureus.se\/de\/wp-json\/wp\/v2\/media\/141846"}],"wp:attachment":[{"href":"https:\/\/secureus.se\/de\/wp-json\/wp\/v2\/media?parent=84576"}],"wp:term":[{"taxonomy":"product_brand","embeddable":true,"href":"https:\/\/secureus.se\/de\/wp-json\/wp\/v2\/product_brand?post=84576"},{"taxonomy":"product_cat","embeddable":true,"href":"https:\/\/secureus.se\/de\/wp-json\/wp\/v2\/product_cat?post=84576"},{"taxonomy":"product_tag","embeddable":true,"href":"https:\/\/secureus.se\/de\/wp-json\/wp\/v2\/product_tag?post=84576"}],"curies":[{"name":"wp","href":"https:\/\/api.w.org\/{rel}","templated":true}]}}