{"id":84716,"date":"2023-10-17T14:24:19","date_gmt":"2023-10-17T12:24:19","guid":{"rendered":"https:\/\/secureus.se\/produkt\/stromst-trapp-1-pol-rs-utv-rv\/"},"modified":"2026-04-07T12:54:54","modified_gmt":"2026-04-07T10:54:54","slug":"stromst-trapp-1-pol-rs-utv-rv","status":"publish","type":"product","link":"https:\/\/secureus.se\/de\/stromst-trapp-1-pol-rs-utv-rv\/","title":{"rendered":"Str\u00f6mst-Treppe\/1-poliger RS UTV RV"},"content":{"rendered":"<p>Drucktaster-Wippschalter mit Sockel, Rahmen und Wippe aus halogenfreiem Thermoplast.<\/p>\n<p>Befestigungsschraubenabstand 38 mm.<\/p>\n<p>Einpressrahmen und Wippe sind Standard.<\/p>\n<p>Der Schalter ist mit einer vollfl\u00e4chigen Grundplatte ausgestattet und verf\u00fcgt \u00fcber mehrere alternative Befestigungsl\u00f6cher zur Befestigung.<\/p>\n<p>Schraubanschluss der Leiter mit Aufzugsklemmen.<\/p>","protected":false},"excerpt":{"rendered":"<p>Drucktaster-Wippschalter mit Sockel, Rahmen und Wippe aus halogenfreiem Thermoplast. Befestigungsschraubenabstand 38 mm. Einpressrahmen und Wippe sind Standard. Der Schalter ist mit einer kompletten Grundplatte ausgestattet und verf\u00fcgt \u00fcber mehrere alternative Befestigungsl\u00f6cher f\u00fcr<\/p>","protected":false},"featured_media":139296,"template":"","meta":{"_acf_changed":false},"product_brand":[],"product_cat":[4827],"product_tag":[3129],"class_list":{"0":"post-84716","1":"product","2":"type-product","3":"status-publish","4":"has-post-thumbnail","6":"product_cat-elko","7":"product_tag-stromstallare-utan-logo","8":"product_shipping_class-postnord-varubrev","9":"pa_brands-elko","10":"tm-no-options","12":"first","13":"instock","14":"sale","15":"featured","16":"taxable","17":"shipping-taxable","18":"purchasable","19":"product-type-simple"},"acf":[],"_links":{"self":[{"href":"https:\/\/secureus.se\/de\/wp-json\/wp\/v2\/product\/84716","targetHints":{"allow":["GET"]}}],"collection":[{"href":"https:\/\/secureus.se\/de\/wp-json\/wp\/v2\/product"}],"about":[{"href":"https:\/\/secureus.se\/de\/wp-json\/wp\/v2\/types\/product"}],"wp:featuredmedia":[{"embeddable":true,"href":"https:\/\/secureus.se\/de\/wp-json\/wp\/v2\/media\/139296"}],"wp:attachment":[{"href":"https:\/\/secureus.se\/de\/wp-json\/wp\/v2\/media?parent=84716"}],"wp:term":[{"taxonomy":"product_brand","embeddable":true,"href":"https:\/\/secureus.se\/de\/wp-json\/wp\/v2\/product_brand?post=84716"},{"taxonomy":"product_cat","embeddable":true,"href":"https:\/\/secureus.se\/de\/wp-json\/wp\/v2\/product_cat?post=84716"},{"taxonomy":"product_tag","embeddable":true,"href":"https:\/\/secureus.se\/de\/wp-json\/wp\/v2\/product_tag?post=84716"}],"curies":[{"name":"wp","href":"https:\/\/api.w.org\/{rel}","templated":true}]}}