{"id":84858,"date":"2023-02-20T14:25:13","date_gmt":"2023-02-20T13:25:13","guid":{"rendered":"https:\/\/secureus.se\/produkt\/flx-s-dt-flipx-standard-indoor-pir-with-dual-technology\/"},"modified":"2026-03-10T12:32:46","modified_gmt":"2026-03-10T11:32:46","slug":"optex-flx-s-dt-flipx-standard-indoor-pir","status":"publish","type":"product","link":"https:\/\/secureus.se\/de\/optex-flx-s-dt-flipx-standard-indoor-pir\/","title":{"rendered":"Optex FLX-S-DT FlipX Kombinationsmelder PIR+Mikrowelle 15m 85 Grad oder 24 Meter langer Strahl"},"content":{"rendered":"<h1>Der Optex FLX-S-DT ist Teil der neuen FlipX Standard-Serie, die f\u00fcr ihre innovativen Sensoren bekannt ist, die eine Kombination aus PIR- (Passiv-Infrarot) und Mikrowellentechnologie bieten.<\/h1>\n<p>Diese duale Technologie verbessert die Erkennungsgenauigkeit und -zuverl\u00e4ssigkeit und eignet sich daher ideal f\u00fcr den Einsatz in anspruchsvollen Innenr\u00e4umen, in denen St\u00f6rungen und Temperatur\u00e4nderungen die herk\u00f6mmliche PIR-Technologie beeintr\u00e4chtigen k\u00f6nnen.<\/p>\n<p>Der Detektor ist mit einer drehbaren Linse ausgestattet, die ein hohes Ma\u00df an Flexibilit\u00e4t bietet, indem Sie den Erkennungsbereich von einem gr\u00f6\u00dferen Betrachtungswinkel von 12 Metern (85 Grad) auf eine engere und fokussiertere Erkennung von bis zu 18 Metern einstellen k\u00f6nnen.<\/p>\n<p>Durch diese Einstellbarkeit kann der FLX-S-DT unterschiedliche Installationsanforderungen abdecken, egal ob in gro\u00dfen R\u00e4umen oder engen Fluren.<\/p>\n<p>Mit dem neuen pyroelektrischen Element im FLX-S-DT erhalten Sie eine \u00fcberlegene Haustiertoleranz und eine verbesserte Leistung beim Fangen von Menschen, sodass Sie die Bewegungen kleinerer Haustiere einfacher ignorieren k\u00f6nnen, ohne die Sicherheit zu beeintr\u00e4chtigen.<\/p>\n<p>Dies macht den Sensor besonders n\u00fctzlich in Haushalten mit Haustieren, wo Fehlalarme bei herk\u00f6mmlichen Detektoren ein Problem darstellen k\u00f6nnen.<\/p>\n<p>Optex FLX-S-DT verf\u00fcgt au\u00dferdem \u00fcber eine erweiterte Anti-Jamming-Funktion und eine verbesserte LED-Anzeige, die es dem Benutzer erleichtert, den Ger\u00e4testatus auch aus gro\u00dfer Entfernung zu erkennen.<\/p>\n<p>Es nutzt au\u00dferdem den patentierten SMDA-Algorithmus, der dem Sensor hilft, Umgebungsver\u00e4nderungen zu verstehen und zu analysieren und Fehlalarmursachen wie Lichtreflexionen oder Schatten effektiv zu beseitigen.<\/p>\n<p>Die Installation des FLX-S-DT ist einfach und schnell und der Melder kann je nach Bedarf an einer Wand oder Decke montiert werden.<\/p>\n<p>Mit seiner robusten Konstruktion und der F\u00e4higkeit, die Erkennung an unterschiedliche Umgebungen und spezifische Benutzerbed\u00fcrfnisse anzupassen, eignet sich dieser PIR-Sensor sowohl f\u00fcr Privath\u00e4user als auch f\u00fcr kleine Gewerbeimmobilien.<\/p>\n<p>Dar\u00fcber hinaus verf\u00fcgt es \u00fcber eine lange Lebensdauer und kann in einer H\u00f6he zwischen 2 und 3 Metern installiert werden, was es zu einer flexiblen L\u00f6sung f\u00fcr vielf\u00e4ltige Sicherheitsanforderungen macht.<\/p>\n<p><strong>Technische Spezifikationen:<\/strong><\/p>\n<ul>\n<li><strong>Erkennungstechnologie:<\/strong> PIR- und Mikrowellenerkennung (Dual-Tech)<\/li>\n<li><strong>Erfassungsbereich:<\/strong> Bis zu 12 Meter breit, 18 Meter schmal<\/li>\n<li><strong>Drehbare Linse:<\/strong> Ja, zur Anpassung des Erfassungsbereichs<\/li>\n<li><strong>Haustiertoleranz:<\/strong> Ja, mit verbessertem pyroelektrischen Element<\/li>\n<li><strong>Montageh\u00f6he:<\/strong> 2\u20133 Meter<\/li>\n<li><strong>Merkmale:<\/strong> SMDA-Algorithmus zur Minimierung von Fehlalarmen, Anti-Jamming-System, LED-Statusanzeige<\/li>\n<li><strong>Stromversorgung:<\/strong> 12V Gleichstrom<\/li>\n<li><strong>Temperaturbereich:<\/strong> -20\u00b0C bis +50\u00b0C<\/li>\n<\/ul>","protected":false},"excerpt":{"rendered":"<p>Optex FLX-S-DT ist ein fortschrittlicher PIR-Melder mit Dual-Technologie (PIR + Mikrowellenerkennung) f\u00fcr den Innenbereich.<\/p>\n<p>Ausgestattet mit einer drehbaren Linse, mit der Sie den Erfassungsbereich einfach anpassen k\u00f6nnen, ist der Detektor die perfekte Wahl sowohl f\u00fcr private als auch kleine gewerbliche Installationen.<\/p>","protected":false},"featured_media":138481,"template":"","meta":{"_acf_changed":false},"product_brand":[],"product_cat":[1325],"product_tag":[2989,2145,2465],"class_list":{"0":"post-84858","1":"product","2":"type-product","3":"status-publish","4":"has-post-thumbnail","6":"product_cat-larmgivare-skalskydd","7":"product_tag-egen-logo-ej-taggar-kort","8":"product_tag-rorelsedetektor-ir-detektorer","9":"product_tag-sbsc-larmklass2","10":"product_shipping_class-postnord-varubrev","11":"pa_brands-optex","12":"tm-no-options","14":"first","15":"instock","16":"featured","17":"taxable","18":"shipping-taxable","19":"purchasable","20":"product-type-simple"},"acf":[],"_links":{"self":[{"href":"https:\/\/secureus.se\/de\/wp-json\/wp\/v2\/product\/84858","targetHints":{"allow":["GET"]}}],"collection":[{"href":"https:\/\/secureus.se\/de\/wp-json\/wp\/v2\/product"}],"about":[{"href":"https:\/\/secureus.se\/de\/wp-json\/wp\/v2\/types\/product"}],"wp:featuredmedia":[{"embeddable":true,"href":"https:\/\/secureus.se\/de\/wp-json\/wp\/v2\/media\/138481"}],"wp:attachment":[{"href":"https:\/\/secureus.se\/de\/wp-json\/wp\/v2\/media?parent=84858"}],"wp:term":[{"taxonomy":"product_brand","embeddable":true,"href":"https:\/\/secureus.se\/de\/wp-json\/wp\/v2\/product_brand?post=84858"},{"taxonomy":"product_cat","embeddable":true,"href":"https:\/\/secureus.se\/de\/wp-json\/wp\/v2\/product_cat?post=84858"},{"taxonomy":"product_tag","embeddable":true,"href":"https:\/\/secureus.se\/de\/wp-json\/wp\/v2\/product_tag?post=84858"}],"curies":[{"name":"wp","href":"https:\/\/api.w.org\/{rel}","templated":true}]}}