{"id":84860,"date":"2023-01-04T17:29:24","date_gmt":"2023-01-04T16:29:24","guid":{"rendered":"https:\/\/secureus.se\/produkt\/optex-pir-mw-cdx-dam-kombi-15x15-meter-antimask-sbsc-klass-3\/"},"modified":"2026-04-01T13:25:55","modified_gmt":"2026-04-01T11:25:55","slug":"optex-cdx-dam-pir-mikrovagsdetektor","status":"publish","type":"product","link":"https:\/\/secureus.se\/de\/optex-cdx-dam-pir-mikrovagsdetektor\/","title":{"rendered":"Optex CDX-DAM-X5 PIR\/Mikrowellenmelder 15 Meter Anti-Maske"},"content":{"rendered":"<h1>Der Optex CDX-DAM PIR-\/Mikrowellenmelder ist eine erstklassige Sicherheitsl\u00f6sung f\u00fcr Bereiche, in denen eine hohe Zuverl\u00e4ssigkeit unerl\u00e4sslich ist.<\/h1>\n<p>Es kombiniert passive Infrarot- (PIR) und Mikrowellentechnologie, um eine genaue und schnelle Bewegungserkennung zu erm\u00f6glichen.<\/p>\n<p>Eines der herausragendsten Merkmale ist die aktive IR-Antimaskierung, die den Detektor vor Versuchen sch\u00fctzt, die Signale zu maskieren oder zu manipulieren, was ihn zur idealen Wahl f\u00fcr Hochsicherheitseinrichtungen macht.<\/p>\n<p>Mit einem Erfassungsbereich von bis zu 15 x 15 Metern bei Breitstrahl und 24 x 2 Metern bei Langstrahl deckt er einen weiten Bereich ab.<\/p>\n<p>Dank der drehbaren Linse kann der Erfassungsbereich an unterschiedliche Installationsanforderungen angepasst werden. Bei Verwendung der Langstrahlfunktion wird das Mikrowellenelement ausgeschaltet, um die Genauigkeit zu maximieren.<\/p>\n<p>Der CDX-DAM ist au\u00dferdem mit einer doppelt leitf\u00e4higen Abschirmung ausgestattet, die vor St\u00f6rungen durch starkes Licht oder HF-St\u00f6rungen sch\u00fctzt und so eine stabile und zuverl\u00e4ssige Erkennung im gesamten \u00dcberwachungsbereich gew\u00e4hrleistet.<\/p>\n<p>Es ist au\u00dferdem mit einem neu entwickelten digitalen Signalprozessor ausgestattet, der die Erkennung und Analyse genauer macht.<\/p>\n<p>F\u00fcr die Installation besteht die M\u00f6glichkeit, EOL-Widerst\u00e4nde (End of Line) zu verwenden, um den Melder einfach an verschiedene Alarmsysteme anzuschlie\u00dfen.<\/p>\n<p>Der Detektor ist au\u00dferdem mit einem Sabotageausgang ausgestattet und kann schnell erkennen, ob jemand versucht, das Ger\u00e4t zu manipulieren.<\/p>\n<p>Die Konstruktion aus Acrylnitril-Kunststoff macht ihn best\u00e4ndig gegen UV-Licht, sodass der Detektor lange wei\u00df bleibt und gut aussieht.<\/p>\n<p><strong>Technische Spezifikationen:<\/strong><\/p>\n<ul>\n<li><strong>Erfassungsbereich:<\/strong> 15 x 15 m breiter Balken, 24 x 2 m langer Balken<\/li>\n<li><strong>Erkennungstechnologie:<\/strong> PIR und Mikrowelle<\/li>\n<li><strong>Temperaturbereich:<\/strong> -10\u00b0C bis +50\u00b0C<\/li>\n<li><strong>Stromversorgung:<\/strong> 9-18 V Gleichstrom<\/li>\n<li><strong>Stromverbrauch:<\/strong> 19-26mA<\/li>\n<li><strong>Alarmausgang:<\/strong> NC 28 V DC 0,2 A max<\/li>\n<li><strong>Sabotageausgang:<\/strong> NC 28 V DC 0,1 A max<\/li>\n<li><strong>Schutzklasse:<\/strong> IP30<\/li>\n<li><strong>Messen:<\/strong> 140 x 70 x 52,3 mm<\/li>\n<li><strong>Gewicht:<\/strong> 180 g<\/li>\n<li><strong>Montage:<\/strong> Wand- oder Deckenmontage, H\u00f6he 2-3 m<\/li>\n<\/ul>","protected":false},"excerpt":{"rendered":"<p>Der Optex CDX-DAM ist ein fortschrittlicher PIR-\/Mikrowellenmelder mit aktiver IR-Antimaskierung, der f\u00fcr Hochsicherheitsumgebungen entwickelt und gem\u00e4\u00df SBSC-Alarmklasse 3 zugelassen ist.<\/p>\n<p>Es bietet eine flexible Erkennung mit einstellbarer Reichweite und kombiniert PIR- und Mikrowellentechnologie, um Fehlalarme zu minimieren.<\/p>","protected":false},"featured_media":141281,"template":"","meta":{"_acf_changed":false},"product_brand":[],"product_cat":[1325],"product_tag":[2146,3067],"class_list":{"0":"post-84860","1":"product","2":"type-product","3":"status-publish","4":"has-post-thumbnail","6":"product_cat-larmgivare-skalskydd","7":"product_tag-rorelsedetektor-kombidetektorer","8":"product_tag-optex-cdx-outlet","9":"product_shipping_class-postnord-varubrev","10":"pa_brands-optex","11":"tm-no-options","13":"first","14":"instock","15":"sale","16":"featured","17":"taxable","18":"shipping-taxable","19":"purchasable","20":"product-type-simple"},"acf":[],"_links":{"self":[{"href":"https:\/\/secureus.se\/de\/wp-json\/wp\/v2\/product\/84860","targetHints":{"allow":["GET"]}}],"collection":[{"href":"https:\/\/secureus.se\/de\/wp-json\/wp\/v2\/product"}],"about":[{"href":"https:\/\/secureus.se\/de\/wp-json\/wp\/v2\/types\/product"}],"wp:featuredmedia":[{"embeddable":true,"href":"https:\/\/secureus.se\/de\/wp-json\/wp\/v2\/media\/141281"}],"wp:attachment":[{"href":"https:\/\/secureus.se\/de\/wp-json\/wp\/v2\/media?parent=84860"}],"wp:term":[{"taxonomy":"product_brand","embeddable":true,"href":"https:\/\/secureus.se\/de\/wp-json\/wp\/v2\/product_brand?post=84860"},{"taxonomy":"product_cat","embeddable":true,"href":"https:\/\/secureus.se\/de\/wp-json\/wp\/v2\/product_cat?post=84860"},{"taxonomy":"product_tag","embeddable":true,"href":"https:\/\/secureus.se\/de\/wp-json\/wp\/v2\/product_tag?post=84860"}],"curies":[{"name":"wp","href":"https:\/\/api.w.org\/{rel}","templated":true}]}}