{"id":85046,"date":"2022-06-28T13:04:54","date_gmt":"2022-06-28T11:04:54","guid":{"rendered":"https:\/\/secureus.se\/produkt\/kabelgenomforing-100-pack\/"},"modified":"2026-04-08T16:48:39","modified_gmt":"2026-04-08T14:48:39","slug":"kabelgenomforing-100-pack","status":"publish","type":"product","link":"https:\/\/secureus.se\/de\/kabelgenomforing-100-pack\/","title":{"rendered":"Kabeleinf\u00fchrung 100 St\u00fcck"},"content":{"rendered":"<p>Kabeleinf\u00fchrung (100er Pack) f\u00fcr z.B. Implementierung von Alarmkabeln in Aluminiumteilen und dergleichen. Bohrerdurchmesser 8 mm, Innendurchmesser 5 mm. L\u00e4nge ca. 8,5 mm und Au\u00dfenma\u00df 10 mm.<\/p>","protected":false},"excerpt":{"rendered":"<p>Kabeleinf\u00fchrung (100er Pack) f\u00fcr z.B. Implementierung von Alarmkabeln in Aluminiumteilen und dergleichen. Bohrerdurchmesser 8 mm, Innendurchmesser 5 mm. L\u00e4nge ca. 8,5 mm und Au\u00dfenma\u00df 10 mm.<\/p>","protected":false},"featured_media":143012,"template":"","meta":{"_acf_changed":false},"product_brand":[],"product_cat":[3085],"product_tag":[2281],"class_list":{"0":"post-85046","1":"product","2":"type-product","3":"status-publish","4":"has-post-thumbnail","6":"product_cat-vibationsdetektorer-glaskrossdetektorer","7":"product_tag-glaskross-lim-tillbehor","8":"product_shipping_class-tunga-paket","9":"pa_brands-alarmtech","10":"pa_farg-vit","11":"tm-no-options","13":"first","14":"instock","15":"sale","16":"taxable","17":"shipping-taxable","18":"purchasable","19":"product-type-simple"},"acf":[],"_links":{"self":[{"href":"https:\/\/secureus.se\/de\/wp-json\/wp\/v2\/product\/85046","targetHints":{"allow":["GET"]}}],"collection":[{"href":"https:\/\/secureus.se\/de\/wp-json\/wp\/v2\/product"}],"about":[{"href":"https:\/\/secureus.se\/de\/wp-json\/wp\/v2\/types\/product"}],"wp:featuredmedia":[{"embeddable":true,"href":"https:\/\/secureus.se\/de\/wp-json\/wp\/v2\/media\/143012"}],"wp:attachment":[{"href":"https:\/\/secureus.se\/de\/wp-json\/wp\/v2\/media?parent=85046"}],"wp:term":[{"taxonomy":"product_brand","embeddable":true,"href":"https:\/\/secureus.se\/de\/wp-json\/wp\/v2\/product_brand?post=85046"},{"taxonomy":"product_cat","embeddable":true,"href":"https:\/\/secureus.se\/de\/wp-json\/wp\/v2\/product_cat?post=85046"},{"taxonomy":"product_tag","embeddable":true,"href":"https:\/\/secureus.se\/de\/wp-json\/wp\/v2\/product_tag?post=85046"}],"curies":[{"name":"wp","href":"https:\/\/api.w.org\/{rel}","templated":true}]}}