{"id":85059,"date":"2022-06-28T13:04:46","date_gmt":"2022-06-28T11:04:46","guid":{"rendered":"https:\/\/secureus.se\/produkt\/akustisk-glaskrossdet-ad800\/"},"modified":"2026-03-26T12:01:55","modified_gmt":"2026-03-26T11:01:55","slug":"akustisk-glaskrossdet-ad800","status":"publish","type":"product","link":"https:\/\/secureus.se\/de\/akustisk-glaskrossdet-ad800\/","title":{"rendered":"Akustischer Glasbrecher. Ad800"},"content":{"rendered":"<p>Akustischer Glasbruchmelder zur Erkennung von Versuchen, ein Fenster oder einen Glasabschnitt einzuschlagen. Der Melder verf\u00fcgt \u00fcber eine digitale Raumkompensation (DRC), was bedeutet, dass er Glasscherben von den meisten anderen St\u00f6rsignalen unterscheiden kann. Hoher Widerstand gegen ungerechtfertigte Alarme. Der \u00dcberwachungsbereich betr\u00e4gt 165\u00b0, sodass ein Melder mehrere Fenster in einem Raum \u00fcberwachen kann. Getestet f\u00fcr verschiedene Glasarten, einschlie\u00dflich Verbundglas. Gerne k\u00f6nnen Sie das Pr\u00fcfger\u00e4t ADT700 als Hilfe bei der Installation und bei der Wartung des Melders nutzen.<\/p>","protected":false},"excerpt":{"rendered":"<p>Akustischer Glasbruchmelder zur Erkennung von Versuchen, ein Fenster oder einen Glasabschnitt einzuschlagen. Der Melder verf\u00fcgt \u00fcber eine digitale Raumkompensation (DRC), was bedeutet, dass er Glasscherben von den meisten anderen St\u00f6rsignalen unterscheiden kann.<\/p>","protected":false},"featured_media":142916,"template":"","meta":{"_acf_changed":false},"product_brand":[],"product_cat":[3085],"product_tag":[2279,2418],"class_list":{"0":"post-85059","1":"product","2":"type-product","3":"status-publish","4":"has-post-thumbnail","6":"product_cat-vibationsdetektorer-glaskrossdetektorer","7":"product_tag-glaskross-akustisk","8":"product_tag-rel-larmgivare","9":"product_shipping_class-postnord-varubrev","10":"pa_brands-alarmtech","11":"pa_farg-vit","12":"tm-no-options","14":"first","15":"instock","16":"sale","17":"featured","18":"taxable","19":"shipping-taxable","20":"purchasable","21":"product-type-simple"},"acf":[],"_links":{"self":[{"href":"https:\/\/secureus.se\/de\/wp-json\/wp\/v2\/product\/85059","targetHints":{"allow":["GET"]}}],"collection":[{"href":"https:\/\/secureus.se\/de\/wp-json\/wp\/v2\/product"}],"about":[{"href":"https:\/\/secureus.se\/de\/wp-json\/wp\/v2\/types\/product"}],"wp:featuredmedia":[{"embeddable":true,"href":"https:\/\/secureus.se\/de\/wp-json\/wp\/v2\/media\/142916"}],"wp:attachment":[{"href":"https:\/\/secureus.se\/de\/wp-json\/wp\/v2\/media?parent=85059"}],"wp:term":[{"taxonomy":"product_brand","embeddable":true,"href":"https:\/\/secureus.se\/de\/wp-json\/wp\/v2\/product_brand?post=85059"},{"taxonomy":"product_cat","embeddable":true,"href":"https:\/\/secureus.se\/de\/wp-json\/wp\/v2\/product_cat?post=85059"},{"taxonomy":"product_tag","embeddable":true,"href":"https:\/\/secureus.se\/de\/wp-json\/wp\/v2\/product_tag?post=85059"}],"curies":[{"name":"wp","href":"https:\/\/api.w.org\/{rel}","templated":true}]}}