{"id":85063,"date":"2022-06-28T13:04:43","date_gmt":"2022-06-28T11:04:43","guid":{"rendered":"https:\/\/secureus.se\/produkt\/limsats-gdk-100\/"},"modified":"2026-04-23T11:33:38","modified_gmt":"2026-04-23T09:33:38","slug":"limsats-gdk-100","status":"publish","type":"product","link":"https:\/\/secureus.se\/de\/limsats-gdk-100\/","title":{"rendered":"Kleberset Gdk 100"},"content":{"rendered":"<p>Das Set enth\u00e4lt Reinigungsmittel, Schleiftuch, H\u00e4rter und Kleber. Der Kleber ist empfindlich gegen\u00fcber UV-Strahlen der Sonne, Temperatur und Luftfeuchtigkeit. Bitte lagern Sie es daher f\u00fcr eine l\u00e4ngere Haltbarkeit gek\u00fchlt im K\u00fchlschrank (laut Hersteller zwischen 8-28 Grad C). Der Kleber ist Loctite 326, der mit dem Aktivator Loctite 7649 aktiviert wird. Vor Gebrauch Sicherheitsdatenblatt beachten.<\/p>","protected":false},"excerpt":{"rendered":"<p>Das Set enth\u00e4lt Reinigungsmittel, Schleiftuch, H\u00e4rter und Kleber. Der Kleber ist empfindlich gegen\u00fcber UV-Strahlen der Sonne, Temperatur und Luftfeuchtigkeit. Bitte lagern Sie es daher f\u00fcr eine l\u00e4ngere Haltbarkeit kalt im K\u00fchlschrank (zwischen 8 und 28 Grad).<\/p>","protected":false},"featured_media":143037,"template":"","meta":{"_acf_changed":false},"product_brand":[],"product_cat":[3085],"product_tag":[2281],"class_list":{"0":"post-85063","1":"product","2":"type-product","3":"status-publish","4":"has-post-thumbnail","6":"product_cat-vibationsdetektorer-glaskrossdetektorer","7":"product_tag-glaskross-lim-tillbehor","8":"product_shipping_class-postnord-varubrev","9":"pa_brands-alarmtech","10":"pa_farg-gra","11":"tm-no-options","13":"first","14":"outofstock","15":"sale","16":"featured","17":"taxable","18":"shipping-taxable","19":"purchasable","20":"product-type-simple"},"acf":[],"_links":{"self":[{"href":"https:\/\/secureus.se\/de\/wp-json\/wp\/v2\/product\/85063","targetHints":{"allow":["GET"]}}],"collection":[{"href":"https:\/\/secureus.se\/de\/wp-json\/wp\/v2\/product"}],"about":[{"href":"https:\/\/secureus.se\/de\/wp-json\/wp\/v2\/types\/product"}],"wp:featuredmedia":[{"embeddable":true,"href":"https:\/\/secureus.se\/de\/wp-json\/wp\/v2\/media\/143037"}],"wp:attachment":[{"href":"https:\/\/secureus.se\/de\/wp-json\/wp\/v2\/media?parent=85063"}],"wp:term":[{"taxonomy":"product_brand","embeddable":true,"href":"https:\/\/secureus.se\/de\/wp-json\/wp\/v2\/product_brand?post=85063"},{"taxonomy":"product_cat","embeddable":true,"href":"https:\/\/secureus.se\/de\/wp-json\/wp\/v2\/product_cat?post=85063"},{"taxonomy":"product_tag","embeddable":true,"href":"https:\/\/secureus.se\/de\/wp-json\/wp\/v2\/product_tag?post=85063"}],"curies":[{"name":"wp","href":"https:\/\/api.w.org\/{rel}","templated":true}]}}